{"id":5666758,"date":"2026-02-03T07:39:36","date_gmt":"2026-02-03T06:39:36","guid":{"rendered":"https:\/\/stoic-curie.212-227-153-4.plesk.page\/product\/hh-skagen-f-1-offshore-schuhe-groesse-41-8-grau\/"},"modified":"2026-02-24T23:35:53","modified_gmt":"2026-02-24T23:35:53","slug":"hh-skagen-f-1-offshore-schuhe-groesse-41-8-grau","status":"publish","type":"product","link":"https:\/\/stoic-curie.212-227-153-4.plesk.page\/de\/product\/hh-skagen-f-1-offshore-schuhe-groesse-41-8-grau\/","title":{"rendered":"Hh Skagen F-1 Offshore Schuhe Gr\u00f6\u00dfe 41 (8) &#8211; Grau"},"content":{"rendered":"<p>Hh Skagen F-1 Offshore Schuhe Gr\u00f6\u00dfe 41 (8) &#8211; Grau &#8211; <\/p>\n<p>Erleben Sie die herausragende Leistung der hochqualitativen Segelsneaker von Helly Hansen. Diese Schuhe verf\u00fcgen \u00fcber ein atmungsaktives, flexibles und nahtloses Design mit hydrophoben und schnell trocknenden Mesh-Konstruktionen. Die Sohle ist so konzipiert, dass sie Ihre F\u00fc\u00dfe vor Deckzubeh\u00f6r und felsigem Untergrund sch\u00fctzt und beinhaltet eine geformte, antibakterielle, herausnehmbare Einlegesohle und eine mediale St\u00fctze mit 2. Dichte f\u00fcr zus\u00e4tzlichen Komfort. Mit einer flexiblen Au\u00dfensohle, die ein multidirektionales Grip-System, Ablaufl\u00f6cher und rutschfeste Gummisohlen beinhaltet, sind diese Schuhe perfekt f\u00fcr jedes Seefahrer-Abenteuer. Klicken Sie hier, um die genaue Gr\u00f6\u00dfe zu \u00fcberpr\u00fcfen:<\/p>\n","protected":false},"excerpt":{"rendered":"<p>Hh Skagen F-1 Offshore Schuhe Gr\u00f6\u00dfe 41 (8) &#8211; Grau &#8211; Erleben Sie die herausragende Leistung der hochqualitativen Segelsneaker von<\/p>\n","protected":false},"featured_media":5665805,"comment_status":"open","ping_status":"closed","template":"","meta":[],"product_brand":[3000],"product_cat":[1573],"product_tag":[],"class_list":{"0":"post-5666758","1":"product","2":"type-product","3":"status-publish","4":"has-post-thumbnail","6":"product_brand-helly-hansen-de","7":"product_cat-nautische-schuhe","9":"first","10":"instock","11":"shipping-taxable","12":"purchasable","13":"product-type-simple"},"_links":{"self":[{"href":"https:\/\/stoic-curie.212-227-153-4.plesk.page\/de\/wp-json\/wp\/v2\/product\/5666758","targetHints":{"allow":["GET"]}}],"collection":[{"href":"https:\/\/stoic-curie.212-227-153-4.plesk.page\/de\/wp-json\/wp\/v2\/product"}],"about":[{"href":"https:\/\/stoic-curie.212-227-153-4.plesk.page\/de\/wp-json\/wp\/v2\/types\/product"}],"replies":[{"embeddable":true,"href":"https:\/\/stoic-curie.212-227-153-4.plesk.page\/de\/wp-json\/wp\/v2\/comments?post=5666758"}],"version-history":[{"count":0,"href":"https:\/\/stoic-curie.212-227-153-4.plesk.page\/de\/wp-json\/wp\/v2\/product\/5666758\/revisions"}],"wp:featuredmedia":[{"embeddable":true,"href":"https:\/\/stoic-curie.212-227-153-4.plesk.page\/de\/wp-json\/wp\/v2\/media\/5665805"}],"wp:attachment":[{"href":"https:\/\/stoic-curie.212-227-153-4.plesk.page\/de\/wp-json\/wp\/v2\/media?parent=5666758"}],"wp:term":[{"taxonomy":"product_brand","embeddable":true,"href":"https:\/\/stoic-curie.212-227-153-4.plesk.page\/de\/wp-json\/wp\/v2\/product_brand?post=5666758"},{"taxonomy":"product_cat","embeddable":true,"href":"https:\/\/stoic-curie.212-227-153-4.plesk.page\/de\/wp-json\/wp\/v2\/product_cat?post=5666758"},{"taxonomy":"product_tag","embeddable":true,"href":"https:\/\/stoic-curie.212-227-153-4.plesk.page\/de\/wp-json\/wp\/v2\/product_tag?post=5666758"}],"curies":[{"name":"wp","href":"https:\/\/api.w.org\/{rel}","templated":true}]}}