{"id":5666759,"date":"2026-02-03T07:39:37","date_gmt":"2026-02-03T06:39:37","guid":{"rendered":"https:\/\/stoic-curie.212-227-153-4.plesk.page\/product\/hh-skagen-f-1-offshore-schuhe-groesse-42-85-grau\/"},"modified":"2026-02-24T23:35:53","modified_gmt":"2026-02-24T23:35:53","slug":"hh-skagen-f-1-offshore-schuhe-groesse-42-85-grau","status":"publish","type":"product","link":"https:\/\/stoic-curie.212-227-153-4.plesk.page\/de\/product\/hh-skagen-f-1-offshore-schuhe-groesse-42-85-grau\/","title":{"rendered":"Hh Skagen F-1 Offshore Schuhe Gr\u00f6\u00dfe 42 (8,5) &#8211; Grau"},"content":{"rendered":"<p>Hh Skagen F-1 Offshore Schuhe Gr\u00f6\u00dfe 42 (8,5) &#8211; Grau &#8211; <\/p>\n<p>Erleben Sie H\u00f6chstleistungen auf dem Wasser mit den Segelschuhen von Helly Hansen. Mit atmungsaktiver, flexibler, nahtloser, hydrophober und schnell trocknender Mesh-Konstruktion bieten diese Schuhe ultimativen Komfort. Die Sohle ist so konstruiert, dass sie Ihre F\u00fc\u00dfe vor Deckhardware und Steinen sch\u00fctzt und verf\u00fcgt \u00fcber eine geformte, antibakterielle, herausnehmbare EVA-Einlegesohle sowie eine Medialposting mit zweiter Dichte. Die flexible Au\u00dfensohle verf\u00fcgt \u00fcber ein multidirektionales Gripsystem, Abflusskan\u00e4le und nicht abf\u00e4rbendes Gummi f\u00fcr optimalen Halt. <a>Klicken Sie hier<\/a>, um die genaue Gr\u00f6\u00dfe zu \u00fcberpr\u00fcfen.<\/p>\n","protected":false},"excerpt":{"rendered":"<p>Hh Skagen F-1 Offshore Schuhe Gr\u00f6\u00dfe 42 (8,5) &#8211; Grau &#8211; Erleben Sie H\u00f6chstleistungen auf dem Wasser mit den Segelschuhen<\/p>\n","protected":false},"featured_media":5665805,"comment_status":"open","ping_status":"closed","template":"","meta":[],"product_brand":[3000],"product_cat":[1573],"product_tag":[],"class_list":{"0":"post-5666759","1":"product","2":"type-product","3":"status-publish","4":"has-post-thumbnail","6":"product_brand-helly-hansen-de","7":"product_cat-nautische-schuhe","9":"first","10":"instock","11":"shipping-taxable","12":"purchasable","13":"product-type-simple"},"_links":{"self":[{"href":"https:\/\/stoic-curie.212-227-153-4.plesk.page\/de\/wp-json\/wp\/v2\/product\/5666759","targetHints":{"allow":["GET"]}}],"collection":[{"href":"https:\/\/stoic-curie.212-227-153-4.plesk.page\/de\/wp-json\/wp\/v2\/product"}],"about":[{"href":"https:\/\/stoic-curie.212-227-153-4.plesk.page\/de\/wp-json\/wp\/v2\/types\/product"}],"replies":[{"embeddable":true,"href":"https:\/\/stoic-curie.212-227-153-4.plesk.page\/de\/wp-json\/wp\/v2\/comments?post=5666759"}],"version-history":[{"count":0,"href":"https:\/\/stoic-curie.212-227-153-4.plesk.page\/de\/wp-json\/wp\/v2\/product\/5666759\/revisions"}],"wp:featuredmedia":[{"embeddable":true,"href":"https:\/\/stoic-curie.212-227-153-4.plesk.page\/de\/wp-json\/wp\/v2\/media\/5665805"}],"wp:attachment":[{"href":"https:\/\/stoic-curie.212-227-153-4.plesk.page\/de\/wp-json\/wp\/v2\/media?parent=5666759"}],"wp:term":[{"taxonomy":"product_brand","embeddable":true,"href":"https:\/\/stoic-curie.212-227-153-4.plesk.page\/de\/wp-json\/wp\/v2\/product_brand?post=5666759"},{"taxonomy":"product_cat","embeddable":true,"href":"https:\/\/stoic-curie.212-227-153-4.plesk.page\/de\/wp-json\/wp\/v2\/product_cat?post=5666759"},{"taxonomy":"product_tag","embeddable":true,"href":"https:\/\/stoic-curie.212-227-153-4.plesk.page\/de\/wp-json\/wp\/v2\/product_tag?post=5666759"}],"curies":[{"name":"wp","href":"https:\/\/api.w.org\/{rel}","templated":true}]}}