{"id":5666763,"date":"2026-02-03T07:39:43","date_gmt":"2026-02-03T06:39:43","guid":{"rendered":"https:\/\/stoic-curie.212-227-153-4.plesk.page\/product\/hh-skagen-f-1-offshore-schuhe-groesse-445-105-grau\/"},"modified":"2026-02-24T23:35:53","modified_gmt":"2026-02-24T23:35:53","slug":"hh-skagen-f-1-offshore-schuhe-groesse-445-105-grau","status":"publish","type":"product","link":"https:\/\/stoic-curie.212-227-153-4.plesk.page\/de\/product\/hh-skagen-f-1-offshore-schuhe-groesse-445-105-grau\/","title":{"rendered":"Hh Skagen F-1 Offshore Schuhe Gr\u00f6\u00dfe 44,5 (10,5) &#8211; Grau"},"content":{"rendered":"<p>Hh Skagen F-1 Offshore Schuhe Gr\u00f6\u00dfe 44,5 (10,5) &#8211; Grau &#8211; <\/p>\n<p>Die hochleistungsf\u00e4higen Segelsneaker von Helly Hansen verf\u00fcgen \u00fcber eine atmungsaktive, flexible, nahtlose, hydrophobe und schnelltrocknende Mesh-Konstruktion. Die Sohle ist so konzipiert, dass sie Ihre F\u00fc\u00dfe vor Deckhardware und felsigen Oberfl\u00e4chen sch\u00fctzt. Sie enth\u00e4lt eine geformte EVA antibakterielle herausnehmbare Einlegesohle und eine medialen Posting der zweiten Dichte f\u00fcr zus\u00e4tzlichen Komfort. Die flexible Au\u00dfensohle bietet ein multidirektionales Grip-System, Entw\u00e4sserungskan\u00e4le und rutschfesten Gummi f\u00fcr \u00fcberlegene Traktion.<\/p>\n<p>Klicken Sie hier, um die genaue Gr\u00f6\u00dfe zu \u00fcberpr\u00fcfen:<\/p>\n","protected":false},"excerpt":{"rendered":"<p>Hh Skagen F-1 Offshore Schuhe Gr\u00f6\u00dfe 44,5 (10,5) &#8211; Grau &#8211; Die hochleistungsf\u00e4higen Segelsneaker von Helly Hansen verf\u00fcgen \u00fcber eine<\/p>\n","protected":false},"featured_media":5665805,"comment_status":"open","ping_status":"closed","template":"","meta":[],"product_brand":[3000],"product_cat":[1573],"product_tag":[],"class_list":{"0":"post-5666763","1":"product","2":"type-product","3":"status-publish","4":"has-post-thumbnail","6":"product_brand-helly-hansen-de","7":"product_cat-nautische-schuhe","9":"first","10":"instock","11":"shipping-taxable","12":"purchasable","13":"product-type-simple"},"_links":{"self":[{"href":"https:\/\/stoic-curie.212-227-153-4.plesk.page\/de\/wp-json\/wp\/v2\/product\/5666763","targetHints":{"allow":["GET"]}}],"collection":[{"href":"https:\/\/stoic-curie.212-227-153-4.plesk.page\/de\/wp-json\/wp\/v2\/product"}],"about":[{"href":"https:\/\/stoic-curie.212-227-153-4.plesk.page\/de\/wp-json\/wp\/v2\/types\/product"}],"replies":[{"embeddable":true,"href":"https:\/\/stoic-curie.212-227-153-4.plesk.page\/de\/wp-json\/wp\/v2\/comments?post=5666763"}],"version-history":[{"count":0,"href":"https:\/\/stoic-curie.212-227-153-4.plesk.page\/de\/wp-json\/wp\/v2\/product\/5666763\/revisions"}],"wp:featuredmedia":[{"embeddable":true,"href":"https:\/\/stoic-curie.212-227-153-4.plesk.page\/de\/wp-json\/wp\/v2\/media\/5665805"}],"wp:attachment":[{"href":"https:\/\/stoic-curie.212-227-153-4.plesk.page\/de\/wp-json\/wp\/v2\/media?parent=5666763"}],"wp:term":[{"taxonomy":"product_brand","embeddable":true,"href":"https:\/\/stoic-curie.212-227-153-4.plesk.page\/de\/wp-json\/wp\/v2\/product_brand?post=5666763"},{"taxonomy":"product_cat","embeddable":true,"href":"https:\/\/stoic-curie.212-227-153-4.plesk.page\/de\/wp-json\/wp\/v2\/product_cat?post=5666763"},{"taxonomy":"product_tag","embeddable":true,"href":"https:\/\/stoic-curie.212-227-153-4.plesk.page\/de\/wp-json\/wp\/v2\/product_tag?post=5666763"}],"curies":[{"name":"wp","href":"https:\/\/api.w.org\/{rel}","templated":true}]}}