{"id":5666766,"date":"2026-02-03T07:39:47","date_gmt":"2026-02-03T06:39:47","guid":{"rendered":"https:\/\/stoic-curie.212-227-153-4.plesk.page\/product\/hh-skagen-f-1-offshore-schuhe-damen-groesse-37-6-farbe-blau-marine\/"},"modified":"2026-02-24T23:35:53","modified_gmt":"2026-02-24T23:35:53","slug":"hh-skagen-f-1-offshore-schuhe-damen-groesse-37-6-farbe-blau-marine","status":"publish","type":"product","link":"https:\/\/stoic-curie.212-227-153-4.plesk.page\/de\/product\/hh-skagen-f-1-offshore-schuhe-damen-groesse-37-6-farbe-blau-marine\/","title":{"rendered":"Hh Skagen F-1 Offshore Schuhe Damen Gr\u00f6\u00dfe 37 (6) Farbe Blau Marine"},"content":{"rendered":"<p>Hh Skagen F-1 Offshore Schuhe Damen Gr\u00f6\u00dfe 37 (6) Farbe Blau Marine &#8211; <\/p>\n<p>Helly Hansen Hochleistungs-Segelsneaker mit atmungsaktiver, flexibler, nahtloser, hydrophober und schnell trocknender Mesh-Konstruktion. Die Sohle ist so gestaltet, dass sie die F\u00fc\u00dfe sowohl vor Hardware auf dem Deck als auch vor Felsen sch\u00fctzt, mit herausnehmbarem, antibakteriellem EVA-Einlegesohle und einer medialen Unterst\u00fctzung mit zweiter Dichte. Flexibler Au\u00dfensohle mit multidirektionalem Griffsysten, Entw\u00e4sserungskan\u00e4len und rutschfestem Gummi.<\/p>\n","protected":false},"excerpt":{"rendered":"<p>Hh Skagen F-1 Offshore Schuhe Damen Gr\u00f6\u00dfe 37 (6) Farbe Blau Marine &#8211; Helly Hansen Hochleistungs-Segelsneaker mit atmungsaktiver, flexibler, nahtloser,<\/p>\n","protected":false},"featured_media":5665967,"comment_status":"open","ping_status":"closed","template":"","meta":[],"product_brand":[3000],"product_cat":[1573],"product_tag":[],"class_list":{"0":"post-5666766","1":"product","2":"type-product","3":"status-publish","4":"has-post-thumbnail","6":"product_brand-helly-hansen-de","7":"product_cat-nautische-schuhe","9":"first","10":"instock","11":"shipping-taxable","12":"purchasable","13":"product-type-simple"},"_links":{"self":[{"href":"https:\/\/stoic-curie.212-227-153-4.plesk.page\/de\/wp-json\/wp\/v2\/product\/5666766","targetHints":{"allow":["GET"]}}],"collection":[{"href":"https:\/\/stoic-curie.212-227-153-4.plesk.page\/de\/wp-json\/wp\/v2\/product"}],"about":[{"href":"https:\/\/stoic-curie.212-227-153-4.plesk.page\/de\/wp-json\/wp\/v2\/types\/product"}],"replies":[{"embeddable":true,"href":"https:\/\/stoic-curie.212-227-153-4.plesk.page\/de\/wp-json\/wp\/v2\/comments?post=5666766"}],"version-history":[{"count":0,"href":"https:\/\/stoic-curie.212-227-153-4.plesk.page\/de\/wp-json\/wp\/v2\/product\/5666766\/revisions"}],"wp:featuredmedia":[{"embeddable":true,"href":"https:\/\/stoic-curie.212-227-153-4.plesk.page\/de\/wp-json\/wp\/v2\/media\/5665967"}],"wp:attachment":[{"href":"https:\/\/stoic-curie.212-227-153-4.plesk.page\/de\/wp-json\/wp\/v2\/media?parent=5666766"}],"wp:term":[{"taxonomy":"product_brand","embeddable":true,"href":"https:\/\/stoic-curie.212-227-153-4.plesk.page\/de\/wp-json\/wp\/v2\/product_brand?post=5666766"},{"taxonomy":"product_cat","embeddable":true,"href":"https:\/\/stoic-curie.212-227-153-4.plesk.page\/de\/wp-json\/wp\/v2\/product_cat?post=5666766"},{"taxonomy":"product_tag","embeddable":true,"href":"https:\/\/stoic-curie.212-227-153-4.plesk.page\/de\/wp-json\/wp\/v2\/product_tag?post=5666766"}],"curies":[{"name":"wp","href":"https:\/\/api.w.org\/{rel}","templated":true}]}}