{"id":5666767,"date":"2026-02-03T07:39:48","date_gmt":"2026-02-03T06:39:48","guid":{"rendered":"https:\/\/stoic-curie.212-227-153-4.plesk.page\/product\/hh-skagen-f-1-offshore-schuhe-fuer-damen-groesse-375-65-farbe-marineblau\/"},"modified":"2026-02-24T23:35:53","modified_gmt":"2026-02-24T23:35:53","slug":"hh-skagen-f-1-offshore-schuhe-fuer-damen-groesse-375-65-farbe-marineblau","status":"publish","type":"product","link":"https:\/\/stoic-curie.212-227-153-4.plesk.page\/de\/product\/hh-skagen-f-1-offshore-schuhe-fuer-damen-groesse-375-65-farbe-marineblau\/","title":{"rendered":"Hh Skagen F-1 Offshore Schuhe f\u00fcr Damen &#8211; Gr\u00f6\u00dfe 37,5 (6,5) &#8211; Farbe: Marineblau"},"content":{"rendered":"<p>Hh Skagen F-1 Offshore Schuhe f\u00fcr Damen &#8211; Gr\u00f6\u00dfe 37,5 (6,5) &#8211; Farbe: Marineblau &#8211; <\/p>\n<p>Erleben Sie erstklassige Segelleistung mit den Hochleistungssneakern von Helly Hansen. Diese Schuhe besitzen eine atmungsaktive, flexible, nahtlose, hydrophobe Mesh-Konstruktion, die f\u00fcr schnelles Trocknen sorgt. Die Sohle ist so konzipiert, dass sie Ihre F\u00fc\u00dfe vor Deckbeschl\u00e4gen und steinigen Oberfl\u00e4chen sch\u00fctzt und wird durch eine geformte, antibakterielle EVA- herausnehmbare Einlegesohle und eine mediale Post von 2. Dichte erg\u00e4nzt. Die flexible Au\u00dfensohle enth\u00e4lt ein multidirektionales Griffsystem, Ablasskan\u00e4le und gummiertes Material, das keine Abdr\u00fccke hinterl\u00e4sst, f\u00fcr hervorragende Haftung. <br \/> Klicken Sie hier, um die genaue Gr\u00f6\u00dfe zu \u00fcberpr\u00fcfen:<\/p>\n","protected":false},"excerpt":{"rendered":"<p>Hh Skagen F-1 Offshore Schuhe f\u00fcr Damen &#8211; Gr\u00f6\u00dfe 37,5 (6,5) &#8211; Farbe: Marineblau &#8211; Erleben Sie erstklassige Segelleistung mit<\/p>\n","protected":false},"featured_media":5665967,"comment_status":"open","ping_status":"closed","template":"","meta":[],"product_brand":[3000],"product_cat":[1573],"product_tag":[],"class_list":{"0":"post-5666767","1":"product","2":"type-product","3":"status-publish","4":"has-post-thumbnail","6":"product_brand-helly-hansen-de","7":"product_cat-nautische-schuhe","9":"first","10":"instock","11":"shipping-taxable","12":"purchasable","13":"product-type-simple"},"_links":{"self":[{"href":"https:\/\/stoic-curie.212-227-153-4.plesk.page\/de\/wp-json\/wp\/v2\/product\/5666767","targetHints":{"allow":["GET"]}}],"collection":[{"href":"https:\/\/stoic-curie.212-227-153-4.plesk.page\/de\/wp-json\/wp\/v2\/product"}],"about":[{"href":"https:\/\/stoic-curie.212-227-153-4.plesk.page\/de\/wp-json\/wp\/v2\/types\/product"}],"replies":[{"embeddable":true,"href":"https:\/\/stoic-curie.212-227-153-4.plesk.page\/de\/wp-json\/wp\/v2\/comments?post=5666767"}],"version-history":[{"count":0,"href":"https:\/\/stoic-curie.212-227-153-4.plesk.page\/de\/wp-json\/wp\/v2\/product\/5666767\/revisions"}],"wp:featuredmedia":[{"embeddable":true,"href":"https:\/\/stoic-curie.212-227-153-4.plesk.page\/de\/wp-json\/wp\/v2\/media\/5665967"}],"wp:attachment":[{"href":"https:\/\/stoic-curie.212-227-153-4.plesk.page\/de\/wp-json\/wp\/v2\/media?parent=5666767"}],"wp:term":[{"taxonomy":"product_brand","embeddable":true,"href":"https:\/\/stoic-curie.212-227-153-4.plesk.page\/de\/wp-json\/wp\/v2\/product_brand?post=5666767"},{"taxonomy":"product_cat","embeddable":true,"href":"https:\/\/stoic-curie.212-227-153-4.plesk.page\/de\/wp-json\/wp\/v2\/product_cat?post=5666767"},{"taxonomy":"product_tag","embeddable":true,"href":"https:\/\/stoic-curie.212-227-153-4.plesk.page\/de\/wp-json\/wp\/v2\/product_tag?post=5666767"}],"curies":[{"name":"wp","href":"https:\/\/api.w.org\/{rel}","templated":true}]}}