{"id":5666768,"date":"2026-02-03T07:39:49","date_gmt":"2026-02-03T06:39:49","guid":{"rendered":"https:\/\/stoic-curie.212-227-153-4.plesk.page\/product\/hh-skagen-f-1-offshore-schuhe-damen-groesse-38-7-farbe-blau-navy\/"},"modified":"2026-02-24T23:35:53","modified_gmt":"2026-02-24T23:35:53","slug":"hh-skagen-f-1-offshore-schuhe-damen-groesse-38-7-farbe-blau-navy","status":"publish","type":"product","link":"https:\/\/stoic-curie.212-227-153-4.plesk.page\/de\/product\/hh-skagen-f-1-offshore-schuhe-damen-groesse-38-7-farbe-blau-navy\/","title":{"rendered":"Hh Skagen F-1 Offshore Schuhe Damen Gr\u00f6\u00dfe 38 (7) Farbe Blau Navy"},"content":{"rendered":"<p>Hh Skagen F-1 Offshore Schuhe Damen Gr\u00f6\u00dfe 38 (7) Farbe Blau Navy &#8211; <\/p>\n<p>Helly Hansen Hochleistungs-Segelschuhe mit atmungsaktiver, flexibler, nahtloser Konstruktion aus hydrophobem und schnell trocknendem Mesh. Die Sohle ist so konzipiert, dass sie die F\u00fc\u00dfe vor Deckzubeh\u00f6r und Felsen sch\u00fctzt, mit einer geformten, antibakteriellen, herausnehmbaren EVA-Einlegesohle und einer zweiten Dichte-Medialst\u00fctze. Die flexible Au\u00dfensohle verf\u00fcgt \u00fcber ein multidirektionales Grip-System, Entw\u00e4sserungskan\u00e4le und strapazierf\u00e4higes Gummi ohne R\u00fcckst\u00e4nde.<\/p>\n<p>klicken Sie hier, um die genaue Gr\u00f6\u00dfe zu \u00fcberpr\u00fcfen:<\/p>\n","protected":false},"excerpt":{"rendered":"<p>Hh Skagen F-1 Offshore Schuhe Damen Gr\u00f6\u00dfe 38 (7) Farbe Blau Navy &#8211; Helly Hansen Hochleistungs-Segelschuhe mit atmungsaktiver, flexibler, nahtloser<\/p>\n","protected":false},"featured_media":5665967,"comment_status":"open","ping_status":"closed","template":"","meta":[],"product_brand":[3000],"product_cat":[1573],"product_tag":[],"class_list":{"0":"post-5666768","1":"product","2":"type-product","3":"status-publish","4":"has-post-thumbnail","6":"product_brand-helly-hansen-de","7":"product_cat-nautische-schuhe","9":"first","10":"instock","11":"shipping-taxable","12":"purchasable","13":"product-type-simple"},"_links":{"self":[{"href":"https:\/\/stoic-curie.212-227-153-4.plesk.page\/de\/wp-json\/wp\/v2\/product\/5666768","targetHints":{"allow":["GET"]}}],"collection":[{"href":"https:\/\/stoic-curie.212-227-153-4.plesk.page\/de\/wp-json\/wp\/v2\/product"}],"about":[{"href":"https:\/\/stoic-curie.212-227-153-4.plesk.page\/de\/wp-json\/wp\/v2\/types\/product"}],"replies":[{"embeddable":true,"href":"https:\/\/stoic-curie.212-227-153-4.plesk.page\/de\/wp-json\/wp\/v2\/comments?post=5666768"}],"version-history":[{"count":0,"href":"https:\/\/stoic-curie.212-227-153-4.plesk.page\/de\/wp-json\/wp\/v2\/product\/5666768\/revisions"}],"wp:featuredmedia":[{"embeddable":true,"href":"https:\/\/stoic-curie.212-227-153-4.plesk.page\/de\/wp-json\/wp\/v2\/media\/5665967"}],"wp:attachment":[{"href":"https:\/\/stoic-curie.212-227-153-4.plesk.page\/de\/wp-json\/wp\/v2\/media?parent=5666768"}],"wp:term":[{"taxonomy":"product_brand","embeddable":true,"href":"https:\/\/stoic-curie.212-227-153-4.plesk.page\/de\/wp-json\/wp\/v2\/product_brand?post=5666768"},{"taxonomy":"product_cat","embeddable":true,"href":"https:\/\/stoic-curie.212-227-153-4.plesk.page\/de\/wp-json\/wp\/v2\/product_cat?post=5666768"},{"taxonomy":"product_tag","embeddable":true,"href":"https:\/\/stoic-curie.212-227-153-4.plesk.page\/de\/wp-json\/wp\/v2\/product_tag?post=5666768"}],"curies":[{"name":"wp","href":"https:\/\/api.w.org\/{rel}","templated":true}]}}