{"id":5666769,"date":"2026-02-03T07:39:50","date_gmt":"2026-02-03T06:39:50","guid":{"rendered":"https:\/\/stoic-curie.212-227-153-4.plesk.page\/product\/hh-skagen-f-1-offshore-schuhe-fuer-damen-groesse-385-75-farbe-marineblau\/"},"modified":"2026-02-24T23:35:53","modified_gmt":"2026-02-24T23:35:53","slug":"hh-skagen-f-1-offshore-schuhe-fuer-damen-groesse-385-75-farbe-marineblau","status":"publish","type":"product","link":"https:\/\/stoic-curie.212-227-153-4.plesk.page\/de\/product\/hh-skagen-f-1-offshore-schuhe-fuer-damen-groesse-385-75-farbe-marineblau\/","title":{"rendered":"Hh Skagen F-1 Offshore Schuhe f\u00fcr Damen Gr\u00f6\u00dfe 38,5 (7,5) Farbe: Marineblau"},"content":{"rendered":"<p>Hh Skagen F-1 Offshore Schuhe f\u00fcr Damen Gr\u00f6\u00dfe 38,5 (7,5) Farbe: Marineblau &#8211; <\/p>\n<p>Hochleistungs-Seilschuhe von Helly Hansen mit atmungsaktiver, flexibler, nahtloser, hydrophober und schnelltrocknender Mesh-Konstruktion. Die Sohle ist so gestaltet, dass sie die F\u00fc\u00dfe vor Deckhardware und Steinen sch\u00fctzt und mit einer geformten EVA antibakteriellen herausnehmbaren Einlegesohle und einer 2. Dichte medialen Einlage ausgestattet ist. Die flexible Au\u00dfensohle bietet ein multidirektionales Grip-System, Entw\u00e4sserungskan\u00e4le und rutschfesten Gummi. <a>Klicken Sie hier, um die genaue Gr\u00f6\u00dfe zu \u00fcberpr\u00fcfen<\/a><\/p>\n","protected":false},"excerpt":{"rendered":"<p>Hh Skagen F-1 Offshore Schuhe f\u00fcr Damen Gr\u00f6\u00dfe 38,5 (7,5) Farbe: Marineblau &#8211; Hochleistungs-Seilschuhe von Helly Hansen mit atmungsaktiver, flexibler,<\/p>\n","protected":false},"featured_media":5665967,"comment_status":"open","ping_status":"closed","template":"","meta":[],"product_brand":[3000],"product_cat":[1573],"product_tag":[],"class_list":{"0":"post-5666769","1":"product","2":"type-product","3":"status-publish","4":"has-post-thumbnail","6":"product_brand-helly-hansen-de","7":"product_cat-nautische-schuhe","9":"first","10":"instock","11":"shipping-taxable","12":"purchasable","13":"product-type-simple"},"_links":{"self":[{"href":"https:\/\/stoic-curie.212-227-153-4.plesk.page\/de\/wp-json\/wp\/v2\/product\/5666769","targetHints":{"allow":["GET"]}}],"collection":[{"href":"https:\/\/stoic-curie.212-227-153-4.plesk.page\/de\/wp-json\/wp\/v2\/product"}],"about":[{"href":"https:\/\/stoic-curie.212-227-153-4.plesk.page\/de\/wp-json\/wp\/v2\/types\/product"}],"replies":[{"embeddable":true,"href":"https:\/\/stoic-curie.212-227-153-4.plesk.page\/de\/wp-json\/wp\/v2\/comments?post=5666769"}],"version-history":[{"count":0,"href":"https:\/\/stoic-curie.212-227-153-4.plesk.page\/de\/wp-json\/wp\/v2\/product\/5666769\/revisions"}],"wp:featuredmedia":[{"embeddable":true,"href":"https:\/\/stoic-curie.212-227-153-4.plesk.page\/de\/wp-json\/wp\/v2\/media\/5665967"}],"wp:attachment":[{"href":"https:\/\/stoic-curie.212-227-153-4.plesk.page\/de\/wp-json\/wp\/v2\/media?parent=5666769"}],"wp:term":[{"taxonomy":"product_brand","embeddable":true,"href":"https:\/\/stoic-curie.212-227-153-4.plesk.page\/de\/wp-json\/wp\/v2\/product_brand?post=5666769"},{"taxonomy":"product_cat","embeddable":true,"href":"https:\/\/stoic-curie.212-227-153-4.plesk.page\/de\/wp-json\/wp\/v2\/product_cat?post=5666769"},{"taxonomy":"product_tag","embeddable":true,"href":"https:\/\/stoic-curie.212-227-153-4.plesk.page\/de\/wp-json\/wp\/v2\/product_tag?post=5666769"}],"curies":[{"name":"wp","href":"https:\/\/api.w.org\/{rel}","templated":true}]}}