{"id":5666770,"date":"2026-02-03T07:39:51","date_gmt":"2026-02-03T06:39:51","guid":{"rendered":"https:\/\/stoic-curie.212-227-153-4.plesk.page\/product\/hh-skagen-f-1-offshore-schuhe-fuer-damen-groesse-395-8-marineblau\/"},"modified":"2026-02-24T23:35:53","modified_gmt":"2026-02-24T23:35:53","slug":"hh-skagen-f-1-offshore-schuhe-fuer-damen-groesse-395-8-marineblau","status":"publish","type":"product","link":"https:\/\/stoic-curie.212-227-153-4.plesk.page\/de\/product\/hh-skagen-f-1-offshore-schuhe-fuer-damen-groesse-395-8-marineblau\/","title":{"rendered":"Hh Skagen F-1 Offshore Schuhe f\u00fcr Damen Gr\u00f6\u00dfe 39,5 (8) &#8211; Marineblau"},"content":{"rendered":"<p>Hh Skagen F-1 Offshore Schuhe f\u00fcr Damen Gr\u00f6\u00dfe 39,5 (8) &#8211; Marineblau &#8211; <\/p>\n<p>Die Hochleistungsschuhe von Helly Hansen f\u00fcr das Segeln verf\u00fcgen \u00fcber eine atmungsaktive, flexible, nahtlose, hydrophobe und schnell trocknende Mesh-Konstruktion. Die Sohle ist so gestaltet, dass sie die F\u00fc\u00dfe vor Deckhardware und Felsen sch\u00fctzt und verf\u00fcgt \u00fcber eine geformte EVA antibakterielle Einlegesohle sowie eine zweite Dichte medialer Beitrag. Die flexible Au\u00dfensohle bietet ein multidirektionales Grip-System, Abflusssysteme und rutschfestes Gummi. Klicken Sie hier, um die genaue Gr\u00f6\u00dfe zu \u00fcberpr\u00fcfen:<\/p>\n","protected":false},"excerpt":{"rendered":"<p>Hh Skagen F-1 Offshore Schuhe f\u00fcr Damen Gr\u00f6\u00dfe 39,5 (8) &#8211; Marineblau &#8211; Die Hochleistungsschuhe von Helly Hansen f\u00fcr das<\/p>\n","protected":false},"featured_media":5665967,"comment_status":"open","ping_status":"closed","template":"","meta":[],"product_brand":[3000],"product_cat":[1573],"product_tag":[],"class_list":{"0":"post-5666770","1":"product","2":"type-product","3":"status-publish","4":"has-post-thumbnail","6":"product_brand-helly-hansen-de","7":"product_cat-nautische-schuhe","9":"first","10":"outofstock","11":"shipping-taxable","12":"purchasable","13":"product-type-simple"},"_links":{"self":[{"href":"https:\/\/stoic-curie.212-227-153-4.plesk.page\/de\/wp-json\/wp\/v2\/product\/5666770","targetHints":{"allow":["GET"]}}],"collection":[{"href":"https:\/\/stoic-curie.212-227-153-4.plesk.page\/de\/wp-json\/wp\/v2\/product"}],"about":[{"href":"https:\/\/stoic-curie.212-227-153-4.plesk.page\/de\/wp-json\/wp\/v2\/types\/product"}],"replies":[{"embeddable":true,"href":"https:\/\/stoic-curie.212-227-153-4.plesk.page\/de\/wp-json\/wp\/v2\/comments?post=5666770"}],"version-history":[{"count":0,"href":"https:\/\/stoic-curie.212-227-153-4.plesk.page\/de\/wp-json\/wp\/v2\/product\/5666770\/revisions"}],"wp:featuredmedia":[{"embeddable":true,"href":"https:\/\/stoic-curie.212-227-153-4.plesk.page\/de\/wp-json\/wp\/v2\/media\/5665967"}],"wp:attachment":[{"href":"https:\/\/stoic-curie.212-227-153-4.plesk.page\/de\/wp-json\/wp\/v2\/media?parent=5666770"}],"wp:term":[{"taxonomy":"product_brand","embeddable":true,"href":"https:\/\/stoic-curie.212-227-153-4.plesk.page\/de\/wp-json\/wp\/v2\/product_brand?post=5666770"},{"taxonomy":"product_cat","embeddable":true,"href":"https:\/\/stoic-curie.212-227-153-4.plesk.page\/de\/wp-json\/wp\/v2\/product_cat?post=5666770"},{"taxonomy":"product_tag","embeddable":true,"href":"https:\/\/stoic-curie.212-227-153-4.plesk.page\/de\/wp-json\/wp\/v2\/product_tag?post=5666770"}],"curies":[{"name":"wp","href":"https:\/\/api.w.org\/{rel}","templated":true}]}}