{"id":5666771,"date":"2026-02-03T07:39:52","date_gmt":"2026-02-03T06:39:52","guid":{"rendered":"https:\/\/stoic-curie.212-227-153-4.plesk.page\/product\/hh-skagen-f-1-offshore-schuhe-fuer-damen-groesse-40-85-marineblau\/"},"modified":"2026-02-24T23:35:53","modified_gmt":"2026-02-24T23:35:53","slug":"hh-skagen-f-1-offshore-schuhe-fuer-damen-groesse-40-85-marineblau","status":"publish","type":"product","link":"https:\/\/stoic-curie.212-227-153-4.plesk.page\/de\/product\/hh-skagen-f-1-offshore-schuhe-fuer-damen-groesse-40-85-marineblau\/","title":{"rendered":"Hh Skagen F-1 Offshore Schuhe f\u00fcr Damen &#8211; Gr\u00f6\u00dfe 40 (8,5) &#8211; Marineblau"},"content":{"rendered":"<p>Hh Skagen F-1 Offshore Schuhe f\u00fcr Damen &#8211; Gr\u00f6\u00dfe 40 (8,5) &#8211; Marineblau &#8211; <\/p>\n<p>Helly Hansen Hochleistungs-Segelsneaker mit atmungsaktiver, flexibler, nahtloser, hydrophober und schnell trocknender Mesh-Konstruktion. Die Sohle sch\u00fctzt die F\u00fc\u00dfe vor Deckhardware und Steinen und verf\u00fcgt \u00fcber eine geformte EVA antibakterielle herausnehmbare Innensohle sowie eine zweite Dichten-Medialverst\u00e4rkung. Die flexible Au\u00dfensohle bietet ein multidirektionales Grip-System, Entw\u00e4sserungskan\u00e4le und rutschfesten Gummi.<\/p>\n<p>Klicken Sie hier, um die genaue Gr\u00f6\u00dfe zu \u00fcberpr\u00fcfen:<\/p>\n","protected":false},"excerpt":{"rendered":"<p>Hh Skagen F-1 Offshore Schuhe f\u00fcr Damen &#8211; Gr\u00f6\u00dfe 40 (8,5) &#8211; Marineblau &#8211; Helly Hansen Hochleistungs-Segelsneaker mit atmungsaktiver, flexibler,<\/p>\n","protected":false},"featured_media":5665967,"comment_status":"open","ping_status":"closed","template":"","meta":[],"product_brand":[3000],"product_cat":[1573],"product_tag":[],"class_list":{"0":"post-5666771","1":"product","2":"type-product","3":"status-publish","4":"has-post-thumbnail","6":"product_brand-helly-hansen-de","7":"product_cat-nautische-schuhe","9":"first","10":"instock","11":"shipping-taxable","12":"purchasable","13":"product-type-simple"},"_links":{"self":[{"href":"https:\/\/stoic-curie.212-227-153-4.plesk.page\/de\/wp-json\/wp\/v2\/product\/5666771","targetHints":{"allow":["GET"]}}],"collection":[{"href":"https:\/\/stoic-curie.212-227-153-4.plesk.page\/de\/wp-json\/wp\/v2\/product"}],"about":[{"href":"https:\/\/stoic-curie.212-227-153-4.plesk.page\/de\/wp-json\/wp\/v2\/types\/product"}],"replies":[{"embeddable":true,"href":"https:\/\/stoic-curie.212-227-153-4.plesk.page\/de\/wp-json\/wp\/v2\/comments?post=5666771"}],"version-history":[{"count":0,"href":"https:\/\/stoic-curie.212-227-153-4.plesk.page\/de\/wp-json\/wp\/v2\/product\/5666771\/revisions"}],"wp:featuredmedia":[{"embeddable":true,"href":"https:\/\/stoic-curie.212-227-153-4.plesk.page\/de\/wp-json\/wp\/v2\/media\/5665967"}],"wp:attachment":[{"href":"https:\/\/stoic-curie.212-227-153-4.plesk.page\/de\/wp-json\/wp\/v2\/media?parent=5666771"}],"wp:term":[{"taxonomy":"product_brand","embeddable":true,"href":"https:\/\/stoic-curie.212-227-153-4.plesk.page\/de\/wp-json\/wp\/v2\/product_brand?post=5666771"},{"taxonomy":"product_cat","embeddable":true,"href":"https:\/\/stoic-curie.212-227-153-4.plesk.page\/de\/wp-json\/wp\/v2\/product_cat?post=5666771"},{"taxonomy":"product_tag","embeddable":true,"href":"https:\/\/stoic-curie.212-227-153-4.plesk.page\/de\/wp-json\/wp\/v2\/product_tag?post=5666771"}],"curies":[{"name":"wp","href":"https:\/\/api.w.org\/{rel}","templated":true}]}}