{"id":5666773,"date":"2026-02-03T07:39:54","date_gmt":"2026-02-03T06:39:54","guid":{"rendered":"https:\/\/stoic-curie.212-227-153-4.plesk.page\/product\/hh-skagen-f-1-offshore-schuhe-fuer-damen-groesse-41-95-marineblau\/"},"modified":"2026-02-24T23:35:53","modified_gmt":"2026-02-24T23:35:53","slug":"hh-skagen-f-1-offshore-schuhe-fuer-damen-groesse-41-95-marineblau","status":"publish","type":"product","link":"https:\/\/stoic-curie.212-227-153-4.plesk.page\/de\/product\/hh-skagen-f-1-offshore-schuhe-fuer-damen-groesse-41-95-marineblau\/","title":{"rendered":"Hh Skagen F-1 Offshore Schuhe f\u00fcr Damen Gr\u00f6\u00dfe 41 (9,5) &#8211; Marineblau"},"content":{"rendered":"<p>Hh Skagen F-1 Offshore Schuhe f\u00fcr Damen Gr\u00f6\u00dfe 41 (9,5) &#8211; Marineblau &#8211; <\/p>\n<p>Der hochleistungsf\u00e4hige Segelsneaker von Helly Hansen besitzt eine atmungsaktive, flexible, nahtlose, hydrophobe und schnell trocknende Mesh-Konstruktion. Die Sohle sch\u00fctzt Ihre F\u00fc\u00dfe vor Decksbeschl\u00e4gen und Steinen und ist mit einer geformten, antibakteriellen, herausnehmbaren Einlegesohle sowie einer zweiten Dichte medialen St\u00fctze ausgestattet. Mit einer flexiblen Au\u00dfensohle, die ein multidirektionales Grip-System, Ablaufl\u00f6cher und rutschfestes Gummi beinhaltet, sind diese Schuhe perfekt f\u00fcr jedes Segelabenteuer. <a>Klicken Sie hier, um die genaue Gr\u00f6\u00dfe zu \u00fcberpr\u00fcfen.<\/a><\/p>\n","protected":false},"excerpt":{"rendered":"<p>Hh Skagen F-1 Offshore Schuhe f\u00fcr Damen Gr\u00f6\u00dfe 41 (9,5) &#8211; Marineblau &#8211; Der hochleistungsf\u00e4hige Segelsneaker von Helly Hansen besitzt<\/p>\n","protected":false},"featured_media":5665967,"comment_status":"open","ping_status":"closed","template":"","meta":[],"product_brand":[3000],"product_cat":[1573],"product_tag":[],"class_list":{"0":"post-5666773","1":"product","2":"type-product","3":"status-publish","4":"has-post-thumbnail","6":"product_brand-helly-hansen-de","7":"product_cat-nautische-schuhe","9":"first","10":"instock","11":"shipping-taxable","12":"purchasable","13":"product-type-simple"},"_links":{"self":[{"href":"https:\/\/stoic-curie.212-227-153-4.plesk.page\/de\/wp-json\/wp\/v2\/product\/5666773","targetHints":{"allow":["GET"]}}],"collection":[{"href":"https:\/\/stoic-curie.212-227-153-4.plesk.page\/de\/wp-json\/wp\/v2\/product"}],"about":[{"href":"https:\/\/stoic-curie.212-227-153-4.plesk.page\/de\/wp-json\/wp\/v2\/types\/product"}],"replies":[{"embeddable":true,"href":"https:\/\/stoic-curie.212-227-153-4.plesk.page\/de\/wp-json\/wp\/v2\/comments?post=5666773"}],"version-history":[{"count":0,"href":"https:\/\/stoic-curie.212-227-153-4.plesk.page\/de\/wp-json\/wp\/v2\/product\/5666773\/revisions"}],"wp:featuredmedia":[{"embeddable":true,"href":"https:\/\/stoic-curie.212-227-153-4.plesk.page\/de\/wp-json\/wp\/v2\/media\/5665967"}],"wp:attachment":[{"href":"https:\/\/stoic-curie.212-227-153-4.plesk.page\/de\/wp-json\/wp\/v2\/media?parent=5666773"}],"wp:term":[{"taxonomy":"product_brand","embeddable":true,"href":"https:\/\/stoic-curie.212-227-153-4.plesk.page\/de\/wp-json\/wp\/v2\/product_brand?post=5666773"},{"taxonomy":"product_cat","embeddable":true,"href":"https:\/\/stoic-curie.212-227-153-4.plesk.page\/de\/wp-json\/wp\/v2\/product_cat?post=5666773"},{"taxonomy":"product_tag","embeddable":true,"href":"https:\/\/stoic-curie.212-227-153-4.plesk.page\/de\/wp-json\/wp\/v2\/product_tag?post=5666773"}],"curies":[{"name":"wp","href":"https:\/\/api.w.org\/{rel}","templated":true}]}}