{"id":5666777,"date":"2026-02-03T07:39:58","date_gmt":"2026-02-03T06:39:58","guid":{"rendered":"https:\/\/stoic-curie.212-227-153-4.plesk.page\/product\/kohlenwasserstoff-absorberrolle\/"},"modified":"2026-02-24T23:36:15","modified_gmt":"2026-02-24T23:36:15","slug":"kohlenwasserstoff-absorberrolle","status":"publish","type":"product","link":"https:\/\/stoic-curie.212-227-153-4.plesk.page\/de\/product\/kohlenwasserstoff-absorberrolle\/","title":{"rendered":"Kohlenwasserstoff-Absorberrolle"},"content":{"rendered":"<p>Kohlenwasserstoff-Absorberrolle &#8211; <\/p>\n<p>Einweg-Absorberpads aus einem speziellen Material, das effektiv \u00d6l und Kohlenwasserstoffe absorbiert, w\u00e4hrend es Wasser abweist. Jede Rolle enth\u00e4lt 120 perforierte Bl\u00e4tter, die jeweils 40&#215;50 cm gro\u00df und 3 mm dick sind. Ideal f\u00fcr den Einsatz in Bilgen, Motorr\u00e4umen und bei \u00d6l- oder Kraftstoffverschmutzungen.<\/p>\n","protected":false},"excerpt":{"rendered":"<p>Kohlenwasserstoff-Absorberrolle &#8211; Einweg-Absorberpads aus einem speziellen Material, das effektiv \u00d6l und Kohlenwasserstoffe absorbiert, w\u00e4hrend es Wasser abweist. Jede Rolle enth\u00e4lt<\/p>\n","protected":false},"featured_media":5666034,"comment_status":"open","ping_status":"closed","template":"","meta":[],"product_brand":[3205],"product_cat":[1343],"product_tag":[],"class_list":{"0":"post-5666777","1":"product","2":"type-product","3":"status-publish","4":"has-post-thumbnail","6":"product_brand-nova-argonautica-de","7":"product_cat-oel-und-kraftstoffabsorber","9":"first","10":"instock","11":"shipping-taxable","12":"purchasable","13":"product-type-simple"},"_links":{"self":[{"href":"https:\/\/stoic-curie.212-227-153-4.plesk.page\/de\/wp-json\/wp\/v2\/product\/5666777","targetHints":{"allow":["GET"]}}],"collection":[{"href":"https:\/\/stoic-curie.212-227-153-4.plesk.page\/de\/wp-json\/wp\/v2\/product"}],"about":[{"href":"https:\/\/stoic-curie.212-227-153-4.plesk.page\/de\/wp-json\/wp\/v2\/types\/product"}],"replies":[{"embeddable":true,"href":"https:\/\/stoic-curie.212-227-153-4.plesk.page\/de\/wp-json\/wp\/v2\/comments?post=5666777"}],"version-history":[{"count":0,"href":"https:\/\/stoic-curie.212-227-153-4.plesk.page\/de\/wp-json\/wp\/v2\/product\/5666777\/revisions"}],"wp:featuredmedia":[{"embeddable":true,"href":"https:\/\/stoic-curie.212-227-153-4.plesk.page\/de\/wp-json\/wp\/v2\/media\/5666034"}],"wp:attachment":[{"href":"https:\/\/stoic-curie.212-227-153-4.plesk.page\/de\/wp-json\/wp\/v2\/media?parent=5666777"}],"wp:term":[{"taxonomy":"product_brand","embeddable":true,"href":"https:\/\/stoic-curie.212-227-153-4.plesk.page\/de\/wp-json\/wp\/v2\/product_brand?post=5666777"},{"taxonomy":"product_cat","embeddable":true,"href":"https:\/\/stoic-curie.212-227-153-4.plesk.page\/de\/wp-json\/wp\/v2\/product_cat?post=5666777"},{"taxonomy":"product_tag","embeddable":true,"href":"https:\/\/stoic-curie.212-227-153-4.plesk.page\/de\/wp-json\/wp\/v2\/product_tag?post=5666777"}],"curies":[{"name":"wp","href":"https:\/\/api.w.org\/{rel}","templated":true}]}}