{"id":5666778,"date":"2026-02-03T07:39:59","date_gmt":"2026-02-03T06:39:59","guid":{"rendered":"https:\/\/stoic-curie.212-227-153-4.plesk.page\/product\/bilge-alert-hochwasseralarm-mit-sensor-spx-34-72303\/"},"modified":"2026-02-24T23:36:22","modified_gmt":"2026-02-24T23:36:22","slug":"bilge-alert-hochwasseralarm-mit-sensor-spx-34-72303","status":"publish","type":"product","link":"https:\/\/stoic-curie.212-227-153-4.plesk.page\/de\/product\/bilge-alert-hochwasseralarm-mit-sensor-spx-34-72303\/","title":{"rendered":"Bilge Alert &#8211; Hochwasseralarm mit Sensor SPX 34-72303"},"content":{"rendered":"<p>Bilge Alert &#8211; Hochwasseralarm mit Sensor SPX 34-72303 &#8211; <\/p>\n<p>Die Bilge Alert Hochwassererkennung Alarm nutzt Effektfeldtechnologie, um das Vorhandensein von Fl\u00fcssigkeit zu erkennen. Dieser Detektor ist \u00e4u\u00dferst zuverl\u00e4ssig und langlebig und nutzt fortschrittliche Sensortechnologie. Ein Alarm von 100 dB wird nach einer Verz\u00f6gerung von 8 Sekunden aktiviert, sobald er mit Wasser in Ber\u00fchrung kommt.<\/p>\n","protected":false},"excerpt":{"rendered":"<p>Bilge Alert &#8211; Hochwasseralarm mit Sensor SPX 34-72303 &#8211; Die Bilge Alert Hochwassererkennung Alarm nutzt Effektfeldtechnologie, um das Vorhandensein von<\/p>\n","protected":false},"featured_media":5666039,"comment_status":"open","ping_status":"closed","template":"","meta":[],"product_brand":[3045],"product_cat":[1372],"product_tag":[],"class_list":{"0":"post-5666778","1":"product","2":"type-product","3":"status-publish","4":"has-post-thumbnail","6":"product_brand-johnson-marine-de","7":"product_cat-elektrische-bilgepumpen","9":"first","10":"instock","11":"shipping-taxable","12":"purchasable","13":"product-type-simple"},"_links":{"self":[{"href":"https:\/\/stoic-curie.212-227-153-4.plesk.page\/de\/wp-json\/wp\/v2\/product\/5666778","targetHints":{"allow":["GET"]}}],"collection":[{"href":"https:\/\/stoic-curie.212-227-153-4.plesk.page\/de\/wp-json\/wp\/v2\/product"}],"about":[{"href":"https:\/\/stoic-curie.212-227-153-4.plesk.page\/de\/wp-json\/wp\/v2\/types\/product"}],"replies":[{"embeddable":true,"href":"https:\/\/stoic-curie.212-227-153-4.plesk.page\/de\/wp-json\/wp\/v2\/comments?post=5666778"}],"version-history":[{"count":0,"href":"https:\/\/stoic-curie.212-227-153-4.plesk.page\/de\/wp-json\/wp\/v2\/product\/5666778\/revisions"}],"wp:featuredmedia":[{"embeddable":true,"href":"https:\/\/stoic-curie.212-227-153-4.plesk.page\/de\/wp-json\/wp\/v2\/media\/5666039"}],"wp:attachment":[{"href":"https:\/\/stoic-curie.212-227-153-4.plesk.page\/de\/wp-json\/wp\/v2\/media?parent=5666778"}],"wp:term":[{"taxonomy":"product_brand","embeddable":true,"href":"https:\/\/stoic-curie.212-227-153-4.plesk.page\/de\/wp-json\/wp\/v2\/product_brand?post=5666778"},{"taxonomy":"product_cat","embeddable":true,"href":"https:\/\/stoic-curie.212-227-153-4.plesk.page\/de\/wp-json\/wp\/v2\/product_cat?post=5666778"},{"taxonomy":"product_tag","embeddable":true,"href":"https:\/\/stoic-curie.212-227-153-4.plesk.page\/de\/wp-json\/wp\/v2\/product_tag?post=5666778"}],"curies":[{"name":"wp","href":"https:\/\/api.w.org\/{rel}","templated":true}]}}