{"id":5720044,"date":"2026-02-04T09:53:33","date_gmt":"2026-02-04T08:53:33","guid":{"rendered":"https:\/\/stoic-curie.212-227-153-4.plesk.page\/product\/ocean-zerkleinerungspumpe-v12\/"},"modified":"2026-02-24T23:35:28","modified_gmt":"2026-02-24T23:35:28","slug":"ocean-zerkleinerungspumpe-v12","status":"publish","type":"product","link":"https:\/\/stoic-curie.212-227-153-4.plesk.page\/de\/product\/ocean-zerkleinerungspumpe-v12\/","title":{"rendered":"Ocean Zerkleinerungspumpe V12"},"content":{"rendered":"<p>Ocean Zerkleinerungspumpe V12 &#8211; <\/p>\n<div>\n<div><font><span>Die Ocean Zerkleinerungspumpe mit Kopf aus duroplastischem Polymer ist ideal f\u00fcr Tanks und Toilettensp\u00fclungen.<\/span><\/font><span>\u00a0Diese Pumpe f\u00f6rdert selbst bis zu 2 m, mit einer vertikalen F\u00f6rderh\u00f6he von bis zu 5 m.<\/span><\/div>\n<p><font><span>Ein rotierendes Schneidewerkzeug zerkleinert den Abfall, bevor er in den Lagertank gepumpt wird oder aus diesem entnommen wird.<\/span><\/font><br \/><font><span>Hinweis: Die Pumpe sollte so nah wie m\u00f6glich am Entladeauslass des Lagertanks angeschlossen werden.<\/span><\/font><br \/><font><span>Eingang \u00d8 38 mm \/ Ausgang \u00d8 25 mm.<\/span><\/font><\/div>\n","protected":false},"excerpt":{"rendered":"<p>Ocean Zerkleinerungspumpe V12 &#8211; Die Ocean Zerkleinerungspumpe mit Kopf aus duroplastischem Polymer ist ideal f\u00fcr Tanks und Toilettensp\u00fclungen.\u00a0Diese Pumpe f\u00f6rdert<\/p>\n","protected":false},"featured_media":5718803,"comment_status":"open","ping_status":"closed","template":"","meta":[],"product_brand":[3140],"product_cat":[1385,1388],"product_tag":[],"class_list":{"0":"post-5720044","1":"product","2":"type-product","3":"status-publish","4":"has-post-thumbnail","6":"product_brand-matromarine-de","7":"product_cat-abwasserpumpen","8":"product_cat-marine-wcs","10":"first","11":"instock","12":"shipping-taxable","13":"purchasable","14":"product-type-simple"},"_links":{"self":[{"href":"https:\/\/stoic-curie.212-227-153-4.plesk.page\/de\/wp-json\/wp\/v2\/product\/5720044","targetHints":{"allow":["GET"]}}],"collection":[{"href":"https:\/\/stoic-curie.212-227-153-4.plesk.page\/de\/wp-json\/wp\/v2\/product"}],"about":[{"href":"https:\/\/stoic-curie.212-227-153-4.plesk.page\/de\/wp-json\/wp\/v2\/types\/product"}],"replies":[{"embeddable":true,"href":"https:\/\/stoic-curie.212-227-153-4.plesk.page\/de\/wp-json\/wp\/v2\/comments?post=5720044"}],"version-history":[{"count":0,"href":"https:\/\/stoic-curie.212-227-153-4.plesk.page\/de\/wp-json\/wp\/v2\/product\/5720044\/revisions"}],"wp:featuredmedia":[{"embeddable":true,"href":"https:\/\/stoic-curie.212-227-153-4.plesk.page\/de\/wp-json\/wp\/v2\/media\/5718803"}],"wp:attachment":[{"href":"https:\/\/stoic-curie.212-227-153-4.plesk.page\/de\/wp-json\/wp\/v2\/media?parent=5720044"}],"wp:term":[{"taxonomy":"product_brand","embeddable":true,"href":"https:\/\/stoic-curie.212-227-153-4.plesk.page\/de\/wp-json\/wp\/v2\/product_brand?post=5720044"},{"taxonomy":"product_cat","embeddable":true,"href":"https:\/\/stoic-curie.212-227-153-4.plesk.page\/de\/wp-json\/wp\/v2\/product_cat?post=5720044"},{"taxonomy":"product_tag","embeddable":true,"href":"https:\/\/stoic-curie.212-227-153-4.plesk.page\/de\/wp-json\/wp\/v2\/product_tag?post=5720044"}],"curies":[{"name":"wp","href":"https:\/\/api.w.org\/{rel}","templated":true}]}}