{"id":5720047,"date":"2026-02-04T09:53:35","date_gmt":"2026-02-04T08:53:35","guid":{"rendered":"https:\/\/stoic-curie.212-227-153-4.plesk.page\/product\/trudesign-kugelhahn-g-1-1-4-gewinde\/"},"modified":"2026-02-24T23:35:28","modified_gmt":"2026-02-24T23:35:28","slug":"trudesign-kugelhahn-g-1-1-4-gewinde","status":"publish","type":"product","link":"https:\/\/stoic-curie.212-227-153-4.plesk.page\/de\/product\/trudesign-kugelhahn-g-1-1-4-gewinde\/","title":{"rendered":"Trudesign Kugelhahn G 1 1\/4 Gewinde"},"content":{"rendered":"<p>Trudesign Kugelhahn G 1 1\/4 Gewinde &#8211; <\/p>\n<p>Der Trudesign Kugelhahn ist aus glasfaserverst\u00e4rktem Verbundmaterial geformt und bietet au\u00dfergew\u00f6hnliche Widerstandsf\u00e4higkeit gegen chemische und galvanische Korrosion sowie Verschlei\u00df und Druck. Er besteht aus ungiftigen Materialien und kann in einem Temperaturbereich von -40\u00b0C bis +110\u00b0C betrieben werden. Dieser Hahn eignet sich f\u00fcr Anwendungen \u00fcber und unter der Wasserlinie.<\/p>\n","protected":false},"excerpt":{"rendered":"<p>Trudesign Kugelhahn G 1 1\/4 Gewinde &#8211; Der Trudesign Kugelhahn ist aus glasfaserverst\u00e4rktem Verbundmaterial geformt und bietet au\u00dfergew\u00f6hnliche Widerstandsf\u00e4higkeit gegen<\/p>\n","protected":false},"featured_media":5665541,"comment_status":"open","ping_status":"closed","template":"","meta":[],"product_brand":[3205],"product_cat":[1374,1383],"product_tag":[],"class_list":{"0":"post-5720047","1":"product","2":"type-product","3":"status-publish","4":"has-post-thumbnail","6":"product_brand-nova-argonautica-de","7":"product_cat-kunststoff-wasserinstallationsarmaturen","8":"product_cat-marine-ventile","10":"first","11":"instock","12":"shipping-taxable","13":"purchasable","14":"product-type-simple"},"_links":{"self":[{"href":"https:\/\/stoic-curie.212-227-153-4.plesk.page\/de\/wp-json\/wp\/v2\/product\/5720047","targetHints":{"allow":["GET"]}}],"collection":[{"href":"https:\/\/stoic-curie.212-227-153-4.plesk.page\/de\/wp-json\/wp\/v2\/product"}],"about":[{"href":"https:\/\/stoic-curie.212-227-153-4.plesk.page\/de\/wp-json\/wp\/v2\/types\/product"}],"replies":[{"embeddable":true,"href":"https:\/\/stoic-curie.212-227-153-4.plesk.page\/de\/wp-json\/wp\/v2\/comments?post=5720047"}],"version-history":[{"count":0,"href":"https:\/\/stoic-curie.212-227-153-4.plesk.page\/de\/wp-json\/wp\/v2\/product\/5720047\/revisions"}],"wp:featuredmedia":[{"embeddable":true,"href":"https:\/\/stoic-curie.212-227-153-4.plesk.page\/de\/wp-json\/wp\/v2\/media\/5665541"}],"wp:attachment":[{"href":"https:\/\/stoic-curie.212-227-153-4.plesk.page\/de\/wp-json\/wp\/v2\/media?parent=5720047"}],"wp:term":[{"taxonomy":"product_brand","embeddable":true,"href":"https:\/\/stoic-curie.212-227-153-4.plesk.page\/de\/wp-json\/wp\/v2\/product_brand?post=5720047"},{"taxonomy":"product_cat","embeddable":true,"href":"https:\/\/stoic-curie.212-227-153-4.plesk.page\/de\/wp-json\/wp\/v2\/product_cat?post=5720047"},{"taxonomy":"product_tag","embeddable":true,"href":"https:\/\/stoic-curie.212-227-153-4.plesk.page\/de\/wp-json\/wp\/v2\/product_tag?post=5720047"}],"curies":[{"name":"wp","href":"https:\/\/api.w.org\/{rel}","templated":true}]}}