{"id":5720064,"date":"2026-02-04T09:53:54","date_gmt":"2026-02-04T08:53:54","guid":{"rendered":"https:\/\/stoic-curie.212-227-153-4.plesk.page\/product\/spx-johnson-aqua-sauerstoffpumpe-modell-500-aqua-flex\/"},"modified":"2026-02-24T23:35:39","modified_gmt":"2026-02-24T23:35:39","slug":"spx-johnson-aqua-sauerstoffpumpe-modell-500-aqua-flex","status":"publish","type":"product","link":"https:\/\/stoic-curie.212-227-153-4.plesk.page\/de\/product\/spx-johnson-aqua-sauerstoffpumpe-modell-500-aqua-flex\/","title":{"rendered":"SPX Johnson Aqua Sauerstoffpumpe Modell 500 Aqua Flex"},"content":{"rendered":"<p>SPX Johnson Aqua Sauerstoffpumpe Modell 500 Aqua Flex &#8211; <\/p>\n<p>Die SPX Johnson Aqua Sauerstoffpumpe f\u00fcr Lebendk\u00f6der ist f\u00fcr au\u00dfergew\u00f6hnliche Qualit\u00e4t und Langlebigkeit konzipiert. Die Pumpe verf\u00fcgt \u00fcber einen abnehmbaren Sockel und Kopf f\u00fcr eine einfache Reinigung. Sie ist mit einer wasserdichten Kabeldurchf\u00fchrung und einem Deutsch-Stecker ausgestattet, um eine schnelle Trennung vom System w\u00e4hrend der Wartung zu erm\u00f6glichen. Das Geh\u00e4use aus Thermoplast enth\u00e4lt einen wassergek\u00fchlten, dichten Motor und eine Welle aus rostfreiem Stahl. Inklusive 3\/4&#8243; Gewindeports mit Fittings. Pumpenma\u00dfe: \u00d880 x H170 mm. Aqua Flex beinhaltet eine 140 mm Durchgangsdurchf\u00fchrung f\u00fcr eine einstellbare Installationswinkel in jeder Position. Aqua Twinport erm\u00f6glicht die Nutzung des gleichen Ansauganschlusses f\u00fcr eine zus\u00e4tzliche Pumpe (z.B. Deckreinigung).<\/p>\n","protected":false},"excerpt":{"rendered":"<p>SPX Johnson Aqua Sauerstoffpumpe Modell 500 Aqua Flex &#8211; Die SPX Johnson Aqua Sauerstoffpumpe f\u00fcr Lebendk\u00f6der ist f\u00fcr au\u00dfergew\u00f6hnliche Qualit\u00e4t<\/p>\n","protected":false},"featured_media":5718843,"comment_status":"open","ping_status":"closed","template":"","meta":[],"product_brand":[3045],"product_cat":[1556],"product_tag":[],"class_list":{"0":"post-5720064","1":"product","2":"type-product","3":"status-publish","4":"has-post-thumbnail","6":"product_brand-johnson-marine-de","7":"product_cat-angelzubehoer","9":"first","10":"instock","11":"shipping-taxable","12":"purchasable","13":"product-type-simple"},"_links":{"self":[{"href":"https:\/\/stoic-curie.212-227-153-4.plesk.page\/de\/wp-json\/wp\/v2\/product\/5720064","targetHints":{"allow":["GET"]}}],"collection":[{"href":"https:\/\/stoic-curie.212-227-153-4.plesk.page\/de\/wp-json\/wp\/v2\/product"}],"about":[{"href":"https:\/\/stoic-curie.212-227-153-4.plesk.page\/de\/wp-json\/wp\/v2\/types\/product"}],"replies":[{"embeddable":true,"href":"https:\/\/stoic-curie.212-227-153-4.plesk.page\/de\/wp-json\/wp\/v2\/comments?post=5720064"}],"version-history":[{"count":0,"href":"https:\/\/stoic-curie.212-227-153-4.plesk.page\/de\/wp-json\/wp\/v2\/product\/5720064\/revisions"}],"wp:featuredmedia":[{"embeddable":true,"href":"https:\/\/stoic-curie.212-227-153-4.plesk.page\/de\/wp-json\/wp\/v2\/media\/5718843"}],"wp:attachment":[{"href":"https:\/\/stoic-curie.212-227-153-4.plesk.page\/de\/wp-json\/wp\/v2\/media?parent=5720064"}],"wp:term":[{"taxonomy":"product_brand","embeddable":true,"href":"https:\/\/stoic-curie.212-227-153-4.plesk.page\/de\/wp-json\/wp\/v2\/product_brand?post=5720064"},{"taxonomy":"product_cat","embeddable":true,"href":"https:\/\/stoic-curie.212-227-153-4.plesk.page\/de\/wp-json\/wp\/v2\/product_cat?post=5720064"},{"taxonomy":"product_tag","embeddable":true,"href":"https:\/\/stoic-curie.212-227-153-4.plesk.page\/de\/wp-json\/wp\/v2\/product_tag?post=5720064"}],"curies":[{"name":"wp","href":"https:\/\/api.w.org\/{rel}","templated":true}]}}