{"id":5720065,"date":"2026-02-04T09:53:55","date_gmt":"2026-02-04T08:53:55","guid":{"rendered":"https:\/\/stoic-curie.212-227-153-4.plesk.page\/product\/spx-johnson-aqua-belueftungspumpe-modell-800-aqua-flex\/"},"modified":"2026-02-24T23:35:39","modified_gmt":"2026-02-24T23:35:39","slug":"spx-johnson-aqua-belueftungspumpe-modell-800-aqua-flex","status":"publish","type":"product","link":"https:\/\/stoic-curie.212-227-153-4.plesk.page\/de\/product\/spx-johnson-aqua-belueftungspumpe-modell-800-aqua-flex\/","title":{"rendered":"SPX Johnson Aqua Bel\u00fcftungspumpe Modell 800 Aqua Flex"},"content":{"rendered":"<p>SPX Johnson Aqua Bel\u00fcftungspumpe Modell 800 Aqua Flex &#8211; <\/p>\n<p>Die SPX Johnson Aqua Bel\u00fcftungspumpe ist f\u00fcr Lebendfutteranwendungen konzipiert und bietet \u00fcberlegene Qualit\u00e4t und Langlebigkeit. Sie verf\u00fcgt \u00fcber einen abnehmbaren Sockel und Kopf zur einfachen Reinigung und ist mit einem wasserdichten Kabeldurchf\u00fchrungsst\u00fcck und einem Deutsch-Stecker ausgestattet, um eine schnelle Trennung vom System w\u00e4hrend der Wartung zu erm\u00f6glichen. Das Geh\u00e4use aus Duroplast enth\u00e4lt einen wassergek\u00fchlten, geschlossenen Motor und eine Welle aus rostfreiem Stahl. Die Pumpe hat 3\/4&#8243; Innengewindeanschl\u00fcsse mit enthaltenen Fittings. Abmessungen: \u00d880 x H170 mm. Das Aqua Flex-Modell enth\u00e4lt eine 140 mm Durchbruchschottverbindung, die eine anpassbare Installationswinkeleinstellung in jeder Position erm\u00f6glicht. Die Aqua Twinport-Funktion erlaubt die Nutzung des gleichen Ansaugens f\u00fcr eine zus\u00e4tzliche Pumpe wie z.B. f\u00fcr die Deckw\u00e4sche.<\/p>\n","protected":false},"excerpt":{"rendered":"<p>SPX Johnson Aqua Bel\u00fcftungspumpe Modell 800 Aqua Flex &#8211; Die SPX Johnson Aqua Bel\u00fcftungspumpe ist f\u00fcr Lebendfutteranwendungen konzipiert und bietet<\/p>\n","protected":false},"featured_media":5718843,"comment_status":"open","ping_status":"closed","template":"","meta":[],"product_brand":[3045],"product_cat":[1556],"product_tag":[],"class_list":{"0":"post-5720065","1":"product","2":"type-product","3":"status-publish","4":"has-post-thumbnail","6":"product_brand-johnson-marine-de","7":"product_cat-angelzubehoer","9":"first","10":"instock","11":"shipping-taxable","12":"purchasable","13":"product-type-simple"},"_links":{"self":[{"href":"https:\/\/stoic-curie.212-227-153-4.plesk.page\/de\/wp-json\/wp\/v2\/product\/5720065","targetHints":{"allow":["GET"]}}],"collection":[{"href":"https:\/\/stoic-curie.212-227-153-4.plesk.page\/de\/wp-json\/wp\/v2\/product"}],"about":[{"href":"https:\/\/stoic-curie.212-227-153-4.plesk.page\/de\/wp-json\/wp\/v2\/types\/product"}],"replies":[{"embeddable":true,"href":"https:\/\/stoic-curie.212-227-153-4.plesk.page\/de\/wp-json\/wp\/v2\/comments?post=5720065"}],"version-history":[{"count":0,"href":"https:\/\/stoic-curie.212-227-153-4.plesk.page\/de\/wp-json\/wp\/v2\/product\/5720065\/revisions"}],"wp:featuredmedia":[{"embeddable":true,"href":"https:\/\/stoic-curie.212-227-153-4.plesk.page\/de\/wp-json\/wp\/v2\/media\/5718843"}],"wp:attachment":[{"href":"https:\/\/stoic-curie.212-227-153-4.plesk.page\/de\/wp-json\/wp\/v2\/media?parent=5720065"}],"wp:term":[{"taxonomy":"product_brand","embeddable":true,"href":"https:\/\/stoic-curie.212-227-153-4.plesk.page\/de\/wp-json\/wp\/v2\/product_brand?post=5720065"},{"taxonomy":"product_cat","embeddable":true,"href":"https:\/\/stoic-curie.212-227-153-4.plesk.page\/de\/wp-json\/wp\/v2\/product_cat?post=5720065"},{"taxonomy":"product_tag","embeddable":true,"href":"https:\/\/stoic-curie.212-227-153-4.plesk.page\/de\/wp-json\/wp\/v2\/product_tag?post=5720065"}],"curies":[{"name":"wp","href":"https:\/\/api.w.org\/{rel}","templated":true}]}}