{"id":5720066,"date":"2026-02-04T09:53:56","date_gmt":"2026-02-04T08:53:56","guid":{"rendered":"https:\/\/stoic-curie.212-227-153-4.plesk.page\/product\/spx-johnson-aqua-sauerstoffpumpe-modell-500-aqua-twinport\/"},"modified":"2026-02-24T23:35:39","modified_gmt":"2026-02-24T23:35:39","slug":"spx-johnson-aqua-sauerstoffpumpe-modell-500-aqua-twinport","status":"publish","type":"product","link":"https:\/\/stoic-curie.212-227-153-4.plesk.page\/de\/product\/spx-johnson-aqua-sauerstoffpumpe-modell-500-aqua-twinport\/","title":{"rendered":"SPX Johnson Aqua Sauerstoffpumpe Modell 500 Aqua Twinport"},"content":{"rendered":"<p>SPX Johnson Aqua Sauerstoffpumpe Modell 500 Aqua Twinport &#8211; <\/p>\n<p>Die SPX Johnson Aqua Sauerstoffpumpe ist f\u00fcr Lebendbrunnen konzipiert und bietet \u00fcberlegene Qualit\u00e4t und Langlebigkeit. Sie verf\u00fcgt \u00fcber eine abnehmbare Basis und einen Kopf f\u00fcr einfache Reinigung. Die Pumpe ist mit einem wasserdichten Kabelverschraubung und einem Deutsch-Stecker ausgestattet, der eine schnelle Trennung vom System w\u00e4hrend der Wartung erm\u00f6glicht. Das Duroplastgeh\u00e4use enth\u00e4lt einen wasserk\u00fchlten, abgedichteten Motor und eine Welle aus Edelstahl. Die Pumpe hat 3\/4&#8243;-Gewindeanschl\u00fcsse, die Fittings sind im Lieferumfang enthalten. Die Abmessungen der Pumpe sind \u00d880 x H170 mm. Aqua Flex wird mit einem 140 mm Durchbrucht\u00fcllanschluss geliefert, der eine einstellbare Winkelinstallation in jeder Position erm\u00f6glicht. Aqua Twinport erm\u00f6glicht die Verwendung des gleichen Ansaugens f\u00fcr eine zus\u00e4tzliche Pumpe, beispielsweise f\u00fcr die Deckw\u00e4sche.<\/p>\n","protected":false},"excerpt":{"rendered":"<p>SPX Johnson Aqua Sauerstoffpumpe Modell 500 Aqua Twinport &#8211; Die SPX Johnson Aqua Sauerstoffpumpe ist f\u00fcr Lebendbrunnen konzipiert und bietet<\/p>\n","protected":false},"featured_media":5718843,"comment_status":"open","ping_status":"closed","template":"","meta":[],"product_brand":[3045],"product_cat":[1556],"product_tag":[],"class_list":{"0":"post-5720066","1":"product","2":"type-product","3":"status-publish","4":"has-post-thumbnail","6":"product_brand-johnson-marine-de","7":"product_cat-angelzubehoer","9":"first","10":"instock","11":"shipping-taxable","12":"purchasable","13":"product-type-simple"},"_links":{"self":[{"href":"https:\/\/stoic-curie.212-227-153-4.plesk.page\/de\/wp-json\/wp\/v2\/product\/5720066","targetHints":{"allow":["GET"]}}],"collection":[{"href":"https:\/\/stoic-curie.212-227-153-4.plesk.page\/de\/wp-json\/wp\/v2\/product"}],"about":[{"href":"https:\/\/stoic-curie.212-227-153-4.plesk.page\/de\/wp-json\/wp\/v2\/types\/product"}],"replies":[{"embeddable":true,"href":"https:\/\/stoic-curie.212-227-153-4.plesk.page\/de\/wp-json\/wp\/v2\/comments?post=5720066"}],"version-history":[{"count":0,"href":"https:\/\/stoic-curie.212-227-153-4.plesk.page\/de\/wp-json\/wp\/v2\/product\/5720066\/revisions"}],"wp:featuredmedia":[{"embeddable":true,"href":"https:\/\/stoic-curie.212-227-153-4.plesk.page\/de\/wp-json\/wp\/v2\/media\/5718843"}],"wp:attachment":[{"href":"https:\/\/stoic-curie.212-227-153-4.plesk.page\/de\/wp-json\/wp\/v2\/media?parent=5720066"}],"wp:term":[{"taxonomy":"product_brand","embeddable":true,"href":"https:\/\/stoic-curie.212-227-153-4.plesk.page\/de\/wp-json\/wp\/v2\/product_brand?post=5720066"},{"taxonomy":"product_cat","embeddable":true,"href":"https:\/\/stoic-curie.212-227-153-4.plesk.page\/de\/wp-json\/wp\/v2\/product_cat?post=5720066"},{"taxonomy":"product_tag","embeddable":true,"href":"https:\/\/stoic-curie.212-227-153-4.plesk.page\/de\/wp-json\/wp\/v2\/product_tag?post=5720066"}],"curies":[{"name":"wp","href":"https:\/\/api.w.org\/{rel}","templated":true}]}}