{"id":5720067,"date":"2026-02-04T09:53:57","date_gmt":"2026-02-04T08:53:57","guid":{"rendered":"https:\/\/stoic-curie.212-227-153-4.plesk.page\/product\/spx-johnson-aqua-oxygenation-pump-modell-800-aqua-twinport\/"},"modified":"2026-02-24T23:35:39","modified_gmt":"2026-02-24T23:35:39","slug":"spx-johnson-aqua-oxygenation-pump-modell-800-aqua-twinport","status":"publish","type":"product","link":"https:\/\/stoic-curie.212-227-153-4.plesk.page\/de\/product\/spx-johnson-aqua-oxygenation-pump-modell-800-aqua-twinport\/","title":{"rendered":"SPX Johnson Aqua Oxygenation Pump Modell 800 Aqua Twinport"},"content":{"rendered":"<p>SPX Johnson Aqua Oxygenation Pump Modell 800 Aqua Twinport &#8211; <\/p>\n<p>Die SPX Johnson Aqua-Oxygenationspumpe ist f\u00fcr Lebendlebenen konzipiert und bietet au\u00dfergew\u00f6hnliche Qualit\u00e4t und Langlebigkeit. Die abnehmbare Basis und der Kopf erleichtern die Reinigung. Die Pumpe verf\u00fcgt \u00fcber einen wasserdichten Kabeldurchf\u00fchrungsanex und einen Deutsch-Stecker f\u00fcr eine schnelle Trennung vom System w\u00e4hrend der Wartung. Das Thermoset-Geh\u00e4use enth\u00e4lt einen wassergek\u00fchlten versiegelten Motor und eine Welle aus rostfreiem Stahl. Sie umfasst 3\/4&#8243; Gewindeanschl\u00fcsse mit enthaltenen Fittings. Abmessungen: \u00d880 x H170 mm. Aqua Flex verf\u00fcgt \u00fcber einen 140 mm Durchlauf-Hull-Befestigung, die eine verstellbare Installationsneigung in jeder Position erm\u00f6glicht. Aqua Twinport erlaubt die Verwendung desselben Ansaugrohrs f\u00fcr eine zus\u00e4tzliche Pumpe, beispielsweise f\u00fcr die Deckw\u00e4sche.<\/p>\n","protected":false},"excerpt":{"rendered":"<p>SPX Johnson Aqua Oxygenation Pump Modell 800 Aqua Twinport &#8211; Die SPX Johnson Aqua-Oxygenationspumpe ist f\u00fcr Lebendlebenen konzipiert und bietet<\/p>\n","protected":false},"featured_media":5718843,"comment_status":"open","ping_status":"closed","template":"","meta":[],"product_brand":[3045],"product_cat":[1556],"product_tag":[],"class_list":{"0":"post-5720067","1":"product","2":"type-product","3":"status-publish","4":"has-post-thumbnail","6":"product_brand-johnson-marine-de","7":"product_cat-angelzubehoer","9":"first","10":"instock","11":"shipping-taxable","12":"purchasable","13":"product-type-simple"},"_links":{"self":[{"href":"https:\/\/stoic-curie.212-227-153-4.plesk.page\/de\/wp-json\/wp\/v2\/product\/5720067","targetHints":{"allow":["GET"]}}],"collection":[{"href":"https:\/\/stoic-curie.212-227-153-4.plesk.page\/de\/wp-json\/wp\/v2\/product"}],"about":[{"href":"https:\/\/stoic-curie.212-227-153-4.plesk.page\/de\/wp-json\/wp\/v2\/types\/product"}],"replies":[{"embeddable":true,"href":"https:\/\/stoic-curie.212-227-153-4.plesk.page\/de\/wp-json\/wp\/v2\/comments?post=5720067"}],"version-history":[{"count":0,"href":"https:\/\/stoic-curie.212-227-153-4.plesk.page\/de\/wp-json\/wp\/v2\/product\/5720067\/revisions"}],"wp:featuredmedia":[{"embeddable":true,"href":"https:\/\/stoic-curie.212-227-153-4.plesk.page\/de\/wp-json\/wp\/v2\/media\/5718843"}],"wp:attachment":[{"href":"https:\/\/stoic-curie.212-227-153-4.plesk.page\/de\/wp-json\/wp\/v2\/media?parent=5720067"}],"wp:term":[{"taxonomy":"product_brand","embeddable":true,"href":"https:\/\/stoic-curie.212-227-153-4.plesk.page\/de\/wp-json\/wp\/v2\/product_brand?post=5720067"},{"taxonomy":"product_cat","embeddable":true,"href":"https:\/\/stoic-curie.212-227-153-4.plesk.page\/de\/wp-json\/wp\/v2\/product_cat?post=5720067"},{"taxonomy":"product_tag","embeddable":true,"href":"https:\/\/stoic-curie.212-227-153-4.plesk.page\/de\/wp-json\/wp\/v2\/product_tag?post=5720067"}],"curies":[{"name":"wp","href":"https:\/\/api.w.org\/{rel}","templated":true}]}}