{"id":5720068,"date":"2026-02-04T09:53:57","date_gmt":"2026-02-04T08:53:57","guid":{"rendered":"https:\/\/stoic-curie.212-227-153-4.plesk.page\/product\/seaflo-dual-port-pumpe-fuer-livewell-tanks\/"},"modified":"2026-02-24T23:35:39","modified_gmt":"2026-02-24T23:35:39","slug":"seaflo-dual-port-pumpe-fuer-livewell-tanks","status":"publish","type":"product","link":"https:\/\/stoic-curie.212-227-153-4.plesk.page\/de\/product\/seaflo-dual-port-pumpe-fuer-livewell-tanks\/","title":{"rendered":"Seaflo Dual Port Pumpe f\u00fcr Livewell Tanks"},"content":{"rendered":"<p>Seaflo Dual Port Pumpe f\u00fcr Livewell Tanks &#8211; <\/p>\n<p>Hochleistungs-Pumpe f\u00fcr Livewell-Tanks, die 1600 GPH (6054 LPH) bei einer F\u00f6rderh\u00f6he von 4,2 m liefert. Ausgestattet mit einem leisen Motor und einem Anti-Luftverschluss-System sowie einer Dual-Port-Basis f\u00fcr flexible Installation auf 1&#8243; NPT-M\u00e4nnchenanschl\u00fcssen. Die Einlassgr\u00f6\u00dfe betr\u00e4gt 31 mm, die Auslassanschl\u00fcsse sind 1 1\/8\u201d und 1\/2\u201d NPT. Die Pumpe zieht 8,4 A Strom und l\u00e4sst sich leicht installieren und zur Reinigung entfernen.<\/p>\n","protected":false},"excerpt":{"rendered":"<p>Seaflo Dual Port Pumpe f\u00fcr Livewell Tanks &#8211; Hochleistungs-Pumpe f\u00fcr Livewell-Tanks, die 1600 GPH (6054 LPH) bei einer F\u00f6rderh\u00f6he von<\/p>\n","protected":false},"featured_media":5718859,"comment_status":"open","ping_status":"closed","template":"","meta":[],"product_brand":[3350],"product_cat":[1556],"product_tag":[],"class_list":{"0":"post-5720068","1":"product","2":"type-product","3":"status-publish","4":"has-post-thumbnail","6":"product_brand-seaflo-de","7":"product_cat-angelzubehoer","9":"first","10":"outofstock","11":"shipping-taxable","12":"purchasable","13":"product-type-simple"},"_links":{"self":[{"href":"https:\/\/stoic-curie.212-227-153-4.plesk.page\/de\/wp-json\/wp\/v2\/product\/5720068","targetHints":{"allow":["GET"]}}],"collection":[{"href":"https:\/\/stoic-curie.212-227-153-4.plesk.page\/de\/wp-json\/wp\/v2\/product"}],"about":[{"href":"https:\/\/stoic-curie.212-227-153-4.plesk.page\/de\/wp-json\/wp\/v2\/types\/product"}],"replies":[{"embeddable":true,"href":"https:\/\/stoic-curie.212-227-153-4.plesk.page\/de\/wp-json\/wp\/v2\/comments?post=5720068"}],"version-history":[{"count":0,"href":"https:\/\/stoic-curie.212-227-153-4.plesk.page\/de\/wp-json\/wp\/v2\/product\/5720068\/revisions"}],"wp:featuredmedia":[{"embeddable":true,"href":"https:\/\/stoic-curie.212-227-153-4.plesk.page\/de\/wp-json\/wp\/v2\/media\/5718859"}],"wp:attachment":[{"href":"https:\/\/stoic-curie.212-227-153-4.plesk.page\/de\/wp-json\/wp\/v2\/media?parent=5720068"}],"wp:term":[{"taxonomy":"product_brand","embeddable":true,"href":"https:\/\/stoic-curie.212-227-153-4.plesk.page\/de\/wp-json\/wp\/v2\/product_brand?post=5720068"},{"taxonomy":"product_cat","embeddable":true,"href":"https:\/\/stoic-curie.212-227-153-4.plesk.page\/de\/wp-json\/wp\/v2\/product_cat?post=5720068"},{"taxonomy":"product_tag","embeddable":true,"href":"https:\/\/stoic-curie.212-227-153-4.plesk.page\/de\/wp-json\/wp\/v2\/product_tag?post=5720068"}],"curies":[{"name":"wp","href":"https:\/\/api.w.org\/{rel}","templated":true}]}}