{"id":5720071,"date":"2026-02-04T09:54:00","date_gmt":"2026-02-04T08:54:00","guid":{"rendered":"https:\/\/stoic-curie.212-227-153-4.plesk.page\/product\/k-tool-batterieladegeraet-v12\/"},"modified":"2026-02-24T23:35:39","modified_gmt":"2026-02-24T23:35:39","slug":"k-tool-batterieladegeraet-v12","status":"publish","type":"product","link":"https:\/\/stoic-curie.212-227-153-4.plesk.page\/de\/product\/k-tool-batterieladegeraet-v12\/","title":{"rendered":"K-tool Batterieladeger\u00e4t V12"},"content":{"rendered":"<p>K-tool Batterieladeger\u00e4t V12 &#8211; Dieses leistungsstarke Batterieladeger\u00e4t hat eine maximale Stromausgabe von 3,6A. Mit kompakten Abmessungen von 160 x 80 x 41 mm und einem Gewicht von nur 40 g ist es die perfekte L\u00f6sung f\u00fcr effizientes Laden.<\/p>\n","protected":false},"excerpt":{"rendered":"<p>K-tool Batterieladeger\u00e4t V12 &#8211; Dieses leistungsstarke Batterieladeger\u00e4t hat eine maximale Stromausgabe von 3,6A. Mit kompakten Abmessungen von 160 x 80<\/p>\n","protected":false},"featured_media":5718876,"comment_status":"open","ping_status":"closed","template":"","meta":[],"product_brand":[2830],"product_cat":[1450],"product_tag":[],"class_list":{"0":"post-5720071","1":"product","2":"type-product","3":"status-publish","4":"has-post-thumbnail","6":"product_brand-blue-sea-systems-de","7":"product_cat-batterieladegeraete","9":"first","10":"instock","11":"shipping-taxable","12":"purchasable","13":"product-type-simple"},"_links":{"self":[{"href":"https:\/\/stoic-curie.212-227-153-4.plesk.page\/de\/wp-json\/wp\/v2\/product\/5720071","targetHints":{"allow":["GET"]}}],"collection":[{"href":"https:\/\/stoic-curie.212-227-153-4.plesk.page\/de\/wp-json\/wp\/v2\/product"}],"about":[{"href":"https:\/\/stoic-curie.212-227-153-4.plesk.page\/de\/wp-json\/wp\/v2\/types\/product"}],"replies":[{"embeddable":true,"href":"https:\/\/stoic-curie.212-227-153-4.plesk.page\/de\/wp-json\/wp\/v2\/comments?post=5720071"}],"version-history":[{"count":0,"href":"https:\/\/stoic-curie.212-227-153-4.plesk.page\/de\/wp-json\/wp\/v2\/product\/5720071\/revisions"}],"wp:featuredmedia":[{"embeddable":true,"href":"https:\/\/stoic-curie.212-227-153-4.plesk.page\/de\/wp-json\/wp\/v2\/media\/5718876"}],"wp:attachment":[{"href":"https:\/\/stoic-curie.212-227-153-4.plesk.page\/de\/wp-json\/wp\/v2\/media?parent=5720071"}],"wp:term":[{"taxonomy":"product_brand","embeddable":true,"href":"https:\/\/stoic-curie.212-227-153-4.plesk.page\/de\/wp-json\/wp\/v2\/product_brand?post=5720071"},{"taxonomy":"product_cat","embeddable":true,"href":"https:\/\/stoic-curie.212-227-153-4.plesk.page\/de\/wp-json\/wp\/v2\/product_cat?post=5720071"},{"taxonomy":"product_tag","embeddable":true,"href":"https:\/\/stoic-curie.212-227-153-4.plesk.page\/de\/wp-json\/wp\/v2\/product_tag?post=5720071"}],"curies":[{"name":"wp","href":"https:\/\/api.w.org\/{rel}","templated":true}]}}