{"id":5720085,"date":"2026-02-04T09:54:20","date_gmt":"2026-02-04T08:54:20","guid":{"rendered":"https:\/\/stoic-curie.212-227-153-4.plesk.page\/product\/aluminium-weisses-panel-mit-kippschaltern-und-schutzschaltern-5-voltmeter-3x5a-1x10a-1x15a-abmessungen-191-x-115-mm\/"},"modified":"2026-02-24T23:35:39","modified_gmt":"2026-02-24T23:35:39","slug":"aluminium-weisses-panel-mit-kippschaltern-und-schutzschaltern-5-voltmeter-3x5a-1x10a-1x15a-abmessungen-191-x-115-mm","status":"publish","type":"product","link":"https:\/\/stoic-curie.212-227-153-4.plesk.page\/de\/product\/aluminium-weisses-panel-mit-kippschaltern-und-schutzschaltern-5-voltmeter-3x5a-1x10a-1x15a-abmessungen-191-x-115-mm\/","title":{"rendered":"Aluminium Wei\u00dfes Panel mit Kippschaltern und Schutzschaltern 5 + Voltmeter (3x5A\/1x10A\/1x15A) &#8211; Abmessungen 191 x 115 mm"},"content":{"rendered":"<p>Aluminium Wei\u00dfes Panel mit Kippschaltern und Schutzschaltern 5 + Voltmeter (3x5A\/1x10A\/1x15A) &#8211; Abmessungen 191 x 115 mm &#8211; <\/p>\n<p>IP65 wasserdichtes Aluminiumpanel mit 12\/24V Carling-Gr\u00f6\u00dfen-Schaltern mit LED-Lichtern und automatischen R\u00fccksetz-Schutzschaltern. Komplett mit Montageschrauben und Etikettensatz.<\/p>\n","protected":false},"excerpt":{"rendered":"<p>Aluminium Wei\u00dfes Panel mit Kippschaltern und Schutzschaltern 5 + Voltmeter (3x5A\/1x10A\/1x15A) &#8211; Abmessungen 191 x 115 mm &#8211; IP65 wasserdichtes<\/p>\n","protected":false},"featured_media":5718966,"comment_status":"open","ping_status":"closed","template":"","meta":[],"product_brand":[2830],"product_cat":[1459],"product_tag":[],"class_list":{"0":"post-5720085","1":"product","2":"type-product","3":"status-publish","4":"has-post-thumbnail","6":"product_brand-blue-sea-systems-de","7":"product_cat-elektrische-schaltpaneele","9":"first","10":"instock","11":"shipping-taxable","12":"purchasable","13":"product-type-simple"},"_links":{"self":[{"href":"https:\/\/stoic-curie.212-227-153-4.plesk.page\/de\/wp-json\/wp\/v2\/product\/5720085","targetHints":{"allow":["GET"]}}],"collection":[{"href":"https:\/\/stoic-curie.212-227-153-4.plesk.page\/de\/wp-json\/wp\/v2\/product"}],"about":[{"href":"https:\/\/stoic-curie.212-227-153-4.plesk.page\/de\/wp-json\/wp\/v2\/types\/product"}],"replies":[{"embeddable":true,"href":"https:\/\/stoic-curie.212-227-153-4.plesk.page\/de\/wp-json\/wp\/v2\/comments?post=5720085"}],"version-history":[{"count":0,"href":"https:\/\/stoic-curie.212-227-153-4.plesk.page\/de\/wp-json\/wp\/v2\/product\/5720085\/revisions"}],"wp:featuredmedia":[{"embeddable":true,"href":"https:\/\/stoic-curie.212-227-153-4.plesk.page\/de\/wp-json\/wp\/v2\/media\/5718966"}],"wp:attachment":[{"href":"https:\/\/stoic-curie.212-227-153-4.plesk.page\/de\/wp-json\/wp\/v2\/media?parent=5720085"}],"wp:term":[{"taxonomy":"product_brand","embeddable":true,"href":"https:\/\/stoic-curie.212-227-153-4.plesk.page\/de\/wp-json\/wp\/v2\/product_brand?post=5720085"},{"taxonomy":"product_cat","embeddable":true,"href":"https:\/\/stoic-curie.212-227-153-4.plesk.page\/de\/wp-json\/wp\/v2\/product_cat?post=5720085"},{"taxonomy":"product_tag","embeddable":true,"href":"https:\/\/stoic-curie.212-227-153-4.plesk.page\/de\/wp-json\/wp\/v2\/product_tag?post=5720085"}],"curies":[{"name":"wp","href":"https:\/\/api.w.org\/{rel}","templated":true}]}}