{"id":5720088,"date":"2026-02-04T09:54:23","date_gmt":"2026-02-04T08:54:23","guid":{"rendered":"https:\/\/stoic-curie.212-227-153-4.plesk.page\/product\/plastimo-iris-50-blau\/"},"modified":"2026-02-24T23:35:39","modified_gmt":"2026-02-24T23:35:39","slug":"plastimo-iris-50-blau","status":"publish","type":"product","link":"https:\/\/stoic-curie.212-227-153-4.plesk.page\/de\/product\/plastimo-iris-50-blau\/","title":{"rendered":"Plastimo Iris 50 Blau"},"content":{"rendered":"<p>Plastimo Iris 50 Blau &#8211; <\/p>\n<p>Das Plastimo Iris 50 ist ein sto\u00dffestes Peil- und Orientierungs-Kompass, angenehm zu ber\u00fchren und rutschfest selbst mit nassen H\u00e4nden. <br \/> \u2022 Stabile und leicht ablesbare Karte mit 1\u00b0 Graduierung <br \/> \u2022 Oben ablesbar f\u00fcr sofortige Kurskontrolle <br \/> \u2022 20\u00b0 Sichtfeld <br \/> \u2022 12\u00b0 Oszillation <br \/> \u2022 Photolumineszente Beleuchtung<\/p>\n","protected":false},"excerpt":{"rendered":"<p>Plastimo Iris 50 Blau &#8211; Das Plastimo Iris 50 ist ein sto\u00dffestes Peil- und Orientierungs-Kompass, angenehm zu ber\u00fchren und rutschfest<\/p>\n","protected":false},"featured_media":5719026,"comment_status":"open","ping_status":"closed","template":"","meta":[],"product_brand":[3205],"product_cat":[1488,1493],"product_tag":[],"class_list":{"0":"post-5720088","1":"product","2":"type-product","3":"status-publish","4":"has-post-thumbnail","6":"product_brand-nova-argonautica-de","7":"product_cat-handgehaltene-marinekompass","8":"product_cat-navigationskompass","10":"first","11":"instock","12":"shipping-taxable","13":"purchasable","14":"product-type-simple"},"_links":{"self":[{"href":"https:\/\/stoic-curie.212-227-153-4.plesk.page\/de\/wp-json\/wp\/v2\/product\/5720088","targetHints":{"allow":["GET"]}}],"collection":[{"href":"https:\/\/stoic-curie.212-227-153-4.plesk.page\/de\/wp-json\/wp\/v2\/product"}],"about":[{"href":"https:\/\/stoic-curie.212-227-153-4.plesk.page\/de\/wp-json\/wp\/v2\/types\/product"}],"replies":[{"embeddable":true,"href":"https:\/\/stoic-curie.212-227-153-4.plesk.page\/de\/wp-json\/wp\/v2\/comments?post=5720088"}],"version-history":[{"count":0,"href":"https:\/\/stoic-curie.212-227-153-4.plesk.page\/de\/wp-json\/wp\/v2\/product\/5720088\/revisions"}],"wp:featuredmedia":[{"embeddable":true,"href":"https:\/\/stoic-curie.212-227-153-4.plesk.page\/de\/wp-json\/wp\/v2\/media\/5719026"}],"wp:attachment":[{"href":"https:\/\/stoic-curie.212-227-153-4.plesk.page\/de\/wp-json\/wp\/v2\/media?parent=5720088"}],"wp:term":[{"taxonomy":"product_brand","embeddable":true,"href":"https:\/\/stoic-curie.212-227-153-4.plesk.page\/de\/wp-json\/wp\/v2\/product_brand?post=5720088"},{"taxonomy":"product_cat","embeddable":true,"href":"https:\/\/stoic-curie.212-227-153-4.plesk.page\/de\/wp-json\/wp\/v2\/product_cat?post=5720088"},{"taxonomy":"product_tag","embeddable":true,"href":"https:\/\/stoic-curie.212-227-153-4.plesk.page\/de\/wp-json\/wp\/v2\/product_tag?post=5720088"}],"curies":[{"name":"wp","href":"https:\/\/api.w.org\/{rel}","templated":true}]}}