{"id":5720089,"date":"2026-02-04T09:54:24","date_gmt":"2026-02-04T08:54:24","guid":{"rendered":"https:\/\/stoic-curie.212-227-153-4.plesk.page\/product\/plastimo-offshore-75-kompass-schwarz\/"},"modified":"2026-02-24T23:35:39","modified_gmt":"2026-02-24T23:35:39","slug":"plastimo-offshore-75-kompass-schwarz","status":"publish","type":"product","link":"https:\/\/stoic-curie.212-227-153-4.plesk.page\/de\/product\/plastimo-offshore-75-kompass-schwarz\/","title":{"rendered":"Plastimo Offshore 75 Kompass &#8211; Schwarz"},"content":{"rendered":"<p>Plastimo Offshore 75 Kompass &#8211; Schwarz &#8211; <\/p>\n<p>Der Plastimo Offshore 75 Kompass ist f\u00fcr die fl\u00e4chenb\u00fcndige Montage auf horizontalen Oberfl\u00e4chen ausgelegt. <br \/>\u2022 Karten Durchmesser: 70 mm <br \/>\u2022 Konische Karte mit 5\u00b0 Graduierungen f\u00fcr die Frontansicht <br \/>\u2022 Geeignet f\u00fcr fl\u00e4chenb\u00fcndige horizontale oder leicht geneigte Installationen <br \/>\u2022 Ausgestattet mit LED-Beleuchtung (12\/24 V) \u2013 bitte schneiden Sie die Dr\u00e4hte nicht ab, um Sch\u00e4den an den LEDs zu vermeiden.<\/p>\n","protected":false},"excerpt":{"rendered":"<p>Plastimo Offshore 75 Kompass &#8211; Schwarz &#8211; Der Plastimo Offshore 75 Kompass ist f\u00fcr die fl\u00e4chenb\u00fcndige Montage auf horizontalen Oberfl\u00e4chen<\/p>\n","protected":false},"featured_media":5719037,"comment_status":"open","ping_status":"closed","template":"","meta":[],"product_brand":[3205],"product_cat":[1493],"product_tag":[],"class_list":{"0":"post-5720089","1":"product","2":"type-product","3":"status-publish","4":"has-post-thumbnail","6":"product_brand-nova-argonautica-de","7":"product_cat-navigationskompass","9":"first","10":"instock","11":"shipping-taxable","12":"purchasable","13":"product-type-simple"},"_links":{"self":[{"href":"https:\/\/stoic-curie.212-227-153-4.plesk.page\/de\/wp-json\/wp\/v2\/product\/5720089","targetHints":{"allow":["GET"]}}],"collection":[{"href":"https:\/\/stoic-curie.212-227-153-4.plesk.page\/de\/wp-json\/wp\/v2\/product"}],"about":[{"href":"https:\/\/stoic-curie.212-227-153-4.plesk.page\/de\/wp-json\/wp\/v2\/types\/product"}],"replies":[{"embeddable":true,"href":"https:\/\/stoic-curie.212-227-153-4.plesk.page\/de\/wp-json\/wp\/v2\/comments?post=5720089"}],"version-history":[{"count":0,"href":"https:\/\/stoic-curie.212-227-153-4.plesk.page\/de\/wp-json\/wp\/v2\/product\/5720089\/revisions"}],"wp:featuredmedia":[{"embeddable":true,"href":"https:\/\/stoic-curie.212-227-153-4.plesk.page\/de\/wp-json\/wp\/v2\/media\/5719037"}],"wp:attachment":[{"href":"https:\/\/stoic-curie.212-227-153-4.plesk.page\/de\/wp-json\/wp\/v2\/media?parent=5720089"}],"wp:term":[{"taxonomy":"product_brand","embeddable":true,"href":"https:\/\/stoic-curie.212-227-153-4.plesk.page\/de\/wp-json\/wp\/v2\/product_brand?post=5720089"},{"taxonomy":"product_cat","embeddable":true,"href":"https:\/\/stoic-curie.212-227-153-4.plesk.page\/de\/wp-json\/wp\/v2\/product_cat?post=5720089"},{"taxonomy":"product_tag","embeddable":true,"href":"https:\/\/stoic-curie.212-227-153-4.plesk.page\/de\/wp-json\/wp\/v2\/product_tag?post=5720089"}],"curies":[{"name":"wp","href":"https:\/\/api.w.org\/{rel}","templated":true}]}}