{"id":5720090,"date":"2026-02-04T09:54:25","date_gmt":"2026-02-04T08:54:25","guid":{"rendered":"https:\/\/stoic-curie.212-227-153-4.plesk.page\/product\/plastimo-offshore-75-kompass-weiss\/"},"modified":"2026-02-24T23:35:39","modified_gmt":"2026-02-24T23:35:39","slug":"plastimo-offshore-75-kompass-weiss","status":"publish","type":"product","link":"https:\/\/stoic-curie.212-227-153-4.plesk.page\/de\/product\/plastimo-offshore-75-kompass-weiss\/","title":{"rendered":"Plastimo Offshore 75 Kompass &#8211; Wei\u00df"},"content":{"rendered":"<p>Plastimo Offshore 75 Kompass &#8211; Wei\u00df &#8211; <\/p>\n<p>Der Plastimo Offshore 75 Kompass ist f\u00fcr die flaue Montage auf horizontalen Fl\u00e4chen konzipiert. <br \/> \u2022 Kartendurchmesser: 70 mm <br \/> \u2022 Konische Karte mit 5\u00b0 Graduierungen f\u00fcr die Frontansicht <br \/> \u2022 Geeignet f\u00fcr flache horizontale oder leicht geneigte Installation <br \/> \u2022 Verf\u00fcgt \u00fcber LED-Beleuchtung f\u00fcr 12\/24 V (nicht die Dr\u00e4hte schneiden, um LED-Sch\u00e4den zu vermeiden).<\/p>\n","protected":false},"excerpt":{"rendered":"<p>Plastimo Offshore 75 Kompass &#8211; Wei\u00df &#8211; Der Plastimo Offshore 75 Kompass ist f\u00fcr die flaue Montage auf horizontalen Fl\u00e4chen<\/p>\n","protected":false},"featured_media":5719037,"comment_status":"open","ping_status":"closed","template":"","meta":[],"product_brand":[3205],"product_cat":[1493],"product_tag":[],"class_list":{"0":"post-5720090","1":"product","2":"type-product","3":"status-publish","4":"has-post-thumbnail","6":"product_brand-nova-argonautica-de","7":"product_cat-navigationskompass","9":"first","10":"instock","11":"shipping-taxable","12":"purchasable","13":"product-type-simple"},"_links":{"self":[{"href":"https:\/\/stoic-curie.212-227-153-4.plesk.page\/de\/wp-json\/wp\/v2\/product\/5720090","targetHints":{"allow":["GET"]}}],"collection":[{"href":"https:\/\/stoic-curie.212-227-153-4.plesk.page\/de\/wp-json\/wp\/v2\/product"}],"about":[{"href":"https:\/\/stoic-curie.212-227-153-4.plesk.page\/de\/wp-json\/wp\/v2\/types\/product"}],"replies":[{"embeddable":true,"href":"https:\/\/stoic-curie.212-227-153-4.plesk.page\/de\/wp-json\/wp\/v2\/comments?post=5720090"}],"version-history":[{"count":0,"href":"https:\/\/stoic-curie.212-227-153-4.plesk.page\/de\/wp-json\/wp\/v2\/product\/5720090\/revisions"}],"wp:featuredmedia":[{"embeddable":true,"href":"https:\/\/stoic-curie.212-227-153-4.plesk.page\/de\/wp-json\/wp\/v2\/media\/5719037"}],"wp:attachment":[{"href":"https:\/\/stoic-curie.212-227-153-4.plesk.page\/de\/wp-json\/wp\/v2\/media?parent=5720090"}],"wp:term":[{"taxonomy":"product_brand","embeddable":true,"href":"https:\/\/stoic-curie.212-227-153-4.plesk.page\/de\/wp-json\/wp\/v2\/product_brand?post=5720090"},{"taxonomy":"product_cat","embeddable":true,"href":"https:\/\/stoic-curie.212-227-153-4.plesk.page\/de\/wp-json\/wp\/v2\/product_cat?post=5720090"},{"taxonomy":"product_tag","embeddable":true,"href":"https:\/\/stoic-curie.212-227-153-4.plesk.page\/de\/wp-json\/wp\/v2\/product_tag?post=5720090"}],"curies":[{"name":"wp","href":"https:\/\/api.w.org\/{rel}","templated":true}]}}