{"id":5720091,"date":"2026-02-04T09:54:26","date_gmt":"2026-02-04T08:54:26","guid":{"rendered":"https:\/\/stoic-curie.212-227-153-4.plesk.page\/product\/clarion-cms-651-klassik-lautsprecher\/"},"modified":"2026-02-24T23:35:45","modified_gmt":"2026-02-24T23:35:45","slug":"clarion-cms-651-klassik-lautsprecher","status":"publish","type":"product","link":"https:\/\/stoic-curie.212-227-153-4.plesk.page\/de\/product\/clarion-cms-651-klassik-lautsprecher\/","title":{"rendered":"Clarion CMS-651 Klassik Lautsprecher"},"content":{"rendered":"<p>Clarion CMS-651 Klassik Lautsprecher &#8211; <\/p>\n<p>Paar Clarion CMS-651 Zwei-Wege-Lautsprecher, die mit marine-tauglichen Komponenten gefertigt sind. Ausgestattet mit Dome-Hocht\u00f6nern und Polymer-Woofer-Cones, bieten diese Lautsprecher ein integriertes Hochpassfilter. Das Paket enth\u00e4lt zwei austauschbare wei\u00dfe Gitter und zwei schwarze Gitter.<\/p>\n","protected":false},"excerpt":{"rendered":"<p>Clarion CMS-651 Klassik Lautsprecher &#8211; Paar Clarion CMS-651 Zwei-Wege-Lautsprecher, die mit marine-tauglichen Komponenten gefertigt sind. Ausgestattet mit Dome-Hocht\u00f6nern und Polymer-Woofer-Cones,<\/p>\n","protected":false},"featured_media":5719082,"comment_status":"open","ping_status":"closed","template":"","meta":[],"product_brand":[3205],"product_cat":[1446],"product_tag":[],"class_list":{"0":"post-5720091","1":"product","2":"type-product","3":"status-publish","4":"has-post-thumbnail","6":"product_brand-nova-argonautica-de","7":"product_cat-stereoanlage-und-lautsprecher","9":"first","10":"outofstock","11":"shipping-taxable","12":"purchasable","13":"product-type-simple"},"_links":{"self":[{"href":"https:\/\/stoic-curie.212-227-153-4.plesk.page\/de\/wp-json\/wp\/v2\/product\/5720091","targetHints":{"allow":["GET"]}}],"collection":[{"href":"https:\/\/stoic-curie.212-227-153-4.plesk.page\/de\/wp-json\/wp\/v2\/product"}],"about":[{"href":"https:\/\/stoic-curie.212-227-153-4.plesk.page\/de\/wp-json\/wp\/v2\/types\/product"}],"replies":[{"embeddable":true,"href":"https:\/\/stoic-curie.212-227-153-4.plesk.page\/de\/wp-json\/wp\/v2\/comments?post=5720091"}],"version-history":[{"count":0,"href":"https:\/\/stoic-curie.212-227-153-4.plesk.page\/de\/wp-json\/wp\/v2\/product\/5720091\/revisions"}],"wp:featuredmedia":[{"embeddable":true,"href":"https:\/\/stoic-curie.212-227-153-4.plesk.page\/de\/wp-json\/wp\/v2\/media\/5719082"}],"wp:attachment":[{"href":"https:\/\/stoic-curie.212-227-153-4.plesk.page\/de\/wp-json\/wp\/v2\/media?parent=5720091"}],"wp:term":[{"taxonomy":"product_brand","embeddable":true,"href":"https:\/\/stoic-curie.212-227-153-4.plesk.page\/de\/wp-json\/wp\/v2\/product_brand?post=5720091"},{"taxonomy":"product_cat","embeddable":true,"href":"https:\/\/stoic-curie.212-227-153-4.plesk.page\/de\/wp-json\/wp\/v2\/product_cat?post=5720091"},{"taxonomy":"product_tag","embeddable":true,"href":"https:\/\/stoic-curie.212-227-153-4.plesk.page\/de\/wp-json\/wp\/v2\/product_tag?post=5720091"}],"curies":[{"name":"wp","href":"https:\/\/api.w.org\/{rel}","templated":true}]}}