{"id":5720093,"date":"2026-02-04T09:54:28","date_gmt":"2026-02-04T08:54:28","guid":{"rendered":"https:\/\/stoic-curie.212-227-153-4.plesk.page\/product\/jobe-elektrische-turbo-pumpe-12v\/"},"modified":"2026-02-24T23:35:45","modified_gmt":"2026-02-24T23:35:45","slug":"jobe-elektrische-turbo-pumpe-12v","status":"publish","type":"product","link":"https:\/\/stoic-curie.212-227-153-4.plesk.page\/de\/product\/jobe-elektrische-turbo-pumpe-12v\/","title":{"rendered":"Jobe Elektrische Turbo Pumpe 12V"},"content":{"rendered":"<p>Jobe Elektrische Turbo Pumpe 12V &#8211; <\/p>\n<p>Die Jobe Elektrische Turbo Pumpe 12V verf\u00fcgt \u00fcber einen druckfesten Schlauch, eine Halkey Roberts D\u00fcse und wird mit vier verschiedenen D\u00fcsen geliefert, die zu den meisten Ventilen passen. Sie ben\u00f6tigt 29 Ampere, bietet einen Druck von bis zu 0,16 bar (2,3 psi) und eine Luftstr\u00f6mung von 23,5 ft\u00b3\/min.<\/p>\n","protected":false},"excerpt":{"rendered":"<p>Jobe Elektrische Turbo Pumpe 12V &#8211; Die Jobe Elektrische Turbo Pumpe 12V verf\u00fcgt \u00fcber einen druckfesten Schlauch, eine Halkey Roberts<\/p>\n","protected":false},"featured_media":5719111,"comment_status":"open","ping_status":"closed","template":"","meta":[],"product_brand":[3040],"product_cat":[1558,1559],"product_tag":[],"class_list":{"0":"post-5720093","1":"product","2":"type-product","3":"status-publish","4":"has-post-thumbnail","6":"product_brand-jobe-sports-de","7":"product_cat-stand-up-paddle","8":"product_cat-wasserski-zubehoer","10":"first","11":"instock","12":"shipping-taxable","13":"purchasable","14":"product-type-simple"},"_links":{"self":[{"href":"https:\/\/stoic-curie.212-227-153-4.plesk.page\/de\/wp-json\/wp\/v2\/product\/5720093","targetHints":{"allow":["GET"]}}],"collection":[{"href":"https:\/\/stoic-curie.212-227-153-4.plesk.page\/de\/wp-json\/wp\/v2\/product"}],"about":[{"href":"https:\/\/stoic-curie.212-227-153-4.plesk.page\/de\/wp-json\/wp\/v2\/types\/product"}],"replies":[{"embeddable":true,"href":"https:\/\/stoic-curie.212-227-153-4.plesk.page\/de\/wp-json\/wp\/v2\/comments?post=5720093"}],"version-history":[{"count":0,"href":"https:\/\/stoic-curie.212-227-153-4.plesk.page\/de\/wp-json\/wp\/v2\/product\/5720093\/revisions"}],"wp:featuredmedia":[{"embeddable":true,"href":"https:\/\/stoic-curie.212-227-153-4.plesk.page\/de\/wp-json\/wp\/v2\/media\/5719111"}],"wp:attachment":[{"href":"https:\/\/stoic-curie.212-227-153-4.plesk.page\/de\/wp-json\/wp\/v2\/media?parent=5720093"}],"wp:term":[{"taxonomy":"product_brand","embeddable":true,"href":"https:\/\/stoic-curie.212-227-153-4.plesk.page\/de\/wp-json\/wp\/v2\/product_brand?post=5720093"},{"taxonomy":"product_cat","embeddable":true,"href":"https:\/\/stoic-curie.212-227-153-4.plesk.page\/de\/wp-json\/wp\/v2\/product_cat?post=5720093"},{"taxonomy":"product_tag","embeddable":true,"href":"https:\/\/stoic-curie.212-227-153-4.plesk.page\/de\/wp-json\/wp\/v2\/product_tag?post=5720093"}],"curies":[{"name":"wp","href":"https:\/\/api.w.org\/{rel}","templated":true}]}}