{"id":5720094,"date":"2026-02-04T09:54:33","date_gmt":"2026-02-04T08:54:33","guid":{"rendered":"https:\/\/stoic-curie.212-227-153-4.plesk.page\/product\/jobe-elektrische-turbo-pumpe-230v\/"},"modified":"2026-02-24T23:35:45","modified_gmt":"2026-02-24T23:35:45","slug":"jobe-elektrische-turbo-pumpe-230v","status":"publish","type":"product","link":"https:\/\/stoic-curie.212-227-153-4.plesk.page\/de\/product\/jobe-elektrische-turbo-pumpe-230v\/","title":{"rendered":"Jobe elektrische Turbo-Pumpe 230V"},"content":{"rendered":"<p>Jobe elektrische Turbo-Pumpe 230V &#8211; <\/p>\n<p>Jobe Hochleistungs-Elektro-Turbo-Pumpe 230V. Mit der Halkey Roberts-D\u00fcse kann sie sowohl aufpumpen als auch ablassen. Sie kann ein Hotseat-Towable innerhalb von nur 45 Sekunden aufpumpen. Diese Pumpe eignet sich besonders gut f\u00fcr gr\u00f6\u00dfere Reifen, die schwer richtig aufzupumpen sind. Sie ben\u00f6tigt 3,87 Ampere, erreicht einen Druck von bis zu 0,19 bar (2,7 psi) und hat einen Luftstrom von 48 ft\u00b3\/min.<\/p>\n","protected":false},"excerpt":{"rendered":"<p>Jobe elektrische Turbo-Pumpe 230V &#8211; Jobe Hochleistungs-Elektro-Turbo-Pumpe 230V. Mit der Halkey Roberts-D\u00fcse kann sie sowohl aufpumpen als auch ablassen. Sie<\/p>\n","protected":false},"featured_media":5719113,"comment_status":"open","ping_status":"closed","template":"","meta":[],"product_brand":[3040],"product_cat":[1558,1559],"product_tag":[],"class_list":{"0":"post-5720094","1":"product","2":"type-product","3":"status-publish","4":"has-post-thumbnail","6":"product_brand-jobe-sports-de","7":"product_cat-stand-up-paddle","8":"product_cat-wasserski-zubehoer","10":"first","11":"instock","12":"shipping-taxable","13":"purchasable","14":"product-type-simple"},"_links":{"self":[{"href":"https:\/\/stoic-curie.212-227-153-4.plesk.page\/de\/wp-json\/wp\/v2\/product\/5720094","targetHints":{"allow":["GET"]}}],"collection":[{"href":"https:\/\/stoic-curie.212-227-153-4.plesk.page\/de\/wp-json\/wp\/v2\/product"}],"about":[{"href":"https:\/\/stoic-curie.212-227-153-4.plesk.page\/de\/wp-json\/wp\/v2\/types\/product"}],"replies":[{"embeddable":true,"href":"https:\/\/stoic-curie.212-227-153-4.plesk.page\/de\/wp-json\/wp\/v2\/comments?post=5720094"}],"version-history":[{"count":0,"href":"https:\/\/stoic-curie.212-227-153-4.plesk.page\/de\/wp-json\/wp\/v2\/product\/5720094\/revisions"}],"wp:featuredmedia":[{"embeddable":true,"href":"https:\/\/stoic-curie.212-227-153-4.plesk.page\/de\/wp-json\/wp\/v2\/media\/5719113"}],"wp:attachment":[{"href":"https:\/\/stoic-curie.212-227-153-4.plesk.page\/de\/wp-json\/wp\/v2\/media?parent=5720094"}],"wp:term":[{"taxonomy":"product_brand","embeddable":true,"href":"https:\/\/stoic-curie.212-227-153-4.plesk.page\/de\/wp-json\/wp\/v2\/product_brand?post=5720094"},{"taxonomy":"product_cat","embeddable":true,"href":"https:\/\/stoic-curie.212-227-153-4.plesk.page\/de\/wp-json\/wp\/v2\/product_cat?post=5720094"},{"taxonomy":"product_tag","embeddable":true,"href":"https:\/\/stoic-curie.212-227-153-4.plesk.page\/de\/wp-json\/wp\/v2\/product_tag?post=5720094"}],"curies":[{"name":"wp","href":"https:\/\/api.w.org\/{rel}","templated":true}]}}