{"id":5720108,"date":"2026-02-04T09:54:51","date_gmt":"2026-02-04T08:54:51","guid":{"rendered":"https:\/\/stoic-curie.212-227-153-4.plesk.page\/product\/musto-evo-crew-softshell-weste-groesse-xl-farbe-schwarz\/"},"modified":"2026-02-24T23:35:45","modified_gmt":"2026-02-24T23:35:45","slug":"musto-evo-crew-softshell-weste-groesse-xl-farbe-schwarz","status":"publish","type":"product","link":"https:\/\/stoic-curie.212-227-153-4.plesk.page\/de\/product\/musto-evo-crew-softshell-weste-groesse-xl-farbe-schwarz\/","title":{"rendered":"Musto Evo Crew Softshell-Weste, Gr\u00f6\u00dfe XL, Farbe Schwarz"},"content":{"rendered":"<p>Musto Evo Crew Softshell-Weste, Gr\u00f6\u00dfe XL, Farbe Schwarz &#8211; <\/p>\n<p>Die Musto Evo Crew Softshell-Weste besteht aus einem atmungsaktiven und winddichten Stretch-Softshell-Gewebe. Sie verf\u00fcgt \u00fcber eine PFC-freie DWR (dauerhafte Wasserabweisung) Behandlung, zwei Seitentaschen mit YKK\u00ae Rei\u00dfverschluss und einen elastischen unteren Saum f\u00fcr eine optimale Passform. Klicken Sie hier, um die genaue Gr\u00f6\u00dfe zu \u00fcberpr\u00fcfen:<\/p>\n","protected":false},"excerpt":{"rendered":"<p>Musto Evo Crew Softshell-Weste, Gr\u00f6\u00dfe XL, Farbe Schwarz &#8211; Die Musto Evo Crew Softshell-Weste besteht aus einem atmungsaktiven und winddichten<\/p>\n","protected":false},"featured_media":5719116,"comment_status":"open","ping_status":"closed","template":"","meta":[],"product_brand":[3155],"product_cat":[1567],"product_tag":[],"class_list":{"0":"post-5720108","1":"product","2":"type-product","3":"status-publish","4":"has-post-thumbnail","6":"product_brand-musto-de","7":"product_cat-segelbekleidung-musto","9":"first","10":"instock","11":"shipping-taxable","12":"purchasable","13":"product-type-simple"},"_links":{"self":[{"href":"https:\/\/stoic-curie.212-227-153-4.plesk.page\/de\/wp-json\/wp\/v2\/product\/5720108","targetHints":{"allow":["GET"]}}],"collection":[{"href":"https:\/\/stoic-curie.212-227-153-4.plesk.page\/de\/wp-json\/wp\/v2\/product"}],"about":[{"href":"https:\/\/stoic-curie.212-227-153-4.plesk.page\/de\/wp-json\/wp\/v2\/types\/product"}],"replies":[{"embeddable":true,"href":"https:\/\/stoic-curie.212-227-153-4.plesk.page\/de\/wp-json\/wp\/v2\/comments?post=5720108"}],"version-history":[{"count":0,"href":"https:\/\/stoic-curie.212-227-153-4.plesk.page\/de\/wp-json\/wp\/v2\/product\/5720108\/revisions"}],"wp:featuredmedia":[{"embeddable":true,"href":"https:\/\/stoic-curie.212-227-153-4.plesk.page\/de\/wp-json\/wp\/v2\/media\/5719116"}],"wp:attachment":[{"href":"https:\/\/stoic-curie.212-227-153-4.plesk.page\/de\/wp-json\/wp\/v2\/media?parent=5720108"}],"wp:term":[{"taxonomy":"product_brand","embeddable":true,"href":"https:\/\/stoic-curie.212-227-153-4.plesk.page\/de\/wp-json\/wp\/v2\/product_brand?post=5720108"},{"taxonomy":"product_cat","embeddable":true,"href":"https:\/\/stoic-curie.212-227-153-4.plesk.page\/de\/wp-json\/wp\/v2\/product_cat?post=5720108"},{"taxonomy":"product_tag","embeddable":true,"href":"https:\/\/stoic-curie.212-227-153-4.plesk.page\/de\/wp-json\/wp\/v2\/product_tag?post=5720108"}],"curies":[{"name":"wp","href":"https:\/\/api.w.org\/{rel}","templated":true}]}}