{"id":5720117,"date":"2026-02-04T09:55:04","date_gmt":"2026-02-04T08:55:04","guid":{"rendered":"https:\/\/stoic-curie.212-227-153-4.plesk.page\/product\/echter-lagerplatte-fuer-suzuki-motoren-code-56130-94411-0ep-fuer-df40-50\/"},"modified":"2026-02-24T23:36:15","modified_gmt":"2026-02-24T23:36:15","slug":"echter-lagerplatte-fuer-suzuki-motoren-code-56130-94411-0ep-fuer-df40-50","status":"publish","type":"product","link":"https:\/\/stoic-curie.212-227-153-4.plesk.page\/de\/product\/echter-lagerplatte-fuer-suzuki-motoren-code-56130-94411-0ep-fuer-df40-50\/","title":{"rendered":"Echter Lagerplatte f\u00fcr Suzuki-Motoren &#8211; Code 56130-94411-0EP f\u00fcr DF40\/50"},"content":{"rendered":"<p>Echter Lagerplatte f\u00fcr Suzuki-Motoren &#8211; Code 56130-94411-0EP f\u00fcr DF40\/50 &#8211; <\/p>\n<p>Lagerst\u00fctzplatte, die speziell f\u00fcr Suzuki-Motoren entwickelt wurde. Ein kompatibles Ersatzteil f\u00fcr optimale Leistung.<\/p>\n","protected":false},"excerpt":{"rendered":"<p>Echter Lagerplatte f\u00fcr Suzuki-Motoren &#8211; Code 56130-94411-0EP f\u00fcr DF40\/50 &#8211; Lagerst\u00fctzplatte, die speziell f\u00fcr Suzuki-Motoren entwickelt wurde. Ein kompatibles Ersatzteil<\/p>\n","protected":false},"featured_media":5719338,"comment_status":"open","ping_status":"closed","template":"","meta":[],"product_brand":[3390],"product_cat":[1545],"product_tag":[],"class_list":{"0":"post-5720117","1":"product","2":"type-product","3":"status-publish","4":"has-post-thumbnail","6":"product_brand-sierra-marine-de","7":"product_cat-marine-ersatzteile-fuer-suzuki","9":"first","10":"instock","11":"shipping-taxable","12":"purchasable","13":"product-type-simple"},"_links":{"self":[{"href":"https:\/\/stoic-curie.212-227-153-4.plesk.page\/de\/wp-json\/wp\/v2\/product\/5720117","targetHints":{"allow":["GET"]}}],"collection":[{"href":"https:\/\/stoic-curie.212-227-153-4.plesk.page\/de\/wp-json\/wp\/v2\/product"}],"about":[{"href":"https:\/\/stoic-curie.212-227-153-4.plesk.page\/de\/wp-json\/wp\/v2\/types\/product"}],"replies":[{"embeddable":true,"href":"https:\/\/stoic-curie.212-227-153-4.plesk.page\/de\/wp-json\/wp\/v2\/comments?post=5720117"}],"version-history":[{"count":0,"href":"https:\/\/stoic-curie.212-227-153-4.plesk.page\/de\/wp-json\/wp\/v2\/product\/5720117\/revisions"}],"wp:featuredmedia":[{"embeddable":true,"href":"https:\/\/stoic-curie.212-227-153-4.plesk.page\/de\/wp-json\/wp\/v2\/media\/5719338"}],"wp:attachment":[{"href":"https:\/\/stoic-curie.212-227-153-4.plesk.page\/de\/wp-json\/wp\/v2\/media?parent=5720117"}],"wp:term":[{"taxonomy":"product_brand","embeddable":true,"href":"https:\/\/stoic-curie.212-227-153-4.plesk.page\/de\/wp-json\/wp\/v2\/product_brand?post=5720117"},{"taxonomy":"product_cat","embeddable":true,"href":"https:\/\/stoic-curie.212-227-153-4.plesk.page\/de\/wp-json\/wp\/v2\/product_cat?post=5720117"},{"taxonomy":"product_tag","embeddable":true,"href":"https:\/\/stoic-curie.212-227-153-4.plesk.page\/de\/wp-json\/wp\/v2\/product_tag?post=5720117"}],"curies":[{"name":"wp","href":"https:\/\/api.w.org\/{rel}","templated":true}]}}