{"id":5720118,"date":"2026-02-04T09:55:05","date_gmt":"2026-02-04T08:55:05","guid":{"rendered":"https:\/\/stoic-curie.212-227-153-4.plesk.page\/product\/echtes-trim-relais-fuer-yamaha-motoren-6h1-81950-00\/"},"modified":"2026-02-24T23:36:15","modified_gmt":"2026-02-24T23:36:15","slug":"echtes-trim-relais-fuer-yamaha-motoren-6h1-81950-00","status":"publish","type":"product","link":"https:\/\/stoic-curie.212-227-153-4.plesk.page\/de\/product\/echtes-trim-relais-fuer-yamaha-motoren-6h1-81950-00\/","title":{"rendered":"Echtes Trim-Relais f\u00fcr Yamaha-Motoren 6H1-81950-00"},"content":{"rendered":"<p>Echtes Trim-Relais f\u00fcr Yamaha-Motoren 6H1-81950-00 &#8211; <\/p>\n<p>Trim-Relais f\u00fcr Yamaha-Au\u00dfenbordmotoren. Kompatible Ersatzteile.<\/p>\n","protected":false},"excerpt":{"rendered":"<p>Echtes Trim-Relais f\u00fcr Yamaha-Motoren 6H1-81950-00 &#8211; Trim-Relais f\u00fcr Yamaha-Au\u00dfenbordmotoren. Kompatible Ersatzteile.<\/p>\n","protected":false},"featured_media":5719340,"comment_status":"open","ping_status":"closed","template":"","meta":[],"product_brand":[3390],"product_cat":[1544],"product_tag":[],"class_list":{"0":"post-5720118","1":"product","2":"type-product","3":"status-publish","4":"has-post-thumbnail","6":"product_brand-sierra-marine-de","7":"product_cat-marine-ersatzteile-fuer-yamaha","9":"first","10":"instock","11":"shipping-taxable","12":"purchasable","13":"product-type-simple"},"_links":{"self":[{"href":"https:\/\/stoic-curie.212-227-153-4.plesk.page\/de\/wp-json\/wp\/v2\/product\/5720118","targetHints":{"allow":["GET"]}}],"collection":[{"href":"https:\/\/stoic-curie.212-227-153-4.plesk.page\/de\/wp-json\/wp\/v2\/product"}],"about":[{"href":"https:\/\/stoic-curie.212-227-153-4.plesk.page\/de\/wp-json\/wp\/v2\/types\/product"}],"replies":[{"embeddable":true,"href":"https:\/\/stoic-curie.212-227-153-4.plesk.page\/de\/wp-json\/wp\/v2\/comments?post=5720118"}],"version-history":[{"count":0,"href":"https:\/\/stoic-curie.212-227-153-4.plesk.page\/de\/wp-json\/wp\/v2\/product\/5720118\/revisions"}],"wp:featuredmedia":[{"embeddable":true,"href":"https:\/\/stoic-curie.212-227-153-4.plesk.page\/de\/wp-json\/wp\/v2\/media\/5719340"}],"wp:attachment":[{"href":"https:\/\/stoic-curie.212-227-153-4.plesk.page\/de\/wp-json\/wp\/v2\/media?parent=5720118"}],"wp:term":[{"taxonomy":"product_brand","embeddable":true,"href":"https:\/\/stoic-curie.212-227-153-4.plesk.page\/de\/wp-json\/wp\/v2\/product_brand?post=5720118"},{"taxonomy":"product_cat","embeddable":true,"href":"https:\/\/stoic-curie.212-227-153-4.plesk.page\/de\/wp-json\/wp\/v2\/product_cat?post=5720118"},{"taxonomy":"product_tag","embeddable":true,"href":"https:\/\/stoic-curie.212-227-153-4.plesk.page\/de\/wp-json\/wp\/v2\/product_tag?post=5720118"}],"curies":[{"name":"wp","href":"https:\/\/api.w.org\/{rel}","templated":true}]}}