{"id":5736820,"date":"2026-02-05T10:58:26","date_gmt":"2026-02-05T09:58:26","guid":{"rendered":"https:\/\/stoic-curie.212-227-153-4.plesk.page\/product\/bronze-hex-rohrbuchse-m-f-g-3-x-2-1-2-gewinde\/"},"modified":"2026-02-24T23:35:28","modified_gmt":"2026-02-24T23:35:28","slug":"bronze-hex-rohrbuchse-m-f-g-3-x-2-1-2-gewinde","status":"publish","type":"product","link":"https:\/\/stoic-curie.212-227-153-4.plesk.page\/de\/product\/bronze-hex-rohrbuchse-m-f-g-3-x-2-1-2-gewinde\/","title":{"rendered":"Bronze Hex Rohrbuchse M-F G 3&#8243; x 2&#8243; 1\/2 Gewinde"},"content":{"rendered":"<p>Bronze Hex Rohrbuchse M-F G 3&#8243; x 2&#8243; 1\/2 Gewinde &#8211; <\/p>\n<p>Bronzene m\u00e4nnliche zu weibliche hex Rohrbuchse f\u00fcr zuverl\u00e4ssige Sanit\u00e4rverbindungen.<\/p>\n","protected":false},"excerpt":{"rendered":"<p>Bronze Hex Rohrbuchse M-F G 3&#8243; x 2&#8243; 1\/2 Gewinde &#8211; Bronzene m\u00e4nnliche zu weibliche hex Rohrbuchse f\u00fcr zuverl\u00e4ssige Sanit\u00e4rverbindungen.<\/p>\n","protected":false},"featured_media":5941474,"comment_status":"open","ping_status":"closed","template":"","meta":[],"product_brand":[2995],"product_cat":[1382],"product_tag":[],"class_list":{"0":"post-5736820","1":"product","2":"type-product","3":"status-publish","4":"has-post-thumbnail","6":"product_brand-guidi-marine-de","7":"product_cat-bronze-wasserinstallationsarmaturen","9":"first","10":"instock","11":"shipping-taxable","12":"purchasable","13":"product-type-simple"},"_links":{"self":[{"href":"https:\/\/stoic-curie.212-227-153-4.plesk.page\/de\/wp-json\/wp\/v2\/product\/5736820","targetHints":{"allow":["GET"]}}],"collection":[{"href":"https:\/\/stoic-curie.212-227-153-4.plesk.page\/de\/wp-json\/wp\/v2\/product"}],"about":[{"href":"https:\/\/stoic-curie.212-227-153-4.plesk.page\/de\/wp-json\/wp\/v2\/types\/product"}],"replies":[{"embeddable":true,"href":"https:\/\/stoic-curie.212-227-153-4.plesk.page\/de\/wp-json\/wp\/v2\/comments?post=5736820"}],"version-history":[{"count":0,"href":"https:\/\/stoic-curie.212-227-153-4.plesk.page\/de\/wp-json\/wp\/v2\/product\/5736820\/revisions"}],"wp:featuredmedia":[{"embeddable":true,"href":"https:\/\/stoic-curie.212-227-153-4.plesk.page\/de\/wp-json\/wp\/v2\/media\/5941474"}],"wp:attachment":[{"href":"https:\/\/stoic-curie.212-227-153-4.plesk.page\/de\/wp-json\/wp\/v2\/media?parent=5736820"}],"wp:term":[{"taxonomy":"product_brand","embeddable":true,"href":"https:\/\/stoic-curie.212-227-153-4.plesk.page\/de\/wp-json\/wp\/v2\/product_brand?post=5736820"},{"taxonomy":"product_cat","embeddable":true,"href":"https:\/\/stoic-curie.212-227-153-4.plesk.page\/de\/wp-json\/wp\/v2\/product_cat?post=5736820"},{"taxonomy":"product_tag","embeddable":true,"href":"https:\/\/stoic-curie.212-227-153-4.plesk.page\/de\/wp-json\/wp\/v2\/product_tag?post=5736820"}],"curies":[{"name":"wp","href":"https:\/\/api.w.org\/{rel}","templated":true}]}}