{"id":5736832,"date":"2026-02-05T10:58:37","date_gmt":"2026-02-05T09:58:37","guid":{"rendered":"https:\/\/stoic-curie.212-227-153-4.plesk.page\/product\/pulsar-10w-led-wiederaufladbare-taschenlampe\/"},"modified":"2026-02-24T23:35:39","modified_gmt":"2026-02-24T23:35:39","slug":"pulsar-10w-led-wiederaufladbare-taschenlampe","status":"publish","type":"product","link":"https:\/\/stoic-curie.212-227-153-4.plesk.page\/de\/product\/pulsar-10w-led-wiederaufladbare-taschenlampe\/","title":{"rendered":"Pulsar 10W LED wiederaufladbare Taschenlampe"},"content":{"rendered":"<p>Pulsar 10W LED wiederaufladbare Taschenlampe &#8211; <\/p>\n<p>Verst\u00e4rkte ABS-LED-Taschenlampe mit ergonomischem Griff, der bis zu 90\u00b0 verstellbar ist. Sie verf\u00fcgt \u00fcber ein ausziehbares Stativ und bietet drei einstellbare Lichtmodi: Hohe Intensit\u00e4t (850 Lumen), Blinkend (220 Lumen) und Mittlere Intensit\u00e4t (220 Lumen). Mit einer maximalen Laufzeit von 3,5 Stunden bei mittlerer Intensit\u00e4t fungiert sie auch als 2400mAh Powerbank.<\/p>\n","protected":false},"excerpt":{"rendered":"<p>Pulsar 10W LED wiederaufladbare Taschenlampe &#8211; Verst\u00e4rkte ABS-LED-Taschenlampe mit ergonomischem Griff, der bis zu 90\u00b0 verstellbar ist. Sie verf\u00fcgt \u00fcber<\/p>\n","protected":false},"featured_media":5735383,"comment_status":"open","ping_status":"closed","template":"","meta":[],"product_brand":[2830],"product_cat":[1451],"product_tag":[],"class_list":{"0":"post-5736832","1":"product","2":"type-product","3":"status-publish","4":"has-post-thumbnail","6":"product_brand-blue-sea-systems-de","7":"product_cat-taschenlampen","9":"first","10":"instock","11":"shipping-taxable","12":"purchasable","13":"product-type-simple"},"_links":{"self":[{"href":"https:\/\/stoic-curie.212-227-153-4.plesk.page\/de\/wp-json\/wp\/v2\/product\/5736832","targetHints":{"allow":["GET"]}}],"collection":[{"href":"https:\/\/stoic-curie.212-227-153-4.plesk.page\/de\/wp-json\/wp\/v2\/product"}],"about":[{"href":"https:\/\/stoic-curie.212-227-153-4.plesk.page\/de\/wp-json\/wp\/v2\/types\/product"}],"replies":[{"embeddable":true,"href":"https:\/\/stoic-curie.212-227-153-4.plesk.page\/de\/wp-json\/wp\/v2\/comments?post=5736832"}],"version-history":[{"count":0,"href":"https:\/\/stoic-curie.212-227-153-4.plesk.page\/de\/wp-json\/wp\/v2\/product\/5736832\/revisions"}],"wp:featuredmedia":[{"embeddable":true,"href":"https:\/\/stoic-curie.212-227-153-4.plesk.page\/de\/wp-json\/wp\/v2\/media\/5735383"}],"wp:attachment":[{"href":"https:\/\/stoic-curie.212-227-153-4.plesk.page\/de\/wp-json\/wp\/v2\/media?parent=5736832"}],"wp:term":[{"taxonomy":"product_brand","embeddable":true,"href":"https:\/\/stoic-curie.212-227-153-4.plesk.page\/de\/wp-json\/wp\/v2\/product_brand?post=5736832"},{"taxonomy":"product_cat","embeddable":true,"href":"https:\/\/stoic-curie.212-227-153-4.plesk.page\/de\/wp-json\/wp\/v2\/product_cat?post=5736832"},{"taxonomy":"product_tag","embeddable":true,"href":"https:\/\/stoic-curie.212-227-153-4.plesk.page\/de\/wp-json\/wp\/v2\/product_tag?post=5736832"}],"curies":[{"name":"wp","href":"https:\/\/api.w.org\/{rel}","templated":true}]}}