{"id":5736833,"date":"2026-02-05T10:58:38","date_gmt":"2026-02-05T09:58:38","guid":{"rendered":"https:\/\/stoic-curie.212-227-153-4.plesk.page\/product\/k-tool-10w-wiederaufladbare-led-taschenlampe\/"},"modified":"2026-02-24T23:35:39","modified_gmt":"2026-02-24T23:35:39","slug":"k-tool-10w-wiederaufladbare-led-taschenlampe","status":"publish","type":"product","link":"https:\/\/stoic-curie.212-227-153-4.plesk.page\/de\/product\/k-tool-10w-wiederaufladbare-led-taschenlampe\/","title":{"rendered":"K-tool 10W Wiederaufladbare LED-Taschenlampe"},"content":{"rendered":"<p>K-tool 10W Wiederaufladbare LED-Taschenlampe &#8211; <\/p>\n<p>Diese LED-Taschenlampe verf\u00fcgt \u00fcber einen wiederaufladbaren Lithium-Akku, der \u00fcber einen USB-Anschluss aufgeladen werden kann. Sie hat ein ABS-Geh\u00e4use, das mit sto\u00dffestem Gummi verst\u00e4rkt ist, und ist mit einer 10W LED-Gl\u00fchlampe ausgestattet, die drei Lichtmodi bietet: intensiv, normal und SOS. Mit einer Laufzeit von 6 Stunden im Normallicht wird sie mit einem Trageband und einem USB-Kabel geliefert.<\/p>\n","protected":false},"excerpt":{"rendered":"<p>K-tool 10W Wiederaufladbare LED-Taschenlampe &#8211; Diese LED-Taschenlampe verf\u00fcgt \u00fcber einen wiederaufladbaren Lithium-Akku, der \u00fcber einen USB-Anschluss aufgeladen werden kann. Sie<\/p>\n","protected":false},"featured_media":5735387,"comment_status":"open","ping_status":"closed","template":"","meta":[],"product_brand":[2830],"product_cat":[1451],"product_tag":[],"class_list":{"0":"post-5736833","1":"product","2":"type-product","3":"status-publish","4":"has-post-thumbnail","6":"product_brand-blue-sea-systems-de","7":"product_cat-taschenlampen","9":"first","10":"instock","11":"shipping-taxable","12":"purchasable","13":"product-type-simple"},"_links":{"self":[{"href":"https:\/\/stoic-curie.212-227-153-4.plesk.page\/de\/wp-json\/wp\/v2\/product\/5736833","targetHints":{"allow":["GET"]}}],"collection":[{"href":"https:\/\/stoic-curie.212-227-153-4.plesk.page\/de\/wp-json\/wp\/v2\/product"}],"about":[{"href":"https:\/\/stoic-curie.212-227-153-4.plesk.page\/de\/wp-json\/wp\/v2\/types\/product"}],"replies":[{"embeddable":true,"href":"https:\/\/stoic-curie.212-227-153-4.plesk.page\/de\/wp-json\/wp\/v2\/comments?post=5736833"}],"version-history":[{"count":0,"href":"https:\/\/stoic-curie.212-227-153-4.plesk.page\/de\/wp-json\/wp\/v2\/product\/5736833\/revisions"}],"wp:featuredmedia":[{"embeddable":true,"href":"https:\/\/stoic-curie.212-227-153-4.plesk.page\/de\/wp-json\/wp\/v2\/media\/5735387"}],"wp:attachment":[{"href":"https:\/\/stoic-curie.212-227-153-4.plesk.page\/de\/wp-json\/wp\/v2\/media?parent=5736833"}],"wp:term":[{"taxonomy":"product_brand","embeddable":true,"href":"https:\/\/stoic-curie.212-227-153-4.plesk.page\/de\/wp-json\/wp\/v2\/product_brand?post=5736833"},{"taxonomy":"product_cat","embeddable":true,"href":"https:\/\/stoic-curie.212-227-153-4.plesk.page\/de\/wp-json\/wp\/v2\/product_cat?post=5736833"},{"taxonomy":"product_tag","embeddable":true,"href":"https:\/\/stoic-curie.212-227-153-4.plesk.page\/de\/wp-json\/wp\/v2\/product_tag?post=5736833"}],"curies":[{"name":"wp","href":"https:\/\/api.w.org\/{rel}","templated":true}]}}