{"id":5736837,"date":"2026-02-05T10:58:42","date_gmt":"2026-02-05T09:58:42","guid":{"rendered":"https:\/\/stoic-curie.212-227-153-4.plesk.page\/product\/jobe-elektrische-luftpumpe-230v\/"},"modified":"2026-02-24T23:35:45","modified_gmt":"2026-02-24T23:35:45","slug":"jobe-elektrische-luftpumpe-230v","status":"publish","type":"product","link":"https:\/\/stoic-curie.212-227-153-4.plesk.page\/de\/product\/jobe-elektrische-luftpumpe-230v\/","title":{"rendered":"Jobe Elektrische Luftpumpe 230V"},"content":{"rendered":"<p>Jobe Elektrische Luftpumpe 230V &#8211; <\/p>\n<p>Die Jobe Elektrische Luftpumpe 230V verf\u00fcgt \u00fcber drei verschiedene D\u00fcsen, die mit den meisten Ventilen kompatibel sind. Sie ben\u00f6tigt 0,65 Ampere und erzeugt einen Druck von bis zu 0,05 bar (0,74 psi) mit einer Luftstromrate von 27,5 ft\u00b3\/min.<\/p>\n","protected":false},"excerpt":{"rendered":"<p>Jobe Elektrische Luftpumpe 230V &#8211; Die Jobe Elektrische Luftpumpe 230V verf\u00fcgt \u00fcber drei verschiedene D\u00fcsen, die mit den meisten Ventilen<\/p>\n","protected":false},"featured_media":5735460,"comment_status":"open","ping_status":"closed","template":"","meta":[],"product_brand":[3040],"product_cat":[1558,1559],"product_tag":[],"class_list":{"0":"post-5736837","1":"product","2":"type-product","3":"status-publish","4":"has-post-thumbnail","6":"product_brand-jobe-sports-de","7":"product_cat-stand-up-paddle","8":"product_cat-wasserski-zubehoer","10":"first","11":"instock","12":"shipping-taxable","13":"purchasable","14":"product-type-simple"},"_links":{"self":[{"href":"https:\/\/stoic-curie.212-227-153-4.plesk.page\/de\/wp-json\/wp\/v2\/product\/5736837","targetHints":{"allow":["GET"]}}],"collection":[{"href":"https:\/\/stoic-curie.212-227-153-4.plesk.page\/de\/wp-json\/wp\/v2\/product"}],"about":[{"href":"https:\/\/stoic-curie.212-227-153-4.plesk.page\/de\/wp-json\/wp\/v2\/types\/product"}],"replies":[{"embeddable":true,"href":"https:\/\/stoic-curie.212-227-153-4.plesk.page\/de\/wp-json\/wp\/v2\/comments?post=5736837"}],"version-history":[{"count":0,"href":"https:\/\/stoic-curie.212-227-153-4.plesk.page\/de\/wp-json\/wp\/v2\/product\/5736837\/revisions"}],"wp:featuredmedia":[{"embeddable":true,"href":"https:\/\/stoic-curie.212-227-153-4.plesk.page\/de\/wp-json\/wp\/v2\/media\/5735460"}],"wp:attachment":[{"href":"https:\/\/stoic-curie.212-227-153-4.plesk.page\/de\/wp-json\/wp\/v2\/media?parent=5736837"}],"wp:term":[{"taxonomy":"product_brand","embeddable":true,"href":"https:\/\/stoic-curie.212-227-153-4.plesk.page\/de\/wp-json\/wp\/v2\/product_brand?post=5736837"},{"taxonomy":"product_cat","embeddable":true,"href":"https:\/\/stoic-curie.212-227-153-4.plesk.page\/de\/wp-json\/wp\/v2\/product_cat?post=5736837"},{"taxonomy":"product_tag","embeddable":true,"href":"https:\/\/stoic-curie.212-227-153-4.plesk.page\/de\/wp-json\/wp\/v2\/product_tag?post=5736837"}],"curies":[{"name":"wp","href":"https:\/\/api.w.org\/{rel}","templated":true}]}}