{"id":5736838,"date":"2026-02-05T10:58:42","date_gmt":"2026-02-05T09:58:42","guid":{"rendered":"https:\/\/stoic-curie.212-227-153-4.plesk.page\/product\/jobe-sup-pumpe-doppelaktion-20-psi\/"},"modified":"2026-02-24T23:35:45","modified_gmt":"2026-02-24T23:35:45","slug":"jobe-sup-pumpe-doppelaktion-20-psi","status":"publish","type":"product","link":"https:\/\/stoic-curie.212-227-153-4.plesk.page\/de\/product\/jobe-sup-pumpe-doppelaktion-20-psi\/","title":{"rendered":"Jobe SUP Pumpe &#8211; Doppelaktion 20 PSI"},"content":{"rendered":"<p>Jobe SUP Pumpe &#8211; Doppelaktion 20 PSI &#8211; <\/p>\n<p>Die Jobe-Handpumpe wurde speziell f\u00fcr Stand-Up-Paddleboards (SUPs) entwickelt und ist auf Langlebigkeit ausgelegt. Mit eingestecktem Stecker arbeitet sie als Doppelactionpumpe; durch Entfernen des Steckers verwandelt sie sich in eine leistungsstarke Einzelaktionpumpe, um die Arbeit zu beenden. Sie verf\u00fcgt \u00fcber eine Aluminiumschaft, einen Adapter, eine Halkey Roberts-D\u00fcse (kompatibel mit allen Jobe SUP-Ventilen), eine Nylon-Tragetasche und ein austauschbares eingebautes Manometer. Diese Pumpe kann bis zu 27 PSI aufpumpen.<\/p>\n","protected":false},"excerpt":{"rendered":"<p>Jobe SUP Pumpe &#8211; Doppelaktion 20 PSI &#8211; Die Jobe-Handpumpe wurde speziell f\u00fcr Stand-Up-Paddleboards (SUPs) entwickelt und ist auf Langlebigkeit<\/p>\n","protected":false},"featured_media":5735462,"comment_status":"open","ping_status":"closed","template":"","meta":[],"product_brand":[3040],"product_cat":[1558],"product_tag":[],"class_list":{"0":"post-5736838","1":"product","2":"type-product","3":"status-publish","4":"has-post-thumbnail","6":"product_brand-jobe-sports-de","7":"product_cat-stand-up-paddle","9":"first","10":"instock","11":"shipping-taxable","12":"purchasable","13":"product-type-simple"},"_links":{"self":[{"href":"https:\/\/stoic-curie.212-227-153-4.plesk.page\/de\/wp-json\/wp\/v2\/product\/5736838","targetHints":{"allow":["GET"]}}],"collection":[{"href":"https:\/\/stoic-curie.212-227-153-4.plesk.page\/de\/wp-json\/wp\/v2\/product"}],"about":[{"href":"https:\/\/stoic-curie.212-227-153-4.plesk.page\/de\/wp-json\/wp\/v2\/types\/product"}],"replies":[{"embeddable":true,"href":"https:\/\/stoic-curie.212-227-153-4.plesk.page\/de\/wp-json\/wp\/v2\/comments?post=5736838"}],"version-history":[{"count":0,"href":"https:\/\/stoic-curie.212-227-153-4.plesk.page\/de\/wp-json\/wp\/v2\/product\/5736838\/revisions"}],"wp:featuredmedia":[{"embeddable":true,"href":"https:\/\/stoic-curie.212-227-153-4.plesk.page\/de\/wp-json\/wp\/v2\/media\/5735462"}],"wp:attachment":[{"href":"https:\/\/stoic-curie.212-227-153-4.plesk.page\/de\/wp-json\/wp\/v2\/media?parent=5736838"}],"wp:term":[{"taxonomy":"product_brand","embeddable":true,"href":"https:\/\/stoic-curie.212-227-153-4.plesk.page\/de\/wp-json\/wp\/v2\/product_brand?post=5736838"},{"taxonomy":"product_cat","embeddable":true,"href":"https:\/\/stoic-curie.212-227-153-4.plesk.page\/de\/wp-json\/wp\/v2\/product_cat?post=5736838"},{"taxonomy":"product_tag","embeddable":true,"href":"https:\/\/stoic-curie.212-227-153-4.plesk.page\/de\/wp-json\/wp\/v2\/product_tag?post=5736838"}],"curies":[{"name":"wp","href":"https:\/\/api.w.org\/{rel}","templated":true}]}}