{"id":5736843,"date":"2026-02-05T10:58:47","date_gmt":"2026-02-05T09:58:47","guid":{"rendered":"https:\/\/stoic-curie.212-227-153-4.plesk.page\/product\/musto-crew-sonnenschutz-langarm-t-shirt-groesse-2xl-weiss\/"},"modified":"2026-02-24T23:35:45","modified_gmt":"2026-02-24T23:35:45","slug":"musto-crew-sonnenschutz-langarm-t-shirt-groesse-2xl-weiss","status":"publish","type":"product","link":"https:\/\/stoic-curie.212-227-153-4.plesk.page\/de\/product\/musto-crew-sonnenschutz-langarm-t-shirt-groesse-2xl-weiss\/","title":{"rendered":"Musto Crew Sonnenschutz Langarm-T-Shirt &#8211; Gr\u00f6\u00dfe 2XL &#8211; Wei\u00df"},"content":{"rendered":"<p>Musto Crew Sonnenschutz Langarm-T-Shirt &#8211; Gr\u00f6\u00dfe 2XL &#8211; Wei\u00df &#8211; <\/p>\n<p>Das Musto Crew Sonnenschutz Langarm-T-Shirt verf\u00fcgt \u00fcber eine bemerkenswerte Struktur aus UPF50-Polyester und Elasthan und bietet maximalen Schutz bei starker Sonneneinstrahlung. Die flach gen\u00e4hten N\u00e4hte sind kaum sp\u00fcrbar auf der Haut und sorgen f\u00fcr optimalen Komfort. Klicken Sie hier, um die genaue Gr\u00f6\u00dfe zu \u00fcberpr\u00fcfen:<\/p>\n","protected":false},"excerpt":{"rendered":"<p>Musto Crew Sonnenschutz Langarm-T-Shirt &#8211; Gr\u00f6\u00dfe 2XL &#8211; Wei\u00df &#8211; Das Musto Crew Sonnenschutz Langarm-T-Shirt verf\u00fcgt \u00fcber eine bemerkenswerte Struktur<\/p>\n","protected":false},"featured_media":5735465,"comment_status":"open","ping_status":"closed","template":"","meta":[],"product_brand":[3155],"product_cat":[1567],"product_tag":[],"class_list":{"0":"post-5736843","1":"product","2":"type-product","3":"status-publish","4":"has-post-thumbnail","6":"product_brand-musto-de","7":"product_cat-segelbekleidung-musto","9":"first","10":"instock","11":"shipping-taxable","12":"purchasable","13":"product-type-simple"},"_links":{"self":[{"href":"https:\/\/stoic-curie.212-227-153-4.plesk.page\/de\/wp-json\/wp\/v2\/product\/5736843","targetHints":{"allow":["GET"]}}],"collection":[{"href":"https:\/\/stoic-curie.212-227-153-4.plesk.page\/de\/wp-json\/wp\/v2\/product"}],"about":[{"href":"https:\/\/stoic-curie.212-227-153-4.plesk.page\/de\/wp-json\/wp\/v2\/types\/product"}],"replies":[{"embeddable":true,"href":"https:\/\/stoic-curie.212-227-153-4.plesk.page\/de\/wp-json\/wp\/v2\/comments?post=5736843"}],"version-history":[{"count":0,"href":"https:\/\/stoic-curie.212-227-153-4.plesk.page\/de\/wp-json\/wp\/v2\/product\/5736843\/revisions"}],"wp:featuredmedia":[{"embeddable":true,"href":"https:\/\/stoic-curie.212-227-153-4.plesk.page\/de\/wp-json\/wp\/v2\/media\/5735465"}],"wp:attachment":[{"href":"https:\/\/stoic-curie.212-227-153-4.plesk.page\/de\/wp-json\/wp\/v2\/media?parent=5736843"}],"wp:term":[{"taxonomy":"product_brand","embeddable":true,"href":"https:\/\/stoic-curie.212-227-153-4.plesk.page\/de\/wp-json\/wp\/v2\/product_brand?post=5736843"},{"taxonomy":"product_cat","embeddable":true,"href":"https:\/\/stoic-curie.212-227-153-4.plesk.page\/de\/wp-json\/wp\/v2\/product_cat?post=5736843"},{"taxonomy":"product_tag","embeddable":true,"href":"https:\/\/stoic-curie.212-227-153-4.plesk.page\/de\/wp-json\/wp\/v2\/product_tag?post=5736843"}],"curies":[{"name":"wp","href":"https:\/\/api.w.org\/{rel}","templated":true}]}}