{"id":5736844,"date":"2026-02-05T10:58:48","date_gmt":"2026-02-05T09:58:48","guid":{"rendered":"https:\/\/stoic-curie.212-227-153-4.plesk.page\/product\/musto-crew-sunblock-langarm-t-shirt-groesse-s-marineblau\/"},"modified":"2026-02-24T23:35:45","modified_gmt":"2026-02-24T23:35:45","slug":"musto-crew-sunblock-langarm-t-shirt-groesse-s-marineblau","status":"publish","type":"product","link":"https:\/\/stoic-curie.212-227-153-4.plesk.page\/de\/product\/musto-crew-sunblock-langarm-t-shirt-groesse-s-marineblau\/","title":{"rendered":"Musto Crew Sunblock Langarm-T-Shirt &#8211; Gr\u00f6\u00dfe S &#8211; Marineblau"},"content":{"rendered":"<p>Musto Crew Sunblock Langarm-T-Shirt &#8211; Gr\u00f6\u00dfe S &#8211; Marineblau &#8211; <\/p>\n<p>Die Musto Crew Sunblock Langarm-T-Shirt ist aus hochwertigem UPF50-Polyester und Elasthan gefertigt und bietet optimalen Schutz bei starker Sonneneinstrahlung. Die flachgen\u00e4hten N\u00e4hte sind fast nicht mehr auf der Haut zu sp\u00fcren und sorgen f\u00fcr maximalen Komfort. <br \/> Klicken Sie hier, um die genaue Gr\u00f6\u00dfe zu \u00fcberpr\u00fcfen:<\/p>\n","protected":false},"excerpt":{"rendered":"<p>Musto Crew Sunblock Langarm-T-Shirt &#8211; Gr\u00f6\u00dfe S &#8211; Marineblau &#8211; Die Musto Crew Sunblock Langarm-T-Shirt ist aus hochwertigem UPF50-Polyester und<\/p>\n","protected":false},"featured_media":5735465,"comment_status":"open","ping_status":"closed","template":"","meta":[],"product_brand":[3155],"product_cat":[1567],"product_tag":[],"class_list":{"0":"post-5736844","1":"product","2":"type-product","3":"status-publish","4":"has-post-thumbnail","6":"product_brand-musto-de","7":"product_cat-segelbekleidung-musto","9":"first","10":"instock","11":"shipping-taxable","12":"purchasable","13":"product-type-simple"},"_links":{"self":[{"href":"https:\/\/stoic-curie.212-227-153-4.plesk.page\/de\/wp-json\/wp\/v2\/product\/5736844","targetHints":{"allow":["GET"]}}],"collection":[{"href":"https:\/\/stoic-curie.212-227-153-4.plesk.page\/de\/wp-json\/wp\/v2\/product"}],"about":[{"href":"https:\/\/stoic-curie.212-227-153-4.plesk.page\/de\/wp-json\/wp\/v2\/types\/product"}],"replies":[{"embeddable":true,"href":"https:\/\/stoic-curie.212-227-153-4.plesk.page\/de\/wp-json\/wp\/v2\/comments?post=5736844"}],"version-history":[{"count":0,"href":"https:\/\/stoic-curie.212-227-153-4.plesk.page\/de\/wp-json\/wp\/v2\/product\/5736844\/revisions"}],"wp:featuredmedia":[{"embeddable":true,"href":"https:\/\/stoic-curie.212-227-153-4.plesk.page\/de\/wp-json\/wp\/v2\/media\/5735465"}],"wp:attachment":[{"href":"https:\/\/stoic-curie.212-227-153-4.plesk.page\/de\/wp-json\/wp\/v2\/media?parent=5736844"}],"wp:term":[{"taxonomy":"product_brand","embeddable":true,"href":"https:\/\/stoic-curie.212-227-153-4.plesk.page\/de\/wp-json\/wp\/v2\/product_brand?post=5736844"},{"taxonomy":"product_cat","embeddable":true,"href":"https:\/\/stoic-curie.212-227-153-4.plesk.page\/de\/wp-json\/wp\/v2\/product_cat?post=5736844"},{"taxonomy":"product_tag","embeddable":true,"href":"https:\/\/stoic-curie.212-227-153-4.plesk.page\/de\/wp-json\/wp\/v2\/product_tag?post=5736844"}],"curies":[{"name":"wp","href":"https:\/\/api.w.org\/{rel}","templated":true}]}}