{"id":5736855,"date":"2026-02-05T10:58:58","date_gmt":"2026-02-05T09:58:58","guid":{"rendered":"https:\/\/stoic-curie.212-227-153-4.plesk.page\/product\/musto-performance-handschuhe-2-0-finger-3-4-l-groesse-s\/"},"modified":"2026-02-24T23:35:53","modified_gmt":"2026-02-24T23:35:53","slug":"musto-performance-handschuhe-2-0-finger-3-4-l-groesse-s","status":"publish","type":"product","link":"https:\/\/stoic-curie.212-227-153-4.plesk.page\/de\/product\/musto-performance-handschuhe-2-0-finger-3-4-l-groesse-s\/","title":{"rendered":"Musto Performance-Handschuhe 2.0 Finger 3\/4 L Gr\u00f6\u00dfe S"},"content":{"rendered":"<p>Musto Performance-Handschuhe 2.0 Finger 3\/4 L Gr\u00f6\u00dfe S &#8211; <\/p>\n<p>Die premium Performance-Handschuhe von Musto verf\u00fcgen \u00fcber eine leichte, 4-Wege-Dehnungsstruktur aus dynamischem Mesh, die anatomischen Komfort mit voller Bewegungsfreiheit kombiniert. Das Dynamic Git-System erm\u00f6glicht eine uneingeschr\u00e4nkte Beweglichkeit der Kn\u00f6chel f\u00fcr maximalen Komfort. Eine GripFlex-Handfl\u00e4che sorgt f\u00fcr hervorragenden Grip, w\u00e4hrend der verl\u00e4ngerte Bund zus\u00e4tzlichen Schutz bietet. Klicken Sie hier, um die genaue Gr\u00f6\u00dfe zu \u00fcberpr\u00fcfen:<\/p>\n","protected":false},"excerpt":{"rendered":"<p>Musto Performance-Handschuhe 2.0 Finger 3\/4 L Gr\u00f6\u00dfe S &#8211; Die premium Performance-Handschuhe von Musto verf\u00fcgen \u00fcber eine leichte, 4-Wege-Dehnungsstruktur aus<\/p>\n","protected":false},"featured_media":5735600,"comment_status":"open","ping_status":"closed","template":"","meta":[],"product_brand":[3155],"product_cat":[1571],"product_tag":[],"class_list":{"0":"post-5736855","1":"product","2":"type-product","3":"status-publish","4":"has-post-thumbnail","6":"product_brand-musto-de","7":"product_cat-segelhandschuhe","9":"first","10":"instock","11":"shipping-taxable","12":"purchasable","13":"product-type-simple"},"_links":{"self":[{"href":"https:\/\/stoic-curie.212-227-153-4.plesk.page\/de\/wp-json\/wp\/v2\/product\/5736855","targetHints":{"allow":["GET"]}}],"collection":[{"href":"https:\/\/stoic-curie.212-227-153-4.plesk.page\/de\/wp-json\/wp\/v2\/product"}],"about":[{"href":"https:\/\/stoic-curie.212-227-153-4.plesk.page\/de\/wp-json\/wp\/v2\/types\/product"}],"replies":[{"embeddable":true,"href":"https:\/\/stoic-curie.212-227-153-4.plesk.page\/de\/wp-json\/wp\/v2\/comments?post=5736855"}],"version-history":[{"count":0,"href":"https:\/\/stoic-curie.212-227-153-4.plesk.page\/de\/wp-json\/wp\/v2\/product\/5736855\/revisions"}],"wp:featuredmedia":[{"embeddable":true,"href":"https:\/\/stoic-curie.212-227-153-4.plesk.page\/de\/wp-json\/wp\/v2\/media\/5735600"}],"wp:attachment":[{"href":"https:\/\/stoic-curie.212-227-153-4.plesk.page\/de\/wp-json\/wp\/v2\/media?parent=5736855"}],"wp:term":[{"taxonomy":"product_brand","embeddable":true,"href":"https:\/\/stoic-curie.212-227-153-4.plesk.page\/de\/wp-json\/wp\/v2\/product_brand?post=5736855"},{"taxonomy":"product_cat","embeddable":true,"href":"https:\/\/stoic-curie.212-227-153-4.plesk.page\/de\/wp-json\/wp\/v2\/product_cat?post=5736855"},{"taxonomy":"product_tag","embeddable":true,"href":"https:\/\/stoic-curie.212-227-153-4.plesk.page\/de\/wp-json\/wp\/v2\/product_tag?post=5736855"}],"curies":[{"name":"wp","href":"https:\/\/api.w.org\/{rel}","templated":true}]}}