{"id":5736864,"date":"2026-02-05T10:59:07","date_gmt":"2026-02-05T09:59:07","guid":{"rendered":"https:\/\/stoic-curie.212-227-153-4.plesk.page\/product\/musto-performance-handschuhe-2-0-vollfinger-groesse-l-xl\/"},"modified":"2026-02-24T23:35:53","modified_gmt":"2026-02-24T23:35:53","slug":"musto-performance-handschuhe-2-0-vollfinger-groesse-l-xl","status":"publish","type":"product","link":"https:\/\/stoic-curie.212-227-153-4.plesk.page\/de\/product\/musto-performance-handschuhe-2-0-vollfinger-groesse-l-xl\/","title":{"rendered":"Musto Performance Handschuhe 2.0 Vollfinger Gr\u00f6\u00dfe L\/XL"},"content":{"rendered":"<p>Musto Performance Handschuhe 2.0 Vollfinger Gr\u00f6\u00dfe L\/XL &#8211; <\/p>\n<p>Die hochwertigen Performance Handschuhe von Musto bestehen aus einem leichten 4-Wege-Stretch-Dynamic-Mesh, das atmungsaktiven und anatomischen Komfort mit vollem Bewegungsspielraum kombiniert. Das Dynamic Git-System erm\u00f6glicht uneingeschr\u00e4nkte Beweglichkeit der Kn\u00f6chel f\u00fcr maximalen Komfort. Eine GripFlex-Handfl\u00e4che sorgt f\u00fcr \u00fcberragenden Grip, erg\u00e4nzt durch einen verl\u00e4ngerten Bund f\u00fcr zus\u00e4tzlichen Schutz.<\/p>\n","protected":false},"excerpt":{"rendered":"<p>Musto Performance Handschuhe 2.0 Vollfinger Gr\u00f6\u00dfe L\/XL &#8211; Die hochwertigen Performance Handschuhe von Musto bestehen aus einem leichten 4-Wege-Stretch-Dynamic-Mesh, das<\/p>\n","protected":false},"featured_media":5735600,"comment_status":"open","ping_status":"closed","template":"","meta":[],"product_brand":[3155],"product_cat":[1571],"product_tag":[],"class_list":{"0":"post-5736864","1":"product","2":"type-product","3":"status-publish","4":"has-post-thumbnail","6":"product_brand-musto-de","7":"product_cat-segelhandschuhe","9":"first","10":"instock","11":"shipping-taxable","12":"purchasable","13":"product-type-simple"},"_links":{"self":[{"href":"https:\/\/stoic-curie.212-227-153-4.plesk.page\/de\/wp-json\/wp\/v2\/product\/5736864","targetHints":{"allow":["GET"]}}],"collection":[{"href":"https:\/\/stoic-curie.212-227-153-4.plesk.page\/de\/wp-json\/wp\/v2\/product"}],"about":[{"href":"https:\/\/stoic-curie.212-227-153-4.plesk.page\/de\/wp-json\/wp\/v2\/types\/product"}],"replies":[{"embeddable":true,"href":"https:\/\/stoic-curie.212-227-153-4.plesk.page\/de\/wp-json\/wp\/v2\/comments?post=5736864"}],"version-history":[{"count":0,"href":"https:\/\/stoic-curie.212-227-153-4.plesk.page\/de\/wp-json\/wp\/v2\/product\/5736864\/revisions"}],"wp:featuredmedia":[{"embeddable":true,"href":"https:\/\/stoic-curie.212-227-153-4.plesk.page\/de\/wp-json\/wp\/v2\/media\/5735600"}],"wp:attachment":[{"href":"https:\/\/stoic-curie.212-227-153-4.plesk.page\/de\/wp-json\/wp\/v2\/media?parent=5736864"}],"wp:term":[{"taxonomy":"product_brand","embeddable":true,"href":"https:\/\/stoic-curie.212-227-153-4.plesk.page\/de\/wp-json\/wp\/v2\/product_brand?post=5736864"},{"taxonomy":"product_cat","embeddable":true,"href":"https:\/\/stoic-curie.212-227-153-4.plesk.page\/de\/wp-json\/wp\/v2\/product_cat?post=5736864"},{"taxonomy":"product_tag","embeddable":true,"href":"https:\/\/stoic-curie.212-227-153-4.plesk.page\/de\/wp-json\/wp\/v2\/product_tag?post=5736864"}],"curies":[{"name":"wp","href":"https:\/\/api.w.org\/{rel}","templated":true}]}}