{"id":5736869,"date":"2026-02-05T10:59:12","date_gmt":"2026-02-05T09:59:12","guid":{"rendered":"https:\/\/stoic-curie.212-227-153-4.plesk.page\/product\/hh-voss-regenjacke-groesse-2xl-marineblau\/"},"modified":"2026-02-24T23:35:53","modified_gmt":"2026-02-24T23:35:53","slug":"hh-voss-regenjacke-groesse-2xl-marineblau","status":"publish","type":"product","link":"https:\/\/stoic-curie.212-227-153-4.plesk.page\/de\/product\/hh-voss-regenjacke-groesse-2xl-marineblau\/","title":{"rendered":"Hh Voss Regenjacke Gr\u00f6\u00dfe 2XL &#8211; Marineblau"},"content":{"rendered":"<p>Hh Voss Regenjacke Gr\u00f6\u00dfe 2XL &#8211; Marineblau &#8211; <\/p>\n<p>Helly Hansen Voss Regenjacke, zuverl\u00e4ssig und langlebig, perfekt f\u00fcr jedes Wetter. Inspiriert von den Jacken nordischer Fischer, besteht sie aus PU Helox+ Material, das v\u00f6llig winddicht und wasserdicht ist, um optimalen Schutz zu bieten. Das dehnbare PU Helox+ Material sorgt auch bei l\u00e4ngerem Tragen f\u00fcr Komfort. Ein Symbol f\u00fcr Design und Funktionalit\u00e4t, ideal f\u00fcr diejenigen, die Zuverl\u00e4ssigkeit und Stil suchen. Klicken Sie hier, um die genaue Gr\u00f6\u00dfe zu \u00fcberpr\u00fcfen:<\/p>\n","protected":false},"excerpt":{"rendered":"<p>Hh Voss Regenjacke Gr\u00f6\u00dfe 2XL &#8211; Marineblau &#8211; Helly Hansen Voss Regenjacke, zuverl\u00e4ssig und langlebig, perfekt f\u00fcr jedes Wetter. Inspiriert<\/p>\n","protected":false},"featured_media":5735681,"comment_status":"open","ping_status":"closed","template":"","meta":[],"product_brand":[3000],"product_cat":[1570],"product_tag":[],"class_list":{"0":"post-5736869","1":"product","2":"type-product","3":"status-publish","4":"has-post-thumbnail","6":"product_brand-helly-hansen-de","7":"product_cat-nautische-bekleidung-helly-hansen","9":"first","10":"instock","11":"shipping-taxable","12":"purchasable","13":"product-type-simple"},"_links":{"self":[{"href":"https:\/\/stoic-curie.212-227-153-4.plesk.page\/de\/wp-json\/wp\/v2\/product\/5736869","targetHints":{"allow":["GET"]}}],"collection":[{"href":"https:\/\/stoic-curie.212-227-153-4.plesk.page\/de\/wp-json\/wp\/v2\/product"}],"about":[{"href":"https:\/\/stoic-curie.212-227-153-4.plesk.page\/de\/wp-json\/wp\/v2\/types\/product"}],"replies":[{"embeddable":true,"href":"https:\/\/stoic-curie.212-227-153-4.plesk.page\/de\/wp-json\/wp\/v2\/comments?post=5736869"}],"version-history":[{"count":0,"href":"https:\/\/stoic-curie.212-227-153-4.plesk.page\/de\/wp-json\/wp\/v2\/product\/5736869\/revisions"}],"wp:featuredmedia":[{"embeddable":true,"href":"https:\/\/stoic-curie.212-227-153-4.plesk.page\/de\/wp-json\/wp\/v2\/media\/5735681"}],"wp:attachment":[{"href":"https:\/\/stoic-curie.212-227-153-4.plesk.page\/de\/wp-json\/wp\/v2\/media?parent=5736869"}],"wp:term":[{"taxonomy":"product_brand","embeddable":true,"href":"https:\/\/stoic-curie.212-227-153-4.plesk.page\/de\/wp-json\/wp\/v2\/product_brand?post=5736869"},{"taxonomy":"product_cat","embeddable":true,"href":"https:\/\/stoic-curie.212-227-153-4.plesk.page\/de\/wp-json\/wp\/v2\/product_cat?post=5736869"},{"taxonomy":"product_tag","embeddable":true,"href":"https:\/\/stoic-curie.212-227-153-4.plesk.page\/de\/wp-json\/wp\/v2\/product_tag?post=5736869"}],"curies":[{"name":"wp","href":"https:\/\/api.w.org\/{rel}","templated":true}]}}