{"id":5736899,"date":"2026-02-05T10:59:42","date_gmt":"2026-02-05T09:59:42","guid":{"rendered":"https:\/\/stoic-curie.212-227-153-4.plesk.page\/product\/original-reparaturkit-fuer-antriebseinheiten-von-volvo-penta-motoren-code-3850594-fuer-dp-sx-dps\/"},"modified":"2026-02-24T23:35:57","modified_gmt":"2026-02-24T23:35:57","slug":"original-reparaturkit-fuer-antriebseinheiten-von-volvo-penta-motoren-code-3850594-fuer-dp-sx-dps","status":"publish","type":"product","link":"https:\/\/stoic-curie.212-227-153-4.plesk.page\/de\/product\/original-reparaturkit-fuer-antriebseinheiten-von-volvo-penta-motoren-code-3850594-fuer-dp-sx-dps\/","title":{"rendered":"Original Reparaturkit f\u00fcr Antriebseinheiten von Volvo Penta-Motoren &#8211; Code 3850594 f\u00fcr DP\/SX\/DPS"},"content":{"rendered":"<p>Original Reparaturkit f\u00fcr Antriebseinheiten von Volvo Penta-Motoren &#8211; Code 3850594 f\u00fcr DP\/SX\/DPS &#8211; Dieses originale Reparaturkit f\u00fcr Antriebseinheiten ist speziell f\u00fcr Volvo Penta-Motoren konzipiert. Es enth\u00e4lt alle erforderlichen Komponenten f\u00fcr eine zuverl\u00e4ssige und effiziente Reparatur, passend f\u00fcr die Modelle DP, SX und DPS.<\/p>\n","protected":false},"excerpt":{"rendered":"<p>Original Reparaturkit f\u00fcr Antriebseinheiten von Volvo Penta-Motoren &#8211; Code 3850594 f\u00fcr DP\/SX\/DPS &#8211; Dieses originale Reparaturkit f\u00fcr Antriebseinheiten ist speziell<\/p>\n","protected":false},"featured_media":5735979,"comment_status":"open","ping_status":"closed","template":"","meta":[],"product_brand":[3390],"product_cat":[1542],"product_tag":[],"class_list":{"0":"post-5736899","1":"product","2":"type-product","3":"status-publish","4":"has-post-thumbnail","6":"product_brand-sierra-marine-de","7":"product_cat-marine-ersatzteile-fuer-volvo-penta","9":"first","10":"instock","11":"shipping-taxable","12":"purchasable","13":"product-type-simple"},"_links":{"self":[{"href":"https:\/\/stoic-curie.212-227-153-4.plesk.page\/de\/wp-json\/wp\/v2\/product\/5736899","targetHints":{"allow":["GET"]}}],"collection":[{"href":"https:\/\/stoic-curie.212-227-153-4.plesk.page\/de\/wp-json\/wp\/v2\/product"}],"about":[{"href":"https:\/\/stoic-curie.212-227-153-4.plesk.page\/de\/wp-json\/wp\/v2\/types\/product"}],"replies":[{"embeddable":true,"href":"https:\/\/stoic-curie.212-227-153-4.plesk.page\/de\/wp-json\/wp\/v2\/comments?post=5736899"}],"version-history":[{"count":0,"href":"https:\/\/stoic-curie.212-227-153-4.plesk.page\/de\/wp-json\/wp\/v2\/product\/5736899\/revisions"}],"wp:featuredmedia":[{"embeddable":true,"href":"https:\/\/stoic-curie.212-227-153-4.plesk.page\/de\/wp-json\/wp\/v2\/media\/5735979"}],"wp:attachment":[{"href":"https:\/\/stoic-curie.212-227-153-4.plesk.page\/de\/wp-json\/wp\/v2\/media?parent=5736899"}],"wp:term":[{"taxonomy":"product_brand","embeddable":true,"href":"https:\/\/stoic-curie.212-227-153-4.plesk.page\/de\/wp-json\/wp\/v2\/product_brand?post=5736899"},{"taxonomy":"product_cat","embeddable":true,"href":"https:\/\/stoic-curie.212-227-153-4.plesk.page\/de\/wp-json\/wp\/v2\/product_cat?post=5736899"},{"taxonomy":"product_tag","embeddable":true,"href":"https:\/\/stoic-curie.212-227-153-4.plesk.page\/de\/wp-json\/wp\/v2\/product_tag?post=5736899"}],"curies":[{"name":"wp","href":"https:\/\/api.w.org\/{rel}","templated":true}]}}