{"id":5736900,"date":"2026-02-05T10:59:43","date_gmt":"2026-02-05T09:59:43","guid":{"rendered":"https:\/\/stoic-curie.212-227-153-4.plesk.page\/product\/echtes-reparaturset-fuer-antriebsaggregate-von-volvo-penta-motoren-876266\/"},"modified":"2026-02-24T23:35:57","modified_gmt":"2026-02-24T23:35:57","slug":"echtes-reparaturset-fuer-antriebsaggregate-von-volvo-penta-motoren-876266","status":"publish","type":"product","link":"https:\/\/stoic-curie.212-227-153-4.plesk.page\/de\/product\/echtes-reparaturset-fuer-antriebsaggregate-von-volvo-penta-motoren-876266\/","title":{"rendered":"Echtes Reparaturset f\u00fcr Antriebsaggregate von Volvo Penta Motoren 876266"},"content":{"rendered":"<p>Echtes Reparaturset f\u00fcr Antriebsaggregate von Volvo Penta Motoren 876266 &#8211; Dieses hochwertige Reparaturset ist speziell f\u00fcr Volvo Penta Motoren mit den Codes 200, 250, 270, 275, 280, 285, 290, DP und SP entwickelt. Stellen Sie mit originalen Teilen eine optimale Leistung und Langlebigkeit Ihres Motors sicher.<\/p>\n","protected":false},"excerpt":{"rendered":"<p>Echtes Reparaturset f\u00fcr Antriebsaggregate von Volvo Penta Motoren 876266 &#8211; Dieses hochwertige Reparaturset ist speziell f\u00fcr Volvo Penta Motoren mit<\/p>\n","protected":false},"featured_media":5735979,"comment_status":"open","ping_status":"closed","template":"","meta":[],"product_brand":[3390],"product_cat":[1542],"product_tag":[],"class_list":{"0":"post-5736900","1":"product","2":"type-product","3":"status-publish","4":"has-post-thumbnail","6":"product_brand-sierra-marine-de","7":"product_cat-marine-ersatzteile-fuer-volvo-penta","9":"first","10":"instock","11":"shipping-taxable","12":"purchasable","13":"product-type-simple"},"_links":{"self":[{"href":"https:\/\/stoic-curie.212-227-153-4.plesk.page\/de\/wp-json\/wp\/v2\/product\/5736900","targetHints":{"allow":["GET"]}}],"collection":[{"href":"https:\/\/stoic-curie.212-227-153-4.plesk.page\/de\/wp-json\/wp\/v2\/product"}],"about":[{"href":"https:\/\/stoic-curie.212-227-153-4.plesk.page\/de\/wp-json\/wp\/v2\/types\/product"}],"replies":[{"embeddable":true,"href":"https:\/\/stoic-curie.212-227-153-4.plesk.page\/de\/wp-json\/wp\/v2\/comments?post=5736900"}],"version-history":[{"count":0,"href":"https:\/\/stoic-curie.212-227-153-4.plesk.page\/de\/wp-json\/wp\/v2\/product\/5736900\/revisions"}],"wp:featuredmedia":[{"embeddable":true,"href":"https:\/\/stoic-curie.212-227-153-4.plesk.page\/de\/wp-json\/wp\/v2\/media\/5735979"}],"wp:attachment":[{"href":"https:\/\/stoic-curie.212-227-153-4.plesk.page\/de\/wp-json\/wp\/v2\/media?parent=5736900"}],"wp:term":[{"taxonomy":"product_brand","embeddable":true,"href":"https:\/\/stoic-curie.212-227-153-4.plesk.page\/de\/wp-json\/wp\/v2\/product_brand?post=5736900"},{"taxonomy":"product_cat","embeddable":true,"href":"https:\/\/stoic-curie.212-227-153-4.plesk.page\/de\/wp-json\/wp\/v2\/product_cat?post=5736900"},{"taxonomy":"product_tag","embeddable":true,"href":"https:\/\/stoic-curie.212-227-153-4.plesk.page\/de\/wp-json\/wp\/v2\/product_tag?post=5736900"}],"curies":[{"name":"wp","href":"https:\/\/api.w.org\/{rel}","templated":true}]}}