{"id":5736901,"date":"2026-02-05T10:59:43","date_gmt":"2026-02-05T09:59:43","guid":{"rendered":"https:\/\/stoic-curie.212-227-153-4.plesk.page\/product\/antriebseinheit-reparaturset-fuer-volvo-penta-motoren-original-876267\/"},"modified":"2026-02-24T23:35:57","modified_gmt":"2026-02-24T23:35:57","slug":"antriebseinheit-reparaturset-fuer-volvo-penta-motoren-original-876267","status":"publish","type":"product","link":"https:\/\/stoic-curie.212-227-153-4.plesk.page\/de\/product\/antriebseinheit-reparaturset-fuer-volvo-penta-motoren-original-876267\/","title":{"rendered":"Antriebseinheit Reparaturset f\u00fcr Volvo Penta Motoren &#8211; Original 876267"},"content":{"rendered":"<p>Antriebseinheit Reparaturset f\u00fcr Volvo Penta Motoren &#8211; Original 876267 &#8211; Dieses hochwertige Reparaturset f\u00fcr die Antriebseinheit ist speziell f\u00fcr Volvo Penta Motoren konzipiert. Es ist mit den Modellen DP, 280DP, 290DP, AD, KAD, MD und TMD kompatibel und gew\u00e4hrleistet optimale Leistung und Zuverl\u00e4ssigkeit f\u00fcr Ihren Motor.<\/p>\n","protected":false},"excerpt":{"rendered":"<p>Antriebseinheit Reparaturset f\u00fcr Volvo Penta Motoren &#8211; Original 876267 &#8211; Dieses hochwertige Reparaturset f\u00fcr die Antriebseinheit ist speziell f\u00fcr Volvo<\/p>\n","protected":false},"featured_media":5735979,"comment_status":"open","ping_status":"closed","template":"","meta":[],"product_brand":[3390],"product_cat":[1542],"product_tag":[],"class_list":{"0":"post-5736901","1":"product","2":"type-product","3":"status-publish","4":"has-post-thumbnail","6":"product_brand-sierra-marine-de","7":"product_cat-marine-ersatzteile-fuer-volvo-penta","9":"first","10":"instock","11":"shipping-taxable","12":"purchasable","13":"product-type-simple"},"_links":{"self":[{"href":"https:\/\/stoic-curie.212-227-153-4.plesk.page\/de\/wp-json\/wp\/v2\/product\/5736901","targetHints":{"allow":["GET"]}}],"collection":[{"href":"https:\/\/stoic-curie.212-227-153-4.plesk.page\/de\/wp-json\/wp\/v2\/product"}],"about":[{"href":"https:\/\/stoic-curie.212-227-153-4.plesk.page\/de\/wp-json\/wp\/v2\/types\/product"}],"replies":[{"embeddable":true,"href":"https:\/\/stoic-curie.212-227-153-4.plesk.page\/de\/wp-json\/wp\/v2\/comments?post=5736901"}],"version-history":[{"count":0,"href":"https:\/\/stoic-curie.212-227-153-4.plesk.page\/de\/wp-json\/wp\/v2\/product\/5736901\/revisions"}],"wp:featuredmedia":[{"embeddable":true,"href":"https:\/\/stoic-curie.212-227-153-4.plesk.page\/de\/wp-json\/wp\/v2\/media\/5735979"}],"wp:attachment":[{"href":"https:\/\/stoic-curie.212-227-153-4.plesk.page\/de\/wp-json\/wp\/v2\/media?parent=5736901"}],"wp:term":[{"taxonomy":"product_brand","embeddable":true,"href":"https:\/\/stoic-curie.212-227-153-4.plesk.page\/de\/wp-json\/wp\/v2\/product_brand?post=5736901"},{"taxonomy":"product_cat","embeddable":true,"href":"https:\/\/stoic-curie.212-227-153-4.plesk.page\/de\/wp-json\/wp\/v2\/product_cat?post=5736901"},{"taxonomy":"product_tag","embeddable":true,"href":"https:\/\/stoic-curie.212-227-153-4.plesk.page\/de\/wp-json\/wp\/v2\/product_tag?post=5736901"}],"curies":[{"name":"wp","href":"https:\/\/api.w.org\/{rel}","templated":true}]}}