{"id":5736903,"date":"2026-02-05T10:59:45","date_gmt":"2026-02-05T09:59:45","guid":{"rendered":"https:\/\/stoic-curie.212-227-153-4.plesk.page\/product\/echter-luftfilter-fuer-volvo-penta-motoren-21171277\/"},"modified":"2026-02-24T23:35:57","modified_gmt":"2026-02-24T23:35:57","slug":"echter-luftfilter-fuer-volvo-penta-motoren-21171277","status":"publish","type":"product","link":"https:\/\/stoic-curie.212-227-153-4.plesk.page\/de\/product\/echter-luftfilter-fuer-volvo-penta-motoren-21171277\/","title":{"rendered":"Echter Luftfilter f\u00fcr Volvo Penta Motoren 21171277"},"content":{"rendered":"<p>Echter Luftfilter f\u00fcr Volvo Penta Motoren 21171277 &#8211; <\/p>\n<p>Hochwertiger Luftfilter f\u00fcr Volvo Penta Motoren. Dies ist ein kompatibler Ersatz f\u00fcr das OEM-Teil.<\/p>\n","protected":false},"excerpt":{"rendered":"<p>Echter Luftfilter f\u00fcr Volvo Penta Motoren 21171277 &#8211; Hochwertiger Luftfilter f\u00fcr Volvo Penta Motoren. Dies ist ein kompatibler Ersatz f\u00fcr<\/p>\n","protected":false},"featured_media":5735993,"comment_status":"open","ping_status":"closed","template":"","meta":[],"product_brand":[3390],"product_cat":[1542],"product_tag":[],"class_list":{"0":"post-5736903","1":"product","2":"type-product","3":"status-publish","4":"has-post-thumbnail","6":"product_brand-sierra-marine-de","7":"product_cat-marine-ersatzteile-fuer-volvo-penta","9":"first","10":"instock","11":"shipping-taxable","12":"purchasable","13":"product-type-simple"},"_links":{"self":[{"href":"https:\/\/stoic-curie.212-227-153-4.plesk.page\/de\/wp-json\/wp\/v2\/product\/5736903","targetHints":{"allow":["GET"]}}],"collection":[{"href":"https:\/\/stoic-curie.212-227-153-4.plesk.page\/de\/wp-json\/wp\/v2\/product"}],"about":[{"href":"https:\/\/stoic-curie.212-227-153-4.plesk.page\/de\/wp-json\/wp\/v2\/types\/product"}],"replies":[{"embeddable":true,"href":"https:\/\/stoic-curie.212-227-153-4.plesk.page\/de\/wp-json\/wp\/v2\/comments?post=5736903"}],"version-history":[{"count":0,"href":"https:\/\/stoic-curie.212-227-153-4.plesk.page\/de\/wp-json\/wp\/v2\/product\/5736903\/revisions"}],"wp:featuredmedia":[{"embeddable":true,"href":"https:\/\/stoic-curie.212-227-153-4.plesk.page\/de\/wp-json\/wp\/v2\/media\/5735993"}],"wp:attachment":[{"href":"https:\/\/stoic-curie.212-227-153-4.plesk.page\/de\/wp-json\/wp\/v2\/media?parent=5736903"}],"wp:term":[{"taxonomy":"product_brand","embeddable":true,"href":"https:\/\/stoic-curie.212-227-153-4.plesk.page\/de\/wp-json\/wp\/v2\/product_brand?post=5736903"},{"taxonomy":"product_cat","embeddable":true,"href":"https:\/\/stoic-curie.212-227-153-4.plesk.page\/de\/wp-json\/wp\/v2\/product_cat?post=5736903"},{"taxonomy":"product_tag","embeddable":true,"href":"https:\/\/stoic-curie.212-227-153-4.plesk.page\/de\/wp-json\/wp\/v2\/product_tag?post=5736903"}],"curies":[{"name":"wp","href":"https:\/\/api.w.org\/{rel}","templated":true}]}}