{"id":5736906,"date":"2026-02-05T10:59:48","date_gmt":"2026-02-05T09:59:48","guid":{"rendered":"https:\/\/stoic-curie.212-227-153-4.plesk.page\/product\/wasserpumpen-und-antriebseinheit-reparatursatz-fuer-yamaha-aussenbordmotoren-original-6e5-w0078-01-code-fuer-motoren-115-130\/"},"modified":"2026-02-24T23:36:15","modified_gmt":"2026-02-24T23:36:15","slug":"wasserpumpen-und-antriebseinheit-reparatursatz-fuer-yamaha-aussenbordmotoren-original-6e5-w0078-01-code-fuer-motoren-115-130","status":"publish","type":"product","link":"https:\/\/stoic-curie.212-227-153-4.plesk.page\/de\/product\/wasserpumpen-und-antriebseinheit-reparatursatz-fuer-yamaha-aussenbordmotoren-original-6e5-w0078-01-code-fuer-motoren-115-130\/","title":{"rendered":"Wasserpumpen- und Antriebseinheit Reparatursatz f\u00fcr Yamaha Au\u00dfenbordmotoren &#8211; Original 6E5-W0078-01 Code f\u00fcr Motoren 115\/130"},"content":{"rendered":"<p>Wasserpumpen- und Antriebseinheit Reparatursatz f\u00fcr Yamaha Au\u00dfenbordmotoren &#8211; Original 6E5-W0078-01 Code f\u00fcr Motoren 115\/130 &#8211;<\/p>\n","protected":false},"excerpt":{"rendered":"<p>Wasserpumpen- und Antriebseinheit Reparatursatz f\u00fcr Yamaha Au\u00dfenbordmotoren &#8211; Original 6E5-W0078-01 Code f\u00fcr Motoren 115\/130 &#8211;<\/p>\n","protected":false},"featured_media":5735996,"comment_status":"open","ping_status":"closed","template":"","meta":[],"product_brand":[3390],"product_cat":[1544],"product_tag":[],"class_list":{"0":"post-5736906","1":"product","2":"type-product","3":"status-publish","4":"has-post-thumbnail","6":"product_brand-sierra-marine-de","7":"product_cat-marine-ersatzteile-fuer-yamaha","9":"first","10":"instock","11":"shipping-taxable","12":"purchasable","13":"product-type-simple"},"_links":{"self":[{"href":"https:\/\/stoic-curie.212-227-153-4.plesk.page\/de\/wp-json\/wp\/v2\/product\/5736906","targetHints":{"allow":["GET"]}}],"collection":[{"href":"https:\/\/stoic-curie.212-227-153-4.plesk.page\/de\/wp-json\/wp\/v2\/product"}],"about":[{"href":"https:\/\/stoic-curie.212-227-153-4.plesk.page\/de\/wp-json\/wp\/v2\/types\/product"}],"replies":[{"embeddable":true,"href":"https:\/\/stoic-curie.212-227-153-4.plesk.page\/de\/wp-json\/wp\/v2\/comments?post=5736906"}],"version-history":[{"count":0,"href":"https:\/\/stoic-curie.212-227-153-4.plesk.page\/de\/wp-json\/wp\/v2\/product\/5736906\/revisions"}],"wp:featuredmedia":[{"embeddable":true,"href":"https:\/\/stoic-curie.212-227-153-4.plesk.page\/de\/wp-json\/wp\/v2\/media\/5735996"}],"wp:attachment":[{"href":"https:\/\/stoic-curie.212-227-153-4.plesk.page\/de\/wp-json\/wp\/v2\/media?parent=5736906"}],"wp:term":[{"taxonomy":"product_brand","embeddable":true,"href":"https:\/\/stoic-curie.212-227-153-4.plesk.page\/de\/wp-json\/wp\/v2\/product_brand?post=5736906"},{"taxonomy":"product_cat","embeddable":true,"href":"https:\/\/stoic-curie.212-227-153-4.plesk.page\/de\/wp-json\/wp\/v2\/product_cat?post=5736906"},{"taxonomy":"product_tag","embeddable":true,"href":"https:\/\/stoic-curie.212-227-153-4.plesk.page\/de\/wp-json\/wp\/v2\/product_tag?post=5736906"}],"curies":[{"name":"wp","href":"https:\/\/api.w.org\/{rel}","templated":true}]}}