{"id":5736907,"date":"2026-02-05T10:59:49","date_gmt":"2026-02-05T09:59:49","guid":{"rendered":"https:\/\/stoic-curie.212-227-153-4.plesk.page\/product\/wasserpumpen-und-antriebseinheit-reparaturset-fuer-yamaha-aussenbordmotoren-original-61a-w0078-01-motor-150-300\/"},"modified":"2026-02-24T23:36:15","modified_gmt":"2026-02-24T23:36:15","slug":"wasserpumpen-und-antriebseinheit-reparaturset-fuer-yamaha-aussenbordmotoren-original-61a-w0078-01-motor-150-300","status":"publish","type":"product","link":"https:\/\/stoic-curie.212-227-153-4.plesk.page\/de\/product\/wasserpumpen-und-antriebseinheit-reparaturset-fuer-yamaha-aussenbordmotoren-original-61a-w0078-01-motor-150-300\/","title":{"rendered":"Wasserpumpen- und Antriebseinheit Reparaturset f\u00fcr Yamaha Au\u00dfenbordmotoren &#8211; Original 61A-W0078-01 (Motor 150\/300)"},"content":{"rendered":"<p>Wasserpumpen- und Antriebseinheit Reparaturset f\u00fcr Yamaha Au\u00dfenbordmotoren &#8211; Original 61A-W0078-01 (Motor 150\/300) &#8211; Dieses originale Wasserpumpen- und Antriebseinheit Reparaturset wurde speziell f\u00fcr Yamaha Au\u00dfenbordmotoren entwickelt und sorgt f\u00fcr zuverl\u00e4ssige Leistung bei Modellen von 150 bis 300 PS.<\/p>\n","protected":false},"excerpt":{"rendered":"<p>Wasserpumpen- und Antriebseinheit Reparaturset f\u00fcr Yamaha Au\u00dfenbordmotoren &#8211; Original 61A-W0078-01 (Motor 150\/300) &#8211; Dieses originale Wasserpumpen- und Antriebseinheit Reparaturset wurde<\/p>\n","protected":false},"featured_media":5735996,"comment_status":"open","ping_status":"closed","template":"","meta":[],"product_brand":[3390],"product_cat":[1544],"product_tag":[],"class_list":{"0":"post-5736907","1":"product","2":"type-product","3":"status-publish","4":"has-post-thumbnail","6":"product_brand-sierra-marine-de","7":"product_cat-marine-ersatzteile-fuer-yamaha","9":"first","10":"instock","11":"shipping-taxable","12":"purchasable","13":"product-type-simple"},"_links":{"self":[{"href":"https:\/\/stoic-curie.212-227-153-4.plesk.page\/de\/wp-json\/wp\/v2\/product\/5736907","targetHints":{"allow":["GET"]}}],"collection":[{"href":"https:\/\/stoic-curie.212-227-153-4.plesk.page\/de\/wp-json\/wp\/v2\/product"}],"about":[{"href":"https:\/\/stoic-curie.212-227-153-4.plesk.page\/de\/wp-json\/wp\/v2\/types\/product"}],"replies":[{"embeddable":true,"href":"https:\/\/stoic-curie.212-227-153-4.plesk.page\/de\/wp-json\/wp\/v2\/comments?post=5736907"}],"version-history":[{"count":0,"href":"https:\/\/stoic-curie.212-227-153-4.plesk.page\/de\/wp-json\/wp\/v2\/product\/5736907\/revisions"}],"wp:featuredmedia":[{"embeddable":true,"href":"https:\/\/stoic-curie.212-227-153-4.plesk.page\/de\/wp-json\/wp\/v2\/media\/5735996"}],"wp:attachment":[{"href":"https:\/\/stoic-curie.212-227-153-4.plesk.page\/de\/wp-json\/wp\/v2\/media?parent=5736907"}],"wp:term":[{"taxonomy":"product_brand","embeddable":true,"href":"https:\/\/stoic-curie.212-227-153-4.plesk.page\/de\/wp-json\/wp\/v2\/product_brand?post=5736907"},{"taxonomy":"product_cat","embeddable":true,"href":"https:\/\/stoic-curie.212-227-153-4.plesk.page\/de\/wp-json\/wp\/v2\/product_cat?post=5736907"},{"taxonomy":"product_tag","embeddable":true,"href":"https:\/\/stoic-curie.212-227-153-4.plesk.page\/de\/wp-json\/wp\/v2\/product_tag?post=5736907"}],"curies":[{"name":"wp","href":"https:\/\/api.w.org\/{rel}","templated":true}]}}