{"id":5736912,"date":"2026-02-05T10:59:54","date_gmt":"2026-02-05T09:59:54","guid":{"rendered":"https:\/\/stoic-curie.212-227-153-4.plesk.page\/product\/hydrocarbon-absorptionssack\/"},"modified":"2026-02-24T23:36:15","modified_gmt":"2026-02-24T23:36:15","slug":"hydrocarbon-absorptionssack","status":"publish","type":"product","link":"https:\/\/stoic-curie.212-227-153-4.plesk.page\/de\/product\/hydrocarbon-absorptionssack\/","title":{"rendered":"Hydrocarbon-Absorptionssack"},"content":{"rendered":"<p>Hydrocarbon-Absorptionssack &#8211; <\/p>\n<p>Einweg-Schwimmabsorptionssack aus speziellem Material, der \u00d6l und Kohlenwasserstoffe, jedoch kein Wasser absorbiert. Ideal zum Eind\u00e4mmen und Absorbieren von Versch\u00fcttungen auf See und zum Abseilen von Bereichen, die von Leckagen betroffen sind.<\/p>\n","protected":false},"excerpt":{"rendered":"<p>Hydrocarbon-Absorptionssack &#8211; Einweg-Schwimmabsorptionssack aus speziellem Material, der \u00d6l und Kohlenwasserstoffe, jedoch kein Wasser absorbiert. Ideal zum Eind\u00e4mmen und Absorbieren von<\/p>\n","protected":false},"featured_media":5736113,"comment_status":"open","ping_status":"closed","template":"","meta":[],"product_brand":[3205],"product_cat":[1343],"product_tag":[],"class_list":{"0":"post-5736912","1":"product","2":"type-product","3":"status-publish","4":"has-post-thumbnail","6":"product_brand-nova-argonautica-de","7":"product_cat-oel-und-kraftstoffabsorber","9":"first","10":"instock","11":"shipping-taxable","12":"purchasable","13":"product-type-simple"},"_links":{"self":[{"href":"https:\/\/stoic-curie.212-227-153-4.plesk.page\/de\/wp-json\/wp\/v2\/product\/5736912","targetHints":{"allow":["GET"]}}],"collection":[{"href":"https:\/\/stoic-curie.212-227-153-4.plesk.page\/de\/wp-json\/wp\/v2\/product"}],"about":[{"href":"https:\/\/stoic-curie.212-227-153-4.plesk.page\/de\/wp-json\/wp\/v2\/types\/product"}],"replies":[{"embeddable":true,"href":"https:\/\/stoic-curie.212-227-153-4.plesk.page\/de\/wp-json\/wp\/v2\/comments?post=5736912"}],"version-history":[{"count":0,"href":"https:\/\/stoic-curie.212-227-153-4.plesk.page\/de\/wp-json\/wp\/v2\/product\/5736912\/revisions"}],"wp:featuredmedia":[{"embeddable":true,"href":"https:\/\/stoic-curie.212-227-153-4.plesk.page\/de\/wp-json\/wp\/v2\/media\/5736113"}],"wp:attachment":[{"href":"https:\/\/stoic-curie.212-227-153-4.plesk.page\/de\/wp-json\/wp\/v2\/media?parent=5736912"}],"wp:term":[{"taxonomy":"product_brand","embeddable":true,"href":"https:\/\/stoic-curie.212-227-153-4.plesk.page\/de\/wp-json\/wp\/v2\/product_brand?post=5736912"},{"taxonomy":"product_cat","embeddable":true,"href":"https:\/\/stoic-curie.212-227-153-4.plesk.page\/de\/wp-json\/wp\/v2\/product_cat?post=5736912"},{"taxonomy":"product_tag","embeddable":true,"href":"https:\/\/stoic-curie.212-227-153-4.plesk.page\/de\/wp-json\/wp\/v2\/product_tag?post=5736912"}],"curies":[{"name":"wp","href":"https:\/\/api.w.org\/{rel}","templated":true}]}}