{"id":5755283,"date":"2026-02-12T13:26:04","date_gmt":"2026-02-12T12:26:04","guid":{"rendered":"https:\/\/stoic-curie.212-227-153-4.plesk.page\/product\/parker-edelstahl-kuechenherd-dim-580-x-300-x-h120-mm\/"},"modified":"2026-02-24T23:35:28","modified_gmt":"2026-02-24T23:35:28","slug":"parker-edelstahl-kuechenherd-dim-580-x-300-x-h120-mm","status":"publish","type":"product","link":"https:\/\/stoic-curie.212-227-153-4.plesk.page\/de\/product\/parker-edelstahl-kuechenherd-dim-580-x-300-x-h120-mm\/","title":{"rendered":"Parker Edelstahl K\u00fcchenherd DIM 580 x 300 x H120 mm"},"content":{"rendered":"<p>Parker Edelstahl K\u00fcchenherd DIM 580 x 300 x H120 mm &#8211; <\/p>\n<p>Dieser K\u00fcchenherd verf\u00fcgt \u00fcber einen Deckel und eine langlebige Edelstahloberfl\u00e4che. Er ist mit Sicherheitsthermo-kopplern, Pyral-Legierungsbrennern, gepressten Messingflammenverteilern und einer durchgehenden, verchromten Stahlpfannenunterst\u00fctzung ausgestattet. Die Brennerleistung betr\u00e4gt 1500\/2000W.<\/p>\n","protected":false},"excerpt":{"rendered":"<p>Parker Edelstahl K\u00fcchenherd DIM 580 x 300 x H120 mm &#8211; Dieser K\u00fcchenherd verf\u00fcgt \u00fcber einen Deckel und eine langlebige<\/p>\n","protected":false},"featured_media":5752182,"comment_status":"open","ping_status":"closed","template":"","meta":[],"product_brand":[3205],"product_cat":[1354],"product_tag":[],"class_list":{"0":"post-5755283","1":"product","2":"type-product","3":"status-publish","4":"has-post-thumbnail","6":"product_brand-nova-argonautica-de","7":"product_cat-bootskocher","9":"first","10":"instock","11":"shipping-taxable","12":"purchasable","13":"product-type-simple"},"_links":{"self":[{"href":"https:\/\/stoic-curie.212-227-153-4.plesk.page\/de\/wp-json\/wp\/v2\/product\/5755283","targetHints":{"allow":["GET"]}}],"collection":[{"href":"https:\/\/stoic-curie.212-227-153-4.plesk.page\/de\/wp-json\/wp\/v2\/product"}],"about":[{"href":"https:\/\/stoic-curie.212-227-153-4.plesk.page\/de\/wp-json\/wp\/v2\/types\/product"}],"replies":[{"embeddable":true,"href":"https:\/\/stoic-curie.212-227-153-4.plesk.page\/de\/wp-json\/wp\/v2\/comments?post=5755283"}],"version-history":[{"count":0,"href":"https:\/\/stoic-curie.212-227-153-4.plesk.page\/de\/wp-json\/wp\/v2\/product\/5755283\/revisions"}],"wp:featuredmedia":[{"embeddable":true,"href":"https:\/\/stoic-curie.212-227-153-4.plesk.page\/de\/wp-json\/wp\/v2\/media\/5752182"}],"wp:attachment":[{"href":"https:\/\/stoic-curie.212-227-153-4.plesk.page\/de\/wp-json\/wp\/v2\/media?parent=5755283"}],"wp:term":[{"taxonomy":"product_brand","embeddable":true,"href":"https:\/\/stoic-curie.212-227-153-4.plesk.page\/de\/wp-json\/wp\/v2\/product_brand?post=5755283"},{"taxonomy":"product_cat","embeddable":true,"href":"https:\/\/stoic-curie.212-227-153-4.plesk.page\/de\/wp-json\/wp\/v2\/product_cat?post=5755283"},{"taxonomy":"product_tag","embeddable":true,"href":"https:\/\/stoic-curie.212-227-153-4.plesk.page\/de\/wp-json\/wp\/v2\/product_tag?post=5755283"}],"curies":[{"name":"wp","href":"https:\/\/api.w.org\/{rel}","templated":true}]}}