{"id":5755284,"date":"2026-02-12T13:26:04","date_gmt":"2026-02-12T12:26:04","guid":{"rendered":"https:\/\/stoic-curie.212-227-153-4.plesk.page\/product\/parker-schwarzes-kochfeld-450-x-360-x-h150-mm\/"},"modified":"2026-02-24T23:35:28","modified_gmt":"2026-02-24T23:35:28","slug":"parker-schwarzes-kochfeld-450-x-360-x-h150-mm","status":"publish","type":"product","link":"https:\/\/stoic-curie.212-227-153-4.plesk.page\/de\/product\/parker-schwarzes-kochfeld-450-x-360-x-h150-mm\/","title":{"rendered":"Parker Schwarzes Kochfeld 450 x 360 x H150 mm"},"content":{"rendered":"<p>Parker Schwarzes Kochfeld 450 x 360 x H150 mm &#8211; <\/p>\n<p>Dieses Kochfeld verf\u00fcgt \u00fcber einen Deckel und eine abnehmbare Edelstahloberfl\u00e4che f\u00fcr eine einfache und schnelle Reinigung. Ausgestattet mit Sicherheitsthermoelementen, Pyral-Legierungsbrennern und schwarz emaillierten Flammenverteilern mit Grillfunktion. Brennerleistung: 1500\/2500W.<\/p>\n","protected":false},"excerpt":{"rendered":"<p>Parker Schwarzes Kochfeld 450 x 360 x H150 mm &#8211; Dieses Kochfeld verf\u00fcgt \u00fcber einen Deckel und eine abnehmbare Edelstahloberfl\u00e4che<\/p>\n","protected":false},"featured_media":5752184,"comment_status":"open","ping_status":"closed","template":"","meta":[],"product_brand":[3205],"product_cat":[1354],"product_tag":[],"class_list":{"0":"post-5755284","1":"product","2":"type-product","3":"status-publish","4":"has-post-thumbnail","6":"product_brand-nova-argonautica-de","7":"product_cat-bootskocher","9":"first","10":"instock","11":"shipping-taxable","12":"purchasable","13":"product-type-simple"},"_links":{"self":[{"href":"https:\/\/stoic-curie.212-227-153-4.plesk.page\/de\/wp-json\/wp\/v2\/product\/5755284","targetHints":{"allow":["GET"]}}],"collection":[{"href":"https:\/\/stoic-curie.212-227-153-4.plesk.page\/de\/wp-json\/wp\/v2\/product"}],"about":[{"href":"https:\/\/stoic-curie.212-227-153-4.plesk.page\/de\/wp-json\/wp\/v2\/types\/product"}],"replies":[{"embeddable":true,"href":"https:\/\/stoic-curie.212-227-153-4.plesk.page\/de\/wp-json\/wp\/v2\/comments?post=5755284"}],"version-history":[{"count":0,"href":"https:\/\/stoic-curie.212-227-153-4.plesk.page\/de\/wp-json\/wp\/v2\/product\/5755284\/revisions"}],"wp:featuredmedia":[{"embeddable":true,"href":"https:\/\/stoic-curie.212-227-153-4.plesk.page\/de\/wp-json\/wp\/v2\/media\/5752184"}],"wp:attachment":[{"href":"https:\/\/stoic-curie.212-227-153-4.plesk.page\/de\/wp-json\/wp\/v2\/media?parent=5755284"}],"wp:term":[{"taxonomy":"product_brand","embeddable":true,"href":"https:\/\/stoic-curie.212-227-153-4.plesk.page\/de\/wp-json\/wp\/v2\/product_brand?post=5755284"},{"taxonomy":"product_cat","embeddable":true,"href":"https:\/\/stoic-curie.212-227-153-4.plesk.page\/de\/wp-json\/wp\/v2\/product_cat?post=5755284"},{"taxonomy":"product_tag","embeddable":true,"href":"https:\/\/stoic-curie.212-227-153-4.plesk.page\/de\/wp-json\/wp\/v2\/product_tag?post=5755284"}],"curies":[{"name":"wp","href":"https:\/\/api.w.org\/{rel}","templated":true}]}}