{"id":5755286,"date":"2026-02-12T13:26:06","date_gmt":"2026-02-12T12:26:06","guid":{"rendered":"https:\/\/stoic-curie.212-227-153-4.plesk.page\/product\/jabsco-wasseranschlussbox\/"},"modified":"2026-02-24T23:35:28","modified_gmt":"2026-02-24T23:35:28","slug":"jabsco-wasseranschlussbox","status":"publish","type":"product","link":"https:\/\/stoic-curie.212-227-153-4.plesk.page\/de\/product\/jabsco-wasseranschlussbox\/","title":{"rendered":"Jabsco Wasseranschlussbox"},"content":{"rendered":"<p>Jabsco Wasseranschlussbox &#8211; <\/p>\n<p>Diese eingelassene Wasseranschlussbox besteht aus schlagfestem Kunststoff und ist in einer eleganten wei\u00dfen oder verchromten Ausf\u00fchrung erh\u00e4ltlich. Sie verf\u00fcgt \u00fcber einen 3-Bar-Druckminderer, der Ihre Bordinstallationen beim Anschlie\u00dfen an die Wasserquelle am Ufer sch\u00fctzt. Der Eingang ist mit einem 3\/4&#8243; Au\u00dfengewinde ausgestattet, und der Ausgang hat eine 12 mm Schlauchanschluss.<\/p>\n","protected":false},"excerpt":{"rendered":"<p>Jabsco Wasseranschlussbox &#8211; Diese eingelassene Wasseranschlussbox besteht aus schlagfestem Kunststoff und ist in einer eleganten wei\u00dfen oder verchromten Ausf\u00fchrung erh\u00e4ltlich.<\/p>\n","protected":false},"featured_media":5752194,"comment_status":"open","ping_status":"closed","template":"","meta":[],"product_brand":[3030],"product_cat":[1361,1373],"product_tag":[],"class_list":{"0":"post-5755286","1":"product","2":"type-product","3":"status-publish","4":"has-post-thumbnail","6":"product_brand-jabsco-marine-de","7":"product_cat-bootsreinigungspumpen","8":"product_cat-wasserdruckpumpen","10":"first","11":"instock","12":"shipping-taxable","13":"purchasable","14":"product-type-simple"},"_links":{"self":[{"href":"https:\/\/stoic-curie.212-227-153-4.plesk.page\/de\/wp-json\/wp\/v2\/product\/5755286","targetHints":{"allow":["GET"]}}],"collection":[{"href":"https:\/\/stoic-curie.212-227-153-4.plesk.page\/de\/wp-json\/wp\/v2\/product"}],"about":[{"href":"https:\/\/stoic-curie.212-227-153-4.plesk.page\/de\/wp-json\/wp\/v2\/types\/product"}],"replies":[{"embeddable":true,"href":"https:\/\/stoic-curie.212-227-153-4.plesk.page\/de\/wp-json\/wp\/v2\/comments?post=5755286"}],"version-history":[{"count":0,"href":"https:\/\/stoic-curie.212-227-153-4.plesk.page\/de\/wp-json\/wp\/v2\/product\/5755286\/revisions"}],"wp:featuredmedia":[{"embeddable":true,"href":"https:\/\/stoic-curie.212-227-153-4.plesk.page\/de\/wp-json\/wp\/v2\/media\/5752194"}],"wp:attachment":[{"href":"https:\/\/stoic-curie.212-227-153-4.plesk.page\/de\/wp-json\/wp\/v2\/media?parent=5755286"}],"wp:term":[{"taxonomy":"product_brand","embeddable":true,"href":"https:\/\/stoic-curie.212-227-153-4.plesk.page\/de\/wp-json\/wp\/v2\/product_brand?post=5755286"},{"taxonomy":"product_cat","embeddable":true,"href":"https:\/\/stoic-curie.212-227-153-4.plesk.page\/de\/wp-json\/wp\/v2\/product_cat?post=5755286"},{"taxonomy":"product_tag","embeddable":true,"href":"https:\/\/stoic-curie.212-227-153-4.plesk.page\/de\/wp-json\/wp\/v2\/product_tag?post=5755286"}],"curies":[{"name":"wp","href":"https:\/\/api.w.org\/{rel}","templated":true}]}}